{"id":509354,"date":"2024-12-30T17:27:06","date_gmt":"2024-12-30T16:27:06","guid":{"rendered":"https:\/\/www.beetasty.be\/boutique-du-producteur\/niet-gecategoriseerd\/509354\/"},"modified":"2025-12-22T17:52:39","modified_gmt":"2025-12-22T16:52:39","slug":"509354","status":"publish","type":"product","link":"https:\/\/www.beetasty.be\/nl\/imkerwinkeltje\/buddy-honing\/509354\/","title":{"rendered":"Bloemenhoning &#8211; Frankrijk"},"content":{"rendered":"<p>Voor onze reeks &#8220;<a href=\"https:\/\/www.beetasty.be\/nl\/product-categorie\/buddy-honing\/\">Miel des copains<\/a>&#8221; zijn we deze bloemenhoning gaan halen op het \u00cele de R\u00e9.<\/p>\n<p>Aldo en zijn broers beheren 1.000 bijenkasten op het eiland en vlakbij op het vasteland.<br \/>\nAls je naar het eiland gaat, kom je hun honing in heel wat winkels tegen.<br \/>\nZe hebben een prachtig verkooppunt en leveren echt mooi werk.<\/p>\n<p>Ik heb deze bloemenhoning met een heel interessant aroma voor je meegebracht! Er zit zonnebloem in \u2013 dat zie je meteen aan de kleur \u2013 en in de afdronk proef je ook wat kastanje.<br \/>\nDaardoor is het een vrij aromatische honing zonder te sterk te zijn. Heel aangenaam in de mond.<\/p>\n<p>Prijs per kilo : 28,8 \u20ac<\/p>\n","protected":false},"excerpt":{"rendered":"<p>L\u2019Abeille de R\u00e9, een imkerij op het \u00cele de R\u00e9, levert ons deze uitstekende bloemenhoning.<\/p>\n","protected":false},"featured_media":510769,"comment_status":"open","ping_status":"closed","template":"","meta":{"_acf_changed":false,"_et_pb_use_builder":"","_et_pb_old_content":"","_et_gb_content_width":""},"product_brand":[],"product_cat":[600],"product_tag":[],"class_list":{"0":"post-509354","1":"product","2":"type-product","3":"status-publish","4":"has-post-thumbnail","6":"product_cat-buddy-honing","7":"pa_poids-250-g-2","9":"first","10":"instock","11":"taxable","12":"shipping-taxable","13":"purchasable","14":"product-type-simple"},"acf":[],"_links":{"self":[{"href":"https:\/\/www.beetasty.be\/nl\/wp-json\/wp\/v2\/product\/509354","targetHints":{"allow":["GET"]}}],"collection":[{"href":"https:\/\/www.beetasty.be\/nl\/wp-json\/wp\/v2\/product"}],"about":[{"href":"https:\/\/www.beetasty.be\/nl\/wp-json\/wp\/v2\/types\/product"}],"replies":[{"embeddable":true,"href":"https:\/\/www.beetasty.be\/nl\/wp-json\/wp\/v2\/comments?post=509354"}],"wp:featuredmedia":[{"embeddable":true,"href":"https:\/\/www.beetasty.be\/nl\/wp-json\/wp\/v2\/media\/510769"}],"wp:attachment":[{"href":"https:\/\/www.beetasty.be\/nl\/wp-json\/wp\/v2\/media?parent=509354"}],"wp:term":[{"taxonomy":"product_brand","embeddable":true,"href":"https:\/\/www.beetasty.be\/nl\/wp-json\/wp\/v2\/product_brand?post=509354"},{"taxonomy":"product_cat","embeddable":true,"href":"https:\/\/www.beetasty.be\/nl\/wp-json\/wp\/v2\/product_cat?post=509354"},{"taxonomy":"product_tag","embeddable":true,"href":"https:\/\/www.beetasty.be\/nl\/wp-json\/wp\/v2\/product_tag?post=509354"}],"curies":[{"name":"wp","href":"https:\/\/api.w.org\/{rel}","templated":true}]}}