{"id":507592,"date":"2023-12-25T16:36:22","date_gmt":"2023-12-25T15:36:22","guid":{"rendered":"https:\/\/www.beetasty.be\/?post_type=product&#038;p=507592"},"modified":"2025-02-03T21:19:50","modified_gmt":"2025-02-03T20:19:50","slug":"pack-duo-de-chocomiel","status":"publish","type":"product","link":"https:\/\/www.beetasty.be\/nl\/imkerwinkeltje\/pakketvoordeel\/pack-duo-de-chocomiel\/","title":{"rendered":"Pack duo de chocomiel"},"content":{"rendered":"<p>Dans ce pack, un pot de chocomiel au chocolat noir et un autre au chocolat au lait.<\/p>\n<p>Notre chocomiel est fait \u00e0 base de chocolat, miel, p\u00e2te de noisette et huile v\u00e9g\u00e9tale (PAS d&#8217;huile de palme !)<\/p>\n","protected":false},"excerpt":{"rendered":"<p>Deux pots de notre chocomiel artisanal<\/p>\n","protected":false},"featured_media":500325,"comment_status":"open","ping_status":"closed","template":"","meta":{"_acf_changed":false,"_et_pb_use_builder":"","_et_pb_old_content":"","_et_gb_content_width":""},"product_brand":[],"product_cat":[521],"product_tag":[],"class_list":{"0":"post-507592","1":"product","2":"type-product","3":"status-publish","4":"has-post-thumbnail","6":"product_cat-pakketvoordeel","8":"first","9":"instock","10":"sale","11":"taxable","12":"shipping-taxable","13":"purchasable","14":"product-type-simple"},"acf":[],"_links":{"self":[{"href":"https:\/\/www.beetasty.be\/nl\/wp-json\/wp\/v2\/product\/507592","targetHints":{"allow":["GET"]}}],"collection":[{"href":"https:\/\/www.beetasty.be\/nl\/wp-json\/wp\/v2\/product"}],"about":[{"href":"https:\/\/www.beetasty.be\/nl\/wp-json\/wp\/v2\/types\/product"}],"replies":[{"embeddable":true,"href":"https:\/\/www.beetasty.be\/nl\/wp-json\/wp\/v2\/comments?post=507592"}],"wp:featuredmedia":[{"embeddable":true,"href":"https:\/\/www.beetasty.be\/nl\/wp-json\/wp\/v2\/media\/500325"}],"wp:attachment":[{"href":"https:\/\/www.beetasty.be\/nl\/wp-json\/wp\/v2\/media?parent=507592"}],"wp:term":[{"taxonomy":"product_brand","embeddable":true,"href":"https:\/\/www.beetasty.be\/nl\/wp-json\/wp\/v2\/product_brand?post=507592"},{"taxonomy":"product_cat","embeddable":true,"href":"https:\/\/www.beetasty.be\/nl\/wp-json\/wp\/v2\/product_cat?post=507592"},{"taxonomy":"product_tag","embeddable":true,"href":"https:\/\/www.beetasty.be\/nl\/wp-json\/wp\/v2\/product_tag?post=507592"}],"curies":[{"name":"wp","href":"https:\/\/api.w.org\/{rel}","templated":true}]}}