{"id":506725,"date":"2022-12-24T13:07:07","date_gmt":"2022-12-24T12:07:07","guid":{"rendered":"https:\/\/www.beetasty.be\/?post_type=product&#038;p=506725"},"modified":"2025-08-24T12:25:12","modified_gmt":"2025-08-24T10:25:12","slug":"vinaigre-de-miel-2","status":"publish","type":"product","link":"https:\/\/www.beetasty.be\/nl\/imkerwinkeltje\/voedingswaren-met-honing\/vinaigre-de-miel-2\/","title":{"rendered":"Vinaigre de miel"},"content":{"rendered":"<p>Le miel dilu\u00e9 dans l&#8217;eau et mis \u00e0 fermenter donne de l&#8217;hydromel.<br \/>\nSi cet hydromel est remis \u00e0 fermenter, il devient du vinaigre de miel, ou vinaigre d&#8217;hydromel.<\/p>\n<p>A utiliser comme un vinaigre habituel. Son go\u00fbt est un peu plus doux.<br \/>\nFabriqu\u00e9 \u00e0 la ferme avec notre miel. Un l\u00e9ger d\u00e9p\u00f4t peut apparaitre, c&#8217;est tout \u00e0 fait normal et naturel.<\/p>\n<p>Bouteille de 0,37 l<\/p>\n<p>Prix par kilo : 10,4 \u20ac<\/p>\n","protected":false},"excerpt":{"rendered":"<p>Vinaigre de miel aromatis\u00e9 au thym<\/p>\n","protected":false},"featured_media":506726,"comment_status":"open","ping_status":"closed","template":"","meta":{"_acf_changed":false,"_et_pb_use_builder":"","_et_pb_old_content":"","_et_gb_content_width":""},"product_brand":[],"product_cat":[47],"product_tag":[157,149,56,63,156],"class_list":{"0":"post-506725","1":"product","2":"type-product","3":"status-publish","4":"has-post-thumbnail","6":"product_cat-epicerie","7":"product_tag-bouteille","8":"product_tag-hydromel","9":"product_tag-miel","10":"product_tag-nature","11":"product_tag-vinaigre","13":"first","14":"instock","15":"taxable","16":"shipping-taxable","17":"purchasable","18":"product-type-simple"},"acf":[],"_links":{"self":[{"href":"https:\/\/www.beetasty.be\/nl\/wp-json\/wp\/v2\/product\/506725","targetHints":{"allow":["GET"]}}],"collection":[{"href":"https:\/\/www.beetasty.be\/nl\/wp-json\/wp\/v2\/product"}],"about":[{"href":"https:\/\/www.beetasty.be\/nl\/wp-json\/wp\/v2\/types\/product"}],"replies":[{"embeddable":true,"href":"https:\/\/www.beetasty.be\/nl\/wp-json\/wp\/v2\/comments?post=506725"}],"wp:featuredmedia":[{"embeddable":true,"href":"https:\/\/www.beetasty.be\/nl\/wp-json\/wp\/v2\/media\/506726"}],"wp:attachment":[{"href":"https:\/\/www.beetasty.be\/nl\/wp-json\/wp\/v2\/media?parent=506725"}],"wp:term":[{"taxonomy":"product_brand","embeddable":true,"href":"https:\/\/www.beetasty.be\/nl\/wp-json\/wp\/v2\/product_brand?post=506725"},{"taxonomy":"product_cat","embeddable":true,"href":"https:\/\/www.beetasty.be\/nl\/wp-json\/wp\/v2\/product_cat?post=506725"},{"taxonomy":"product_tag","embeddable":true,"href":"https:\/\/www.beetasty.be\/nl\/wp-json\/wp\/v2\/product_tag?post=506725"}],"curies":[{"name":"wp","href":"https:\/\/api.w.org\/{rel}","templated":true}]}}