{"id":504049,"date":"2020-10-18T17:58:17","date_gmt":"2020-10-18T15:58:17","guid":{"rendered":"https:\/\/www.beetasty.be\/?post_type=product&#038;p=504049"},"modified":"2025-12-29T23:39:10","modified_gmt":"2025-12-29T22:39:10","slug":"imkerhoning-rosee","status":"publish","type":"product","link":"https:\/\/www.beetasty.be\/nl\/imkerwinkeltje\/imker-honing-uit-belgie\/imkerhoning-rosee\/","title":{"rendered":"Imkerhoning uit Ros\u00e9e (Florenne)"},"content":{"rendered":"<p>[et_pb_section fb_built=&#8221;1&#8243; _builder_version=&#8221;4.16&#8243; custom_padding=&#8221;0px||||false|false&#8221; global_colors_info=&#8221;{}&#8221;][et_pb_row _builder_version=&#8221;4.16&#8243; background_size=&#8221;initial&#8221; background_position=&#8221;top_left&#8221; background_repeat=&#8221;repeat&#8221; width=&#8221;100%&#8221; custom_padding=&#8221;0px||0px||false|false&#8221; global_colors_info=&#8221;{}&#8221;][et_pb_column type=&#8221;4_4&#8243; _builder_version=&#8221;4.16&#8243; custom_padding=&#8221;|||&#8221; global_colors_info=&#8221;{}&#8221; custom_padding__hover=&#8221;|||&#8221;][et_pb_wc_breadcrumb _builder_version=&#8221;4.16&#8243; global_colors_info=&#8221;{}&#8221;][\/et_pb_wc_breadcrumb][et_pb_wc_cart_notice _builder_version=&#8221;4.16&#8243; global_colors_info=&#8221;{}&#8221;][\/et_pb_wc_cart_notice][\/et_pb_column][\/et_pb_row][\/et_pb_section][et_pb_section fb_built=&#8221;1&#8243; _builder_version=&#8221;4.16&#8243; background_image=&#8221;https:\/\/www.beetasty.be\/wp-content\/uploads\/2020\/01\/somme-leuze.jpg&#8221; background_position=&#8221;top_center&#8221; height=&#8221;300px&#8221; collapsed=&#8221;off&#8221; global_colors_info=&#8221;{}&#8221;][\/et_pb_section][et_pb_section fb_built=&#8221;1&#8243; _builder_version=&#8221;4.16&#8243; background_enable_image=&#8221;off&#8221; global_colors_info=&#8221;{}&#8221;][et_pb_row column_structure=&#8221;1_2,1_2&#8243; _builder_version=&#8221;4.16&#8243; background_size=&#8221;initial&#8221; background_position=&#8221;top_left&#8221; background_repeat=&#8221;repeat&#8221; width=&#8221;100%&#8221; custom_padding=&#8221;0px||||false|false&#8221; collapsed=&#8221;off&#8221; global_colors_info=&#8221;{}&#8221;][et_pb_column type=&#8221;1_2&#8243; _builder_version=&#8221;4.16&#8243; custom_padding=&#8221;|||&#8221; global_colors_info=&#8221;{}&#8221; custom_padding__hover=&#8221;|||&#8221;][et_pb_wc_images _builder_version=&#8221;4.16&#8243; global_colors_info=&#8221;{}&#8221;][\/et_pb_wc_images][\/et_pb_column][et_pb_column type=&#8221;1_2&#8243; _builder_version=&#8221;4.16&#8243; custom_padding=&#8221;|||&#8221; global_colors_info=&#8221;{}&#8221; custom_padding__hover=&#8221;|||&#8221;][et_pb_wc_title _builder_version=&#8221;4.16&#8243; global_colors_info=&#8221;{}&#8221;][\/et_pb_wc_title][et_pb_wc_rating _builder_version=&#8221;4.16&#8243; global_colors_info=&#8221;{}&#8221;][\/et_pb_wc_rating][et_pb_wc_price _builder_version=&#8221;4.16&#8243; global_colors_info=&#8221;{}&#8221;][\/et_pb_wc_price][et_pb_wc_description _builder_version=&#8221;4.16&#8243; global_colors_info=&#8221;{}&#8221;][\/et_pb_wc_description][et_pb_wc_add_to_cart _builder_version=&#8221;4.16&#8243; global_colors_info=&#8221;{}&#8221;][\/et_pb_wc_add_to_cart][et_pb_wc_meta _builder_version=&#8221;4.16&#8243; global_colors_info=&#8221;{}&#8221;][\/et_pb_wc_meta][\/et_pb_column][\/et_pb_row][et_pb_row _builder_version=&#8221;4.16&#8243; background_size=&#8221;initial&#8221; background_position=&#8221;top_left&#8221; background_repeat=&#8221;repeat&#8221; width=&#8221;100%&#8221; collapsed=&#8221;off&#8221; global_colors_info=&#8221;{}&#8221;][et_pb_column type=&#8221;4_4&#8243; _builder_version=&#8221;4.16&#8243; custom_padding=&#8221;|||&#8221; global_colors_info=&#8221;{}&#8221; custom_padding__hover=&#8221;|||&#8221;][et_pb_wc_tabs include_tabs=&#8221;description||reviews&#8221; _builder_version=&#8221;4.16&#8243; global_colors_info=&#8221;{}&#8221;] [\/et_pb_wc_tabs][et_pb_wc_additional_info _builder_version=&#8221;4.16&#8243; global_colors_info=&#8221;{}&#8221;][\/et_pb_wc_additional_info][et_pb_map address=&#8221;5620 Ros\u00e9e, Belgique&#8221; zoom_level=&#8221;10&#8243; address_lat=&#8221;50.23307&#8243; address_lng=&#8221;4.68959&#8243; _builder_version=&#8221;4.16&#8243; global_colors_info=&#8221;{}&#8221;][et_pb_map_pin title=&#8221;Rucher de Ros\u00e9e&#8221; pin_address=&#8221;Route Charlemagne 28, 5620 Florennes, Belgique&#8221; zoom_level=&#8221;15&#8243; pin_address_lat=&#8221;50.232356255834&#8243; pin_address_lng=&#8221;4.6794190634155&#8243; _builder_version=&#8221;4.5.3&#8243; global_colors_info=&#8221;{}&#8221;]Pour la s\u00e9curit\u00e9 des abeilles je n&#8217;indique pas la positions pr\u00e9cise du rucher.<br \/>\n[\/et_pb_map_pin][\/et_pb_map][et_pb_wc_upsells _builder_version=&#8221;4.16&#8243; global_colors_info=&#8221;{}&#8221;][\/et_pb_wc_upsells][et_pb_wc_related_products posts_number=&#8221;4&#8243; columns_number=&#8221;4&#8243; _builder_version=&#8221;4.16&#8243; global_colors_info=&#8221;{}&#8221;][\/et_pb_wc_related_products][\/et_pb_column][\/et_pb_row][\/et_pb_section]<\/p>\n","protected":false},"excerpt":{"rendered":"<p>Botanische oorsprong: alle zomerbloemen<br \/>\nGeografische oorsprong: Ros\u00e9e (Florenne)<\/p>\n","protected":false},"featured_media":500310,"comment_status":"open","ping_status":"closed","template":"","meta":{"_acf_changed":false,"_et_pb_use_builder":"on","_et_pb_old_content":"Zomerhoning uit de bijenstal van Ros\u00e9e\r\n\r\nBotanische oorsprong: Alle zomerbloemen\r\nGeografische oorsprong: Ros\u00e9e\r\n\r\nOp een steenworp afstand van de militaire basis Florenne ligt het dorp Ros\u00e9e. Sinds 2020 heb ik daar een kleine bijenstal. De omgeving is ideaal, de bijen hebben bossen, weilanden, boomgaarden en rivieren. Een prachtige omgeving waaruit ze de middelen haalt om deze heerlijke honing voor jou te maken. Raadpleeg ons artikel over kleuren voor honingkleuren","_et_gb_content_width":""},"product_brand":[],"product_cat":[322],"product_tag":[585,586,380,334],"class_list":{"0":"post-504049","1":"product","2":"type-product","3":"status-publish","4":"has-post-thumbnail","6":"product_cat-imker-honing-uit-belgie","7":"product_tag-braambessen-nl","8":"product_tag-honingdauw","9":"product_tag-klaver","10":"product_tag-waalse-honing","11":"pa_poids-385-g-nl","13":"first","14":"outofstock","15":"taxable","16":"shipping-taxable","17":"purchasable","18":"product-type-simple"},"acf":[],"_links":{"self":[{"href":"https:\/\/www.beetasty.be\/nl\/wp-json\/wp\/v2\/product\/504049","targetHints":{"allow":["GET"]}}],"collection":[{"href":"https:\/\/www.beetasty.be\/nl\/wp-json\/wp\/v2\/product"}],"about":[{"href":"https:\/\/www.beetasty.be\/nl\/wp-json\/wp\/v2\/types\/product"}],"replies":[{"embeddable":true,"href":"https:\/\/www.beetasty.be\/nl\/wp-json\/wp\/v2\/comments?post=504049"}],"wp:featuredmedia":[{"embeddable":true,"href":"https:\/\/www.beetasty.be\/nl\/wp-json\/wp\/v2\/media\/500310"}],"wp:attachment":[{"href":"https:\/\/www.beetasty.be\/nl\/wp-json\/wp\/v2\/media?parent=504049"}],"wp:term":[{"taxonomy":"product_brand","embeddable":true,"href":"https:\/\/www.beetasty.be\/nl\/wp-json\/wp\/v2\/product_brand?post=504049"},{"taxonomy":"product_cat","embeddable":true,"href":"https:\/\/www.beetasty.be\/nl\/wp-json\/wp\/v2\/product_cat?post=504049"},{"taxonomy":"product_tag","embeddable":true,"href":"https:\/\/www.beetasty.be\/nl\/wp-json\/wp\/v2\/product_tag?post=504049"}],"curies":[{"name":"wp","href":"https:\/\/api.w.org\/{rel}","templated":true}]}}