{"id":494954,"date":"2020-01-09T18:56:09","date_gmt":"2020-01-09T17:56:09","guid":{"rendered":"https:\/\/www.beetasty.be\/?page_id=494954"},"modified":"2020-01-09T18:56:14","modified_gmt":"2020-01-09T17:56:14","slug":"beetasty-herroepingsrecht","status":"publish","type":"page","link":"https:\/\/www.beetasty.be\/nl\/beetasty-herroepingsrecht\/","title":{"rendered":"BeeTasty &#8211; Herroepingsrecht"},"content":{"rendered":"<p>[et_pb_section fb_built=&#8221;1&#8243; _builder_version=&#8221;3.22&#8243;][et_pb_row _builder_version=&#8221;3.25&#8243; custom_padding=&#8221;27px|0px|27px|0px|false|false&#8221;][et_pb_column type=&#8221;4_4&#8243; _builder_version=&#8221;3.25&#8243; custom_padding=&#8221;|||&#8221; custom_padding__hover=&#8221;|||&#8221;][et_pb_text _builder_version=&#8221;4.0.11&#8243; hover_enabled=&#8221;0&#8243; admin_label=&#8221;Tekst&#8221;]<\/p>\n<h1 style=\"text-align: center;\">Herroepingsrecht<\/h1>\n<p>&nbsp;<\/p>\n<p style=\"text-align: center;\">U kunt binnen 14 dagen na aankoop uw herroepingsrecht doen gelden.<br \/>Zo ja, vul dan onderstaand formulier in:<\/p>\n<p>&nbsp;<\/p>\n<p style=\"text-align: center;\"><iframe loading=\"lazy\" src=\"https:\/\/docs.google.com\/forms\/d\/e\/1FAIpQLSeWsNON0fVsGYrdmhHWpK0KOGxzGdwWUzpDI7tmfLCIIGM73w\/viewform?embedded=true\" width=\"800\" height=\"400\" frameborder=\"0\" marginwidth=\"0\" marginheight=\"0\">Chargement en cours&#8230;<\/iframe><\/p>\n<p>&nbsp;<\/p>\n<p>[\/et_pb_text][\/et_pb_column][\/et_pb_row][et_pb_row _builder_version=&#8221;3.25&#8243;][et_pb_column type=&#8221;4_4&#8243; _builder_version=&#8221;3.25&#8243; custom_padding=&#8221;|||&#8221; custom_padding__hover=&#8221;|||&#8221;][et_pb_divider color=&#8221;#b3b3b3&#8243; _builder_version=&#8221;3.10&#8243; background_color=&#8221;999&#8243; height=&#8221;1px&#8221; hover_enabled=&#8221;0&#8243;][\/et_pb_divider][\/et_pb_column][\/et_pb_row][et_pb_row _builder_version=&#8221;3.25&#8243;][et_pb_column type=&#8221;4_4&#8243; _builder_version=&#8221;3.25&#8243; custom_padding=&#8221;|||&#8221; custom_padding__hover=&#8221;|||&#8221;][et_pb_text _builder_version=&#8221;4.0.11&#8243; hover_enabled=&#8221;0&#8243;]<\/p>\n<p><strong>Art.\u00a0VI.47.<br \/>\u00a7 1. <\/strong>Onverminderd artikel VI.53 beschikt de consument over een termijn van 14 dagen om de overeenkomst op afstand zonder opgave van redenen te herroepen, en zonder andere kosten te moeten dragen dan die welke in artikel VI.50, \u00a7 2, en artikel VI.51 zijn vermeld.<strong><br \/>\u00a0\u00a0\u00a7 2. <\/strong>Onverminderd artikel VI.48, verstrijkt de in paragraaf 1 bedoelde herroepingstermijn 14 dagen na:<br \/>\u00a0\u00a01\u00b0 voor dienstenovereenkomsten, de dag waarop de overeenkomst wordt gesloten;<br \/>\u00a0\u00a02\u00b0 voor verkoopovereenkomsten, de dag waarop de consument of een door de consument aangewezen derde partij, die niet de vervoerder is, de goederen fysiek in bezit neemt of:<br \/>\u00a0\u00a0a) indien de consument in dezelfde bestelling meerdere goederen heeft besteld die afzonderlijk worden geleverd, de dag waarop de consument of een door de consument aangewezen derde partij, die niet de vervoerder is, het laatste goed fysiek in bezit neemt;<br \/>\u00a0\u00a0b) indien de levering van een goed bestaat uit verschillende zendingen of onderdelen, de dag waarop de consument of een door de consument aangewezen derde partij, die niet de vervoerder is, de laatste zending of het laatste onderdeel fysiek in bezit neemt;<br \/>\u00a0\u00a0c) voor overeenkomsten betreffende regelmatige levering van goederen gedurende een bepaalde periode, de dag waarop de consument of een door de consument aangewezen derde partij, die niet de vervoerder is, het eerste goed fysiek in bezit neemt.<br \/>\u00a0\u00a03\u00b0 wat betreft overeenkomsten voor de levering van water, gas of elektriciteit, die niet gereed voor verkoop zijn gemaakt in een beperkt volume of in een bepaalde hoeveelheid, van stadsverwarming, de dag van de sluiting van de overeenkomst.]<strong><br \/><\/strong><\/p>\n<p><strong>Art.\u00a0VI.49.<br \/>\u00a7 1. <\/strong>Voor het verstrijken van de herroepingstermijn stelt de consument de onderneming op de hoogte van zijn beslissing de overeenkomst te herroepen. Daartoe kan de consument:<br \/>\u00a0\u00a01\u00b0 gebruikmaken van het modelformulier voor herroeping, opgenomen in bijlage 2 bij dit boek, of<br \/>\u00a0\u00a02\u00b0 een andere ondubbelzinnige verklaring afgeven waarin hij verklaart de overeenkomst te herroepen.<br \/><strong>\u00a7 2<\/strong>. De consument heeft zijn herroepingsrecht binnen de in artikel VI.47, \u00a7 2 en artikel VI.48, bedoelde herroepingstermijn uitgeoefend indien de consument de mededeling betreffende de uitoefening van het herroepingsrecht verzendt voordat deze termijn is verstreken.<br \/><strong>\u00a7 3<\/strong>. De onderneming kan, naast de in paragraaf 1 bedoelde mogelijkheden, de consument de mogelijkheid bieden het modelformulier voor herroeping opgenomen in bijlage 2 bij dit boek, of een andere ondubbelzinnige verklaring op de website van de onderneming elektronisch in te vullen en toe te zenden. In deze gevallen deelt de onderneming de consument onverwijld op een duurzame gegevensdrager de bevestiging van de ontvangst van de herroeping mee.<br \/><strong>\u00a7 4<\/strong>. De bewijslast ten aanzien van de uitoefening van het herroepingsrecht overeenkomstig dit artikel ligt bij de consument.]<strong><br \/><\/strong><\/p>\n<p>&nbsp;<\/p>\n<p><strong>Art.\u00a0VI.50.<br \/>\u00a7 1. <\/strong>De onderneming vergoedt alle van de consument ontvangen betalingen, inclusief, desgevallend, de leveringskosten, onverwijld en in elk geval binnen14 dagen na de dag waarop ze wordt ge\u00efnformeerd van de beslissing van de consument om de overeenkomst overeenkomstig artikel VI.49 te herroepen.<strong><br \/><\/strong>De onderneming verricht de terugbetaling als bedoeld in het eerste lid onder gebruikmaking van hetzelfde betaalmiddel als hetgeen door de consument tijdens de oorspronkelijke transactie werd gebruikt, tenzij de consument uitdrukkelijk met een ander betaalmiddel heeft ingestemd en met dien verstande dat de consument als gevolg van zulke terugbetaling geen kosten mag hebben.<strong><br \/>\u00a7 2.<\/strong> Onverminderd paragraaf 1 wordt van de onderneming niet verlangd de bijkomende kosten terug te betalen, als de consument uitdrukkelijk voor een andere wijze van levering dan de door de onderneming aangeboden goedkoopste standaardlevering heeft gekozen.<br \/><strong>\u00a7 3.<\/strong> Behoudens wanneer de onderneming heeft aangeboden de goederen zelf af te halen, mag de onderneming, voor wat betreft verkoopovereenkomsten, wachten met de terugbetaling totdat zij alle goederen heeft teruggekregen, of totdat de consument heeft aangetoond dat hij de goederen heeft teruggezonden, naar gelang welk tijdstip eerst valt.]<strong><br \/><\/strong><\/p>\n<p>[\/et_pb_text][\/et_pb_column][\/et_pb_row][\/et_pb_section]<\/p>\n","protected":false},"excerpt":{"rendered":"<p>Herroepingsrecht &nbsp; U kunt binnen 14 dagen na aankoop uw herroepingsrecht doen gelden.Zo ja, vul dan onderstaand formulier in: &nbsp; Chargement en cours&#8230; &nbsp; Art.\u00a0VI.47.\u00a7 1. Onverminderd artikel VI.53 beschikt de consument over een termijn van 14 dagen om de overeenkomst op afstand zonder opgave van redenen te herroepen, en zonder andere kosten te moeten [&hellip;]<\/p>\n","protected":false},"author":1,"featured_media":0,"parent":0,"menu_order":0,"comment_status":"closed","ping_status":"closed","template":"","meta":{"_acf_changed":false,"_et_pb_use_builder":"on","_et_pb_old_content":"<p>[et_pb_section fb_built=\"1\" _builder_version=\"3.10\"][et_pb_row _builder_version=\"3.10\" custom_padding=\"27px|0px|27px|0px|false|false\"][et_pb_column type=\"4_4\" _builder_version=\"3.10\" parallax=\"off\" parallax_method=\"on\"][et_pb_text _builder_version=\"3.10\"]<\/p><h1 style=\"text-align: center;\"><span style=\"font-size: xx-large;\"><strong>Droit de r\u00e9tractation<\/strong><\/span><\/h1><p>\u00a0<\/p><p style=\"text-align: center;\">Vous pouvez dans un d\u00e9lais de 14 jours apr\u00e8s l'achat faire valoir votre droit de r\u00e9tractation.<br \/>Si tel est le cas, veuillez remplir le formulaire ci-dessous :<\/p><p>\u00a0<\/p><p style=\"text-align: center;\"><iframe src=\"https:\/\/docs.google.com\/forms\/d\/e\/1FAIpQLSeWsNON0fVsGYrdmhHWpK0KOGxzGdwWUzpDI7tmfLCIIGM73w\/viewform?embedded=true\" width=\"800\" height=\"400\" frameborder=\"0\" marginwidth=\"0\" marginheight=\"0\" data-mce-fragment=\"1\">Chargement en cours...<\/iframe><\/p><p>\u00a0<\/p><p>\u00a0[\/et_pb_text][\/et_pb_column][\/et_pb_row][et_pb_row _builder_version=\"3.10\"][et_pb_column type=\"4_4\" _builder_version=\"3.10\" parallax=\"off\" parallax_method=\"on\"][et_pb_divider color=\"#b3b3b3\" height=\"1px\" _builder_version=\"3.10\" background_color=\"999\"][\/et_pb_divider][\/et_pb_column][\/et_pb_row][et_pb_row _builder_version=\"3.10\"][et_pb_column type=\"4_4\" _builder_version=\"3.10\" parallax=\"off\" parallax_method=\"on\"][et_pb_text _builder_version=\"3.10\"]<\/p><p><strong>Art.\u00a0VI.47.<br \/>\u00a7 1er.<\/strong> Sans pr\u00e9judice de l'article VI.53, le consommateur dispose d'un d\u00e9lai de 14 jours pour se r\u00e9tracter d'un contrat \u00e0 distance, sans avoir \u00e0 motiver sa d\u00e9cision et sans encourir d'autres co\u00fbts que ceux pr\u00e9vus \u00e0 l'article VI.50, \u00a7 2, et \u00e0 l'article VI.51.<br \/><strong>\u00a7 2.<\/strong> Sans pr\u00e9judice de l'article VI.48, le d\u00e9lai de r\u00e9tractation vis\u00e9 au paragraphe 1er expire apr\u00e8s une p\u00e9riode de 14 jours \u00e0 compter:<br \/>1\u00b0 en ce qui concerne les contrats de service du jour de la conclusion du contrat;<br \/>2\u00b0 en ce qui concerne les contrats de vente, du jour o\u00f9 le consommateur ou un tiers autre que le transporteur et d\u00e9sign\u00e9 par le consommateur prend physiquement possession du bien ou:<br \/>a) dans le cas de biens multiples command\u00e9s par le consommateur dans une seule commande et livr\u00e9s s\u00e9par\u00e9ment, du jour o\u00f9 le consommateur ou un tiers autre que le transporteur et d\u00e9sign\u00e9 par le consommateur prend physiquement possession du dernier bien;<br \/>b) dans le cas de la livraison d'un bien compos\u00e9 de lots ou de pi\u00e8ces multiples, du jour o\u00f9 le consommateur ou un tiers autre que le transporteur et d\u00e9sign\u00e9 par le consommateur prend physiquement possession du dernier lot ou de la derni\u00e8re pi\u00e8ce;<br \/>c) dans le cas des contrats portant sur la livraison r\u00e9guli\u00e8re de biens pendant une p\u00e9riode de temps d\u00e9finie, du jour o\u00f9 le consommateur ou un tiers autre que le transporteur et d\u00e9sign\u00e9 par le consommateur prend physiquement possession du premier bien.<br \/>3\u00b0 en ce qui concerne les contrats portant sur la fourniture d'eau, de gaz et d'\u00e9lectricit\u00e9 lorsqu'ils ne sont pas conditionn\u00e9s dans un volume d\u00e9limit\u00e9 ou en quantit\u00e9 d\u00e9termin\u00e9e, ainsi que de chauffage urbain, du jour de la conclusion du contrat.]<\/p><p>\u00a0<\/p><p><strong>Art.\u00a0VI.49.<br \/>\u00a7 1er.<\/strong> Le consommateur informe l'entreprise, avant l'expiration du d\u00e9lai de r\u00e9tractation, de sa d\u00e9cision de se r\u00e9tracter du contrat. Pour ce faire, le consommateur peut soit:<br \/>1\u00b0 utiliser le \u00a0formulaire de r\u00e9tractation figurant ci dessus, ou<br \/>2\u00b0 faire une autre d\u00e9claration d\u00e9nu\u00e9e d'ambigu\u00eft\u00e9 exposant sa d\u00e9cision de se r\u00e9tracter du contrat.<br \/><strong>\u00a7 2.<\/strong> Le consommateur a exerc\u00e9 son droit de r\u00e9tractation dans le d\u00e9lai de r\u00e9tractation vis\u00e9 \u00e0 l'article VI.47, \u00a7 2, et \u00e0 l'article VI.48, s'il adresse la communication concernant l'exercice du droit de r\u00e9tractation avant l'expiration de ce d\u00e9lai.<br \/><strong>\u00a7 3.<\/strong> L'entreprise peut donner au consommateur, en plus des possibilit\u00e9s vis\u00e9es au paragraphe 1er, la facult\u00e9 de remplir et de transmettre en ligne, sur le site internet de l'entreprise, soit le mod\u00e8le de formulaire de r\u00e9tractation figurant \u00e0 l'annexe 2 du pr\u00e9sent livre (ci-dessus), soit une autre d\u00e9claration d\u00e9nu\u00e9e d'ambigu\u00eft\u00e9. Dans ces cas, l'entreprise communique sans d\u00e9lai au consommateur un accus\u00e9 de r\u00e9ception de la r\u00e9tractation sur un support durable.<br \/><strong>\u00a7 4.<\/strong> La charge de la preuve concernant l'exercice du droit de r\u00e9tractation conform\u00e9ment au pr\u00e9sent article incombe au consommateur.<\/p><p>\u00a0<\/p><p><strong>Art.\u00a0VI.50.<br \/>\u00a7 1er.<\/strong> L'entreprise rembourse tous les paiements re\u00e7us de la part du consommateur, y compris, le cas \u00e9ch\u00e9ant, les frais de livraison, sans retard excessif et en tout \u00e9tat de cause dans les 14 jours suivant celui o\u00f9 elle est inform\u00e9e de la d\u00e9cision du consommateur de se r\u00e9tracter du contrat conform\u00e9ment \u00e0 l'article VI.49.<br \/>L'entreprise effectue le remboursement vis\u00e9 au premier alin\u00e9a en utilisant le m\u00eame moyen de paiement que celui utilis\u00e9 par le consommateur pour la transaction initiale, sauf accord expr\u00e8s du consommateur pour un autre moyen de paiement et pour autant que le remboursement n'occasionne pas de frais pour le consommateur.<br \/><strong>\u00a7 2.<\/strong> Nonobstant le paragraphe 1er, l'entreprise n'est pas tenue de rembourser les frais suppl\u00e9mentaires si le consommateur a express\u00e9ment choisi un mode de livraison autre que le mode moins co\u00fbteux de livraison standard propos\u00e9 par l'entreprise.<br \/><strong>\u00a7 3.<\/strong> S'agissant des contrats de vente, \u00e0 moins qu'elle ne propose de r\u00e9cup\u00e9rer elle-m\u00eame les biens, l'entreprise peut diff\u00e9rer le remboursement jusqu'\u00e0 r\u00e9cup\u00e9ration des biens, ou jusqu'\u00e0 ce que le consommateur ait fourni une preuve d'exp\u00e9dition des biens, la date retenue \u00e9tant celle du premier de ces faits.<\/p><p>[\/et_pb_text][\/et_pb_column][\/et_pb_row][\/et_pb_section]<\/p>","_et_gb_content_width":"","footnotes":""},"class_list":["post-494954","page","type-page","status-publish","hentry"],"acf":[],"_links":{"self":[{"href":"https:\/\/www.beetasty.be\/nl\/wp-json\/wp\/v2\/pages\/494954","targetHints":{"allow":["GET"]}}],"collection":[{"href":"https:\/\/www.beetasty.be\/nl\/wp-json\/wp\/v2\/pages"}],"about":[{"href":"https:\/\/www.beetasty.be\/nl\/wp-json\/wp\/v2\/types\/page"}],"author":[{"embeddable":true,"href":"https:\/\/www.beetasty.be\/nl\/wp-json\/wp\/v2\/users\/1"}],"replies":[{"embeddable":true,"href":"https:\/\/www.beetasty.be\/nl\/wp-json\/wp\/v2\/comments?post=494954"}],"version-history":[{"count":4,"href":"https:\/\/www.beetasty.be\/nl\/wp-json\/wp\/v2\/pages\/494954\/revisions"}],"predecessor-version":[{"id":494960,"href":"https:\/\/www.beetasty.be\/nl\/wp-json\/wp\/v2\/pages\/494954\/revisions\/494960"}],"wp:attachment":[{"href":"https:\/\/www.beetasty.be\/nl\/wp-json\/wp\/v2\/media?parent=494954"}],"curies":[{"name":"wp","href":"https:\/\/api.w.org\/{rel}","templated":true}]}}