{"id":358,"date":"2018-09-20T18:10:33","date_gmt":"2018-09-20T16:10:33","guid":{"rendered":"http:\/\/www2.beetasty.be\/index.php\/leveringsvoorwaarden\/"},"modified":"2018-09-20T18:10:36","modified_gmt":"2018-09-20T16:10:36","slug":"leveringsvoorwaarden","status":"publish","type":"page","link":"https:\/\/www.beetasty.be\/nl\/leveringsvoorwaarden\/","title":{"rendered":"Leveringsvoorwaarden"},"content":{"rendered":"<p>[et_pb_section bb_built=&#8221;1&#8243;][et_pb_row][et_pb_column type=&#8221;4_4&#8243;][et_pb_text]<\/p>\n<h2>TRANSPORT VAN UW PAKKET<\/h2>\n<p> Bestellingen worden doorgaans binnen 48 uur na ontvangst van uw betaling verzonden. Het pakket wordt vervolgens binnen <strong> 2 dagen naar Belgi\u00eb verzonden, <\/strong> er zijn maximaal 4 dagen vertraging (als alle gekozen artikelen op voorraad zijn). <\/p>\n<p><strong> We leveren momenteel niet in het buitenland <\/strong><\/p>\n<p>\u00a0<\/p>\n<p> U kunt de goederen laten bezorgen op de plaats van uw keuze: thuis, kantoor, buurman, &#8230; <\/p>\n<p>\u00a0<\/p>\n<p><strong> Het is belangrijk dat er iemand op de dag van levering is om het pakket te ontvangen. <\/strong><\/p>\n<p> De verzendkosten zijn gratis in Belgi\u00eb voor de bestellingen van meer dan \u20ac50  incl BTW <\/p>\n<p> U heeft de keuze tussen thuisbezorging door onze koerierdienst bpost voor Belgi\u00eb of gratis ophalen bij onze winkel in Belgi\u00eb. <\/p>\n<table style=\"height: 84px\" border=\"1\" width=\"541\">\n<tbody>\n<tr>\n<td><\/td>\n<td>0-30 kg<\/td>\n<\/tr>\n<tr>\n<td>Belgi\u00eb &#8211; Levering aan huis <\/td>\n<td>\u20ac7,86<\/td>\n<\/tr>\n<tr>\n<td>Opaalpunt bpost<\/td>\n<td>\u20ac6,05<\/td>\n<\/tr>\n<\/tbody>\n<\/table>\n<p> Zodra uw bestelling is geplaatst, zullen wij u zo snel mogelijk voorzien van een link waarmee u de levering van uw pakket online kunt volgen. <\/p>\n<p> Ongeacht de gekozen verzendmethode,  wordt u een handtekening voor de ontvangst van de goederen voor de bezorging gevraagd. <\/p>\n<p> Verzendkosten zijn inclusief verpakking, handleiding en verzending. Ze kunnen een vast- en een variabel gedeelte bevatten, afhankelijk van de prijs of het gewicht van uw bestelling. We raden u aan om uw aankopen in \u00e9\u00e9n bestelling te groeperen. <\/p>\n<p> We kunnen niet twee afzonderlijke bestellingen groeperen en u dient voor ieder van deze verzendkosten betalen. <\/p>\n<p> Wanneer u uw pakket ontvangt, moet u de goede staat van de apparatuur en de overeenkomst van de apparatuur met uw bestelling controleren. <\/p>\n<p> We verzoeken u om op het document of het elektronische apparaat van de vervoerder ELKE zichtbare schade te melden, zo minimaal mogelijk. <\/p>\n<p> pakketten zijn te groot en goed beschermd. <\/p>\n<p>Opmerkingen of geschillen over de levering moeten ons binnen 72 uur na ontvangst van de goederen bereiken via het formulier &#8221;Contacteer ons&#8221; op onze website. <\/p>\n<p>\u00a0<\/p>\n<h2>Retour van goederen<\/h2>\n<p><strong> U heeft 14 dagen na de datum van ontvangst van de goederen om een item terug te sturen dat niet geschikt is voor u. <\/strong><\/p>\n<p>\u00a0<\/p>\n<p> Verzendkosten zijn altijd uw verantwoordelijkheid, tenzij het  materiaal stuk is gegaan voor de levering.  De goederen moeten in de juiste verpakking worden teruggestuurd zodat ze tijdens het transport niet worden beschadigd. <\/p>\n<p> Neem contact met ons op voordat u goederen terug stuurt.  U vindt al onze gegevens op de &#8220;Contact&#8221; -pagina. Vergeet niet om de referentie van uw bestelling te vermelden.<\/p>\n<p>[\/et_pb_text][\/et_pb_column][\/et_pb_row][\/et_pb_section]<\/p>\n","protected":false},"excerpt":{"rendered":"<p><div class=\"et_pb_row et_pb_row_0 et_pb_row_empty\">\n\t\t\t\t\n\t\t\t\t\n\t\t\t\t\n\t\t\t\t\n\t\t\t\t\n\t\t\t<\/div><div class=\"et_pb_module et_pb_text et_pb_text_0  et_pb_text_align_left et_pb_bg_layout_light\">\n\t\t\t\t\n\t\t\t\t\n\t\t\t\t\n\t\t\t\t\n\t\t\t\t\n\t\t\t<\/div> TRANSPORT VAN UW PAKKET Bestellingen worden doorgaans binnen 48 uur na ontvangst van uw betaling verzonden. Het pakket wordt vervolgens binnen 2 dagen naar Belgi\u00eb verzonden, er zijn maximaal 4 dagen vertraging (als alle gekozen artikelen op voorraad zijn). We leveren momenteel niet in het buitenland \u00a0 U kunt de goederen laten bezorgen op [&hellip;]<\/p>\n","protected":false},"author":1,"featured_media":0,"parent":0,"menu_order":0,"comment_status":"closed","ping_status":"closed","template":"","meta":{"_acf_changed":false,"_et_pb_use_builder":"on","_et_pb_old_content":"<h2>TRANSPORT DE VOTRE COLIS<\/h2><p>Les commandes sont g\u00e9n\u00e9ralement exp\u00e9di\u00e9s end\u00e9ans les 48h apr\u00e8s r\u00e9ception de votre paiement.\u00a0Le colis est ensuite achemin\u00e9 chez vous en\u00a0<strong>2 jours pour la Belgique,<\/strong>\u00a0soit un d\u00e9lais maximum de 4 jours (si tout les articles choisis sont de stock).<\/p><p><strong>Nous ne livrons actuellement pas vers l'\u00e9tranger.<\/strong><\/p><p>\u00a0<\/p><p>Vous pouvez faire livrer la marchandise \u00e0 l'endroit de votre choix: domicile, bureau, voisin,....<\/p><p>\u00a0<\/p><p><strong>Il est important qu'il y ait quelqu'un sur place le jour de la livraison pour r\u00e9ceptionner le colis.<\/strong><\/p><p>Les frais de port sont gratuits en Belgique pour les commandes sup\u00e9rieures \u00e0 50 \u20ac TVAC<\/p><p>Vous avez le choix entre le service livraison \u00e0 domicile par notre transporteur bpost\u00a0pour la Belgique ou l'enl\u00e8vement gratuit \u00e0 notre magasin en Belgique.<\/p><table style=\"height: 84px;\" border=\"1\" width=\"541\"><tbody><tr><td>\u00a0<\/td><td>0-30 Kg<\/td><\/tr><tr><td>Belgique - Livraison \u00e0 domicile<\/td><td>7,86 \u20ac<\/td><\/tr><tr><td>Point de retrait bpost<\/td><td>6,05 \u20ac<\/td><\/tr><\/tbody><\/table><p>Une fois votre commande pass\u00e9e, nous vous fournirons d\u00e8s que possible un lien qui vous permettra de suivre en ligne la livraison de votre colis.<\/p><p>Quel que soit le mode d'exp\u00e9dition choisi, une signature pour r\u00e9ception de la marchandise vous sera demand\u00e9e \u00e0 la livraison.<\/p><p>Les frais d'exp\u00e9dition comprennent l'emballage, la manutention et les frais de port. Ils peuvent contenir une partie fixe et une partie variable en fonction du prix ou du poids de votre commande. Nous vous conseillons de regrouper vos achats en une unique commande.<\/p><p>Nous ne pouvons pas grouper deux commandes distinctes et vous devrez vous acquitter des frais de port pour chacune d'entre elles.<\/p><p>Lors de la r\u00e9ception de votre colis vous devez contr\u00f4ler le bon \u00e9tat du mat\u00e9riel et la conformit\u00e9 de celui-ci avec votre commande.\u00a0<\/p><p>Nous vous demandons de\u00a0signaler sur le document ou l'appareil \u00e9lectronique du transporteur TOUT d\u00e9g\u00e2t apparent, aussi minime soit-il.<\/p><p>Les colis sont surdimensionn\u00e9s et correctement prot\u00e9g\u00e9s.<\/p><p>Toute remarque ou contestation concernant la livraison doit nous parvenir end\u00e9ans les 72 heures de la r\u00e9ception de la marchandise via le formulaire ''Contactez-nous'' de notre site web.<\/p><p>\u00a0<\/p><h2>RETOUR DE MARCHANDISE<\/h2><p><strong>Vous avez 14 jours apr\u00e8s la date de r\u00e9ception de la marchandise pour nous retourner un article qui ne vous conviendrait pas.<\/strong><\/p><p>\u00a0<\/p><p>Les frais de port sont toujours \u00e0 votre charge sauf s'il s'agit de mat\u00e9riel d\u00e9fectueux \u00e0 la livraison. La marchandise doit \u00eatre renvoy\u00e9e dans\u00a0un emballage correct afin qu'elle ne soit pas endommag\u00e9e pendant le transport.<\/p><p>Veuillez prendre contact avec nous avant de renvoyer de la marchandise. Vous trouverez toutes nos ccordonn\u00e9es sur la page \"Contact\".\u00a0N'oubliez pas de mentionner la r\u00e9f\u00e9rence de votre commande.\u00a0<\/p>","_et_gb_content_width":"","footnotes":""},"class_list":["post-358","page","type-page","status-publish","hentry"],"acf":[],"_links":{"self":[{"href":"https:\/\/www.beetasty.be\/nl\/wp-json\/wp\/v2\/pages\/358","targetHints":{"allow":["GET"]}}],"collection":[{"href":"https:\/\/www.beetasty.be\/nl\/wp-json\/wp\/v2\/pages"}],"about":[{"href":"https:\/\/www.beetasty.be\/nl\/wp-json\/wp\/v2\/types\/page"}],"author":[{"embeddable":true,"href":"https:\/\/www.beetasty.be\/nl\/wp-json\/wp\/v2\/users\/1"}],"replies":[{"embeddable":true,"href":"https:\/\/www.beetasty.be\/nl\/wp-json\/wp\/v2\/comments?post=358"}],"version-history":[{"count":0,"href":"https:\/\/www.beetasty.be\/nl\/wp-json\/wp\/v2\/pages\/358\/revisions"}],"wp:attachment":[{"href":"https:\/\/www.beetasty.be\/nl\/wp-json\/wp\/v2\/media?parent=358"}],"curies":[{"name":"wp","href":"https:\/\/api.w.org\/{rel}","templated":true}]}}