{"id":1480,"date":"2019-02-09T10:32:39","date_gmt":"2019-02-09T09:32:39","guid":{"rendered":"https:\/\/www.beetasty.be\/beetasty-honing-noga-en-peperkoek-rechtstreeks-van-bij-de-imker-online-kopen-landing-map\/"},"modified":"2020-01-27T18:14:07","modified_gmt":"2020-01-27T17:14:07","slug":"beetasty-honing-noga-en-peperkoek-rechtstreeks-van-bij-de-imker-online-kopen-landing-map","status":"publish","type":"page","link":"https:\/\/www.beetasty.be\/nl\/","title":{"rendered":"BeeTasty\u2026 rechtstreeks van de imker &#8211; Ambachtelijk bijenproducten"},"content":{"rendered":"<p>[et_pb_section fb_built=&#8221;1&#8243; _builder_version=&#8221;3.22&#8243; background_color=&#8221;#ffffff&#8221; custom_padding=&#8221;12px|0px|0|0px|false|false&#8221;][et_pb_row _builder_version=&#8221;3.25&#8243; background_size=&#8221;initial&#8221; custom_padding=&#8221;13px|0px|0|0px|false|false&#8221;][et_pb_column type=&#8221;4_4&#8243; _builder_version=&#8221;3.25&#8243; custom_padding=&#8221;|||&#8221; custom_padding__hover=&#8221;|||&#8221;][et_pb_image src=&#8221;https:\/\/www.beetasty.be\/wp-content\/uploads\/2018\/09\/beetasty-logo-top.png&#8221; alt=&#8221;ambachtelijk bijenkastproduct&#8221; title_text=&#8221;Beetasty: ambachtelijke producent&#8221; align=&#8221;center&#8221; align_tablet=&#8221;center&#8221; align_phone=&#8221;&#8221; align_last_edited=&#8221;on|desktop&#8221; _builder_version=&#8221;3.23&#8243; max_width=&#8221;60%&#8221;]<\/p>\n<p>&nbsp;<\/p>\n<p>[\/et_pb_image][\/et_pb_column][\/et_pb_row][\/et_pb_section][et_pb_section fb_built=&#8221;1&#8243; _builder_version=&#8221;3.22&#8243; custom_padding=&#8221;11px|0px|11px|0px|false|false&#8221;][et_pb_row module_class=&#8221; et_pb_row_fullwidth&#8221; _builder_version=&#8221;3.25&#8243; width=&#8221;89%&#8221; width_tablet=&#8221;80%&#8221; width_phone=&#8221;&#8221; width_last_edited=&#8221;on|desktop&#8221; max_width=&#8221;89%&#8221; max_width_tablet=&#8221;80%&#8221; max_width_phone=&#8221;&#8221; max_width_last_edited=&#8221;on|desktop&#8221; custom_padding=&#8221;8px|0px|10px|0px|false|false&#8221; make_fullwidth=&#8221;on&#8221;][et_pb_column type=&#8221;4_4&#8243; _builder_version=&#8221;3.25&#8243; custom_padding=&#8221;|||&#8221; custom_padding__hover=&#8221;|||&#8221;][et_pb_text admin_label=&#8221;Tekst&#8221; _builder_version=&#8221;4.0.11&#8243; hover_enabled=&#8221;0&#8243;]<\/p>\n<p style=\"text-align: center;\">Ambachtelijk bijenproducten die op deze website verkrijgbaar zijn<\/p>\n<p style=\"text-align: center;\"><a href=\"\/nl\/product-categorie\/imker-honing-uit-belgie\/\">Imker honing uit Belgi\u00eb<\/a> | <a href=\"https:\/\/www.beetasty.be\/nl\/product-categorie\/noga\/\">Noga<\/a> | <a href=\"https:\/\/www.beetasty.be\/nl\/imkerwinkeltje\/voedingswaren-met-honing\/ambachtelijk-peperkoek\/\">Peperkoek<\/a> | <a href=\"https:\/\/www.beetasty.be\/nl\/imkerwinkeltje\/imker-honing-uit-belgie\/propolis-honing\/\">Propolishoning<\/a> | <a href=\"https:\/\/www.beetasty.be\/nl\/product-categorie\/voedingswaren-met-honing\/\">Voedingswaren met honing<\/a> | <a href=\"https:\/\/www.beetasty.be\/nl\/product-categorie\/propolis-nl\/\">Propolis<\/a> | <a href=\"\/nl\/product-categorie\/natuurlijke-bijenwaskaarsen\/\">Natuurlijke bijenwaskaarsen<\/a> | <a href=\"https:\/\/www.beetasty.be\/nl\/imkerwinkeltje\/miel-artisanal-belgique\/choco-honing-met-melk-chocolade\/\">Honingchoco<\/a> | <a href=\"https:\/\/www.beetasty.be\/nl\/imkerwinkeltje\/voedingswaren-met-honing\/mele-hydromel\/\">Mele<\/a> | <a href=\"https:\/\/www.beetasty.be\/nl\/product-categorie\/voedingswaren-met-honing\/\">Honingbier<\/a> | <a href=\"https:\/\/www.beetasty.be\/nl\/product-categorie\/geschenkmand\/\">Geschenkmanden<\/a> | <a href=\"\/nl\/product-categorie\/buitenlandse-honing\/\">Buitenlandse honing<\/a><\/p>\n<p>[\/et_pb_text][\/et_pb_column][\/et_pb_row][\/et_pb_section][et_pb_section fb_built=&#8221;1&#8243; inner_shadow=&#8221;on&#8221; _builder_version=&#8221;3.22&#8243; background_image=&#8221;https:\/\/www.beetasty.be\/wp-content\/uploads\/2018\/09\/illu-ruches.jpg&#8221; parallax=&#8221;on&#8221; custom_margin=&#8221;0px|||&#8221; custom_padding=&#8221;0px||600px|&#8221;][\/et_pb_section][et_pb_section fb_built=&#8221;1&#8243; _builder_version=&#8221;3.22&#8243; custom_padding=&#8221;31px|0px|50px|0px|false|false&#8221;][et_pb_row column_structure=&#8221;1_4,1_4,1_4,1_4&#8243; use_custom_gutter=&#8221;on&#8221; gutter_width=&#8221;2&#8243; _builder_version=&#8221;3.25&#8243; custom_padding=&#8221;|||&#8221;][et_pb_column type=&#8221;1_4&#8243; _builder_version=&#8221;3.25&#8243; custom_padding=&#8221;|||&#8221; custom_padding__hover=&#8221;|||&#8221;][et_pb_testimonial author=&#8221;Kwaliteit&#8221; job_title=&#8221;Honing wordt steeds meer in diskrediet gebracht als namaakproduct, maar bij mij vindt u gegarandeerd zuivere honing van hoge kwaliteit.&#8221; portrait_url=&#8221;https:\/\/www.beetasty.be\/wp-content\/uploads\/2018\/09\/testi1.png&#8221; quote_icon=&#8221;off&#8221; quote_icon_color=&#8221;rgba(0,0,0,0)&#8221; quote_icon_background_color=&#8221;rgba(0,0,0,0)&#8221; portrait_width=&#8221;150px&#8221; portrait_height=&#8221;84&#8243; _builder_version=&#8221;4.2.1&#8243; body_text_color=&#8221;#222222&#8243; use_background_color=&#8221;off&#8221; text_orientation=&#8221;center&#8221; custom_margin=&#8221;|||&#8221; hover_enabled=&#8221;0&#8243; border_color_all=&#8221;rgba(0,0,0,0)&#8221; border_radii_portrait=&#8221;on|0px|0px|0px|0px&#8221; border_color_all_portrait=&#8221;rgba(0,0,0,0)&#8221; box_shadow_style_image=&#8221;preset1&#8243; box_shadow_color_image=&#8221;rgba(0,0,0,0)&#8221;][\/et_pb_testimonial][\/et_pb_column][et_pb_column type=&#8221;1_4&#8243; _builder_version=&#8221;3.25&#8243; custom_padding=&#8221;|||&#8221; custom_padding__hover=&#8221;|||&#8221;][et_pb_testimonial author=&#8221;Transparantie&#8221; job_title=&#8221;Iedereen kan het bedrijf op afspraak komen bezoeken. Ontmoet ons, maak kennis met onze manier van werken, stel uw vragen.&#8221; portrait_url=&#8221;\/wp-content\/uploads\/2018\/09\/testi2.png&#8221; quote_icon=&#8221;off&#8221; quote_icon_color=&#8221;rgba(0,0,0,0)&#8221; quote_icon_background_color=&#8221;rgba(0,0,0,0)&#8221; portrait_width=&#8221;150px&#8221; portrait_height=&#8221;80px&#8221; _builder_version=&#8221;3.17.1&#8243; body_text_color=&#8221;#222222&#8243; use_background_color=&#8221;off&#8221; text_orientation=&#8221;center&#8221; custom_margin=&#8221;|||&#8221; border_radii_portrait=&#8221;on|0px|0px|0px|0px&#8221; border_color_all_portrait=&#8221;rgba(0,0,0,0)&#8221; box_shadow_style_image=&#8221;preset1&#8243; box_shadow_color_image=&#8221;rgba(0,0,0,0)&#8221;]<\/p>\n<p>[\/et_pb_testimonial][\/et_pb_column][et_pb_column type=&#8221;1_4&#8243; _builder_version=&#8221;3.25&#8243; custom_padding=&#8221;|||&#8221; custom_padding__hover=&#8221;|||&#8221;][et_pb_testimonial author=&#8221;Raw honing&#8221; job_title=&#8221;Onze honing wordt niet verwarmd tijdens de oogst. Geen industrieel proces bij ons.&#8221; portrait_url=&#8221;\/wp-content\/uploads\/2018\/09\/testi3.png&#8221; quote_icon=&#8221;off&#8221; quote_icon_color=&#8221;rgba(0,0,0,0)&#8221; quote_icon_background_color=&#8221;rgba(0,0,0,0)&#8221; portrait_width=&#8221;150px&#8221; _builder_version=&#8221;4.0.11&#8243; body_text_color=&#8221;#222222&#8243; use_background_color=&#8221;off&#8221; text_orientation=&#8221;center&#8221; custom_margin=&#8221;0px|||&#8221; link_option_url=&#8221;http:\/\/www.promiel.be&#8221; link_option_url_new_window=&#8221;on&#8221; border_color_all=&#8221;rgba(0,0,0,0)&#8221; border_radii_portrait=&#8221;on|0px|0px|0px|0px&#8221; border_color_all_portrait=&#8221;rgba(0,0,0,0)&#8221; box_shadow_style_image=&#8221;preset1&#8243; box_shadow_color_image=&#8221;rgba(0,0,0,0)&#8221;][\/et_pb_testimonial][\/et_pb_column][et_pb_column type=&#8221;1_4&#8243; _builder_version=&#8221;3.25&#8243; custom_padding=&#8221;|||&#8221; custom_padding__hover=&#8221;|||&#8221;][et_pb_testimonial author=&#8221;Diversiteit&#8221; job_title=&#8221;Onze bijenkasten staan verspreid in Belgi\u00eb. Van Houthalen (Vlaanderen) tot Neufch\u00e2teau (Ardennen). Op die manier kunnen wij u een mooi assortiment honing aanbieden.&#8221; portrait_url=&#8221;\/wp-content\/uploads\/2018\/09\/testi4.png&#8221; quote_icon=&#8221;off&#8221; quote_icon_color=&#8221;rgba(0,0,0,0)&#8221; quote_icon_background_color=&#8221;rgba(0,0,0,0)&#8221; portrait_width=&#8221;150px&#8221; _builder_version=&#8221;3.17.1&#8243; body_text_color=&#8221;#222222&#8243; use_background_color=&#8221;off&#8221; text_orientation=&#8221;center&#8221; custom_margin=&#8221;|||&#8221; border_radii_portrait=&#8221;on|0px|0px|0px|0px&#8221; border_color_all_portrait=&#8221;rgba(0,0,0,0)&#8221; box_shadow_style_image=&#8221;preset1&#8243;]<\/p>\n<p>[\/et_pb_testimonial][\/et_pb_column][\/et_pb_row][\/et_pb_section][et_pb_section fb_built=&#8221;1&#8243; inner_shadow=&#8221;on&#8221; _builder_version=&#8221;3.22&#8243; background_image=&#8221;https:\/\/www.beetasty.be\/wp-content\/uploads\/2018\/09\/illu_YH01371.jpg&#8221; parallax=&#8221;on&#8221; custom_margin=&#8221;0px|||&#8221; custom_padding=&#8221;45px||15px||false|false&#8221;][et_pb_row module_class=&#8221; et_pb_row_fullwidth&#8221; _builder_version=&#8221;3.25&#8243; width=&#8221;89%&#8221; width_tablet=&#8221;80%&#8221; width_phone=&#8221;&#8221; width_last_edited=&#8221;on|desktop&#8221; max_width=&#8221;89%&#8221; max_width_tablet=&#8221;80%&#8221; max_width_phone=&#8221;&#8221; max_width_last_edited=&#8221;on|desktop&#8221; module_alignment=&#8221;center&#8221; custom_padding=&#8221;34px|0px|0|0px|false|false&#8221; make_fullwidth=&#8221;on&#8221;][et_pb_column type=&#8221;4_4&#8243; _builder_version=&#8221;3.25&#8243; custom_padding=&#8221;|||&#8221; custom_padding__hover=&#8221;|||&#8221;][et_pb_image src=&#8221;\/wp-content\/uploads\/2018\/09\/logo-mono-white-shadow.png&#8221; alt=&#8221;beetasty logo &#8211; ambachtelijk bijenkastproduct&#8221; align=&#8221;center&#8221; align_tablet=&#8221;center&#8221; align_phone=&#8221;&#8221; align_last_edited=&#8221;on|desktop&#8221; _builder_version=&#8221;3.23&#8243; max_width=&#8221;40%&#8221;]<\/p>\n<p>&nbsp;<\/p>\n<p>[\/et_pb_image][\/et_pb_column][\/et_pb_row][et_pb_row _builder_version=&#8221;3.25&#8243; custom_padding=&#8221;27px|0px|27px|0px|false|false&#8221;][et_pb_column type=&#8221;4_4&#8243; _builder_version=&#8221;3.25&#8243; custom_padding=&#8221;|||&#8221; custom_padding__hover=&#8221;|||&#8221;][et_pb_text _builder_version=&#8221;4.0.11&#8243; text_font=&#8221;|800|||||||&#8221; text_text_color=&#8221;#ffffff&#8221; text_font_size=&#8221;36px&#8221; text_orientation=&#8221;center&#8221; background_layout=&#8221;dark&#8221; text_text_shadow_style=&#8221;preset3&#8243; text_text_shadow_color=&#8221;#000000&#8243;]<\/p>\n<h1><span style=\"font-size: xx-large;\"><strong>Ambachtelijk bijenproducten \u2026 rechtstreeks van bij de imker<\/strong><\/span><\/h1>\n<p>[\/et_pb_text][\/et_pb_column][\/et_pb_row][et_pb_row _builder_version=&#8221;3.25&#8243; module_alignment=&#8221;center&#8221; custom_padding=&#8221;17px|0px|27px|0px|false|false&#8221;][et_pb_column type=&#8221;4_4&#8243; _builder_version=&#8221;3.25&#8243; custom_padding=&#8221;|||&#8221; custom_padding__hover=&#8221;|||&#8221;][et_pb_button button_url=&#8221;https:\/\/www.beetasty.be\/fr\/boutique-du-producteur\/&#8221; button_text=&#8221;Koop online bijenkastproducten \u2026&#8221; button_alignment=&#8221;center&#8221; _builder_version=&#8221;3.17.3&#8243; custom_button=&#8221;on&#8221; button_text_color=&#8221;#000000&#8243; button_bg_color=&#8221;#ffcd02&#8243; button_border_width=&#8221;0px&#8221; button_border_color=&#8221;#edf000&#8243; button_icon=&#8221;%%3%%&#8221; button_text_size__hover_enabled=&#8221;off&#8221; button_text_size__hover=&#8221;null&#8221; button_one_text_size__hover_enabled=&#8221;off&#8221; button_one_text_size__hover=&#8221;null&#8221; button_two_text_size__hover_enabled=&#8221;off&#8221; button_two_text_size__hover=&#8221;null&#8221; button_text_color__hover_enabled=&#8221;off&#8221; button_text_color__hover=&#8221;null&#8221; button_one_text_color__hover_enabled=&#8221;off&#8221; button_one_text_color__hover=&#8221;null&#8221; button_two_text_color__hover_enabled=&#8221;off&#8221; button_two_text_color__hover=&#8221;null&#8221; button_border_width__hover_enabled=&#8221;off&#8221; button_border_width__hover=&#8221;null&#8221; button_one_border_width__hover_enabled=&#8221;off&#8221; button_one_border_width__hover=&#8221;null&#8221; button_two_border_width__hover_enabled=&#8221;off&#8221; button_two_border_width__hover=&#8221;null&#8221; button_border_color__hover_enabled=&#8221;off&#8221; button_border_color__hover=&#8221;null&#8221; button_one_border_color__hover_enabled=&#8221;off&#8221; button_one_border_color__hover=&#8221;null&#8221; button_two_border_color__hover_enabled=&#8221;off&#8221; button_two_border_color__hover=&#8221;null&#8221; button_border_radius__hover_enabled=&#8221;off&#8221; button_border_radius__hover=&#8221;null&#8221; button_one_border_radius__hover_enabled=&#8221;off&#8221; button_one_border_radius__hover=&#8221;null&#8221; button_two_border_radius__hover_enabled=&#8221;off&#8221; button_two_border_radius__hover=&#8221;null&#8221; button_letter_spacing__hover_enabled=&#8221;off&#8221; button_letter_spacing__hover=&#8221;null&#8221; button_one_letter_spacing__hover_enabled=&#8221;off&#8221; button_one_letter_spacing__hover=&#8221;null&#8221; button_two_letter_spacing__hover_enabled=&#8221;off&#8221; button_two_letter_spacing__hover=&#8221;null&#8221; button_bg_color__hover_enabled=&#8221;off&#8221; button_bg_color__hover=&#8221;null&#8221; button_one_bg_color__hover_enabled=&#8221;off&#8221; button_one_bg_color__hover=&#8221;null&#8221; button_two_bg_color__hover_enabled=&#8221;off&#8221; button_two_bg_color__hover=&#8221;null&#8221;]<\/p>\n<p>&nbsp;<\/p>\n<p>[\/et_pb_button][\/et_pb_column][\/et_pb_row][\/et_pb_section][et_pb_section fb_built=&#8221;1&#8243; _builder_version=&#8221;3.22&#8243; custom_padding=&#8221;50px|0px|0|0px|false|false&#8221;][et_pb_row _builder_version=&#8221;3.25&#8243; custom_padding=&#8221;27px|0px|0|0px|false|false&#8221;][et_pb_column type=&#8221;4_4&#8243; _builder_version=&#8221;3.25&#8243; custom_padding=&#8221;|||&#8221; custom_padding__hover=&#8221;|||&#8221;][et_pb_text _builder_version=&#8221;4.0.11&#8243;]<\/p>\n<h2 style=\"text-align: center;\">Ambachtelijk honing uit Belgi\u00eb<\/h2>\n<p>[\/et_pb_text][\/et_pb_column][\/et_pb_row][\/et_pb_section][et_pb_section fb_built=&#8221;1&#8243; _builder_version=&#8221;3.22&#8243; custom_padding=&#8221;30px|0px|30px|0px|false|false&#8221;][et_pb_row _builder_version=&#8221;3.25&#8243;][et_pb_column type=&#8221;4_4&#8243; _builder_version=&#8221;3.25&#8243; custom_padding=&#8221;|||&#8221; custom_padding__hover=&#8221;|||&#8221;][et_pb_shop type=&#8221;product_category&#8221; posts_number=&#8221;5&#8243; include_categories=&#8221;322&#8243; columns_number=&#8221;5&#8243; orderby=&#8221;menu_order&#8221; sale_badge_color=&#8221;#e02b20&#8243; icon_hover_color=&#8221;#ffcd02&#8243; hover_overlay_color=&#8221;rgba(0,0,0,0.45)&#8221; hover_icon=&#8221;%%114%%&#8221; _builder_version=&#8221;4.0.11&#8243; title_text_color=&#8221;#222222&#8243; price_text_color=&#8221;#222222&#8243; price_font_size=&#8221;18px&#8221; text_orientation=&#8221;center&#8221; border_radii_image=&#8221;on|10px|10px|10px|10px&#8221;]<\/p>\n<p>&nbsp;<\/p>\n<p>[\/et_pb_shop][\/et_pb_column][\/et_pb_row][\/et_pb_section][et_pb_section fb_built=&#8221;1&#8243; _builder_version=&#8221;3.22&#8243; custom_padding=&#8221;0|0px|0|0px|false|false&#8221;][et_pb_row _builder_version=&#8221;3.25&#8243; custom_padding=&#8221;0|0px|0px|0px|false|false&#8221;][et_pb_column type=&#8221;4_4&#8243; _builder_version=&#8221;3.25&#8243; custom_padding=&#8221;|||&#8221; custom_padding__hover=&#8221;|||&#8221;][et_pb_divider _builder_version=&#8221;3.17.1&#8243; height=&#8221;1px&#8221;]<\/p>\n<p>&nbsp;<\/p>\n<p>[\/et_pb_divider][\/et_pb_column][\/et_pb_row][\/et_pb_section][et_pb_section fb_built=&#8221;1&#8243; _builder_version=&#8221;3.22&#8243; custom_padding=&#8221;30px|0px|50px|0px|false|false&#8221;][et_pb_row _builder_version=&#8221;3.25&#8243; max_width=&#8221;800px&#8221; custom_padding=&#8221;0|0px|0|0px|false|false&#8221; use_custom_width=&#8221;on&#8221; custom_width_px=&#8221;800px&#8221;][et_pb_column type=&#8221;4_4&#8243; _builder_version=&#8221;3.25&#8243; custom_padding=&#8221;|||&#8221; custom_padding__hover=&#8221;|||&#8221;][et_pb_button button_url=&#8221;https:\/\/www.beetasty.be\/fr\/boutique-du-producteur\/&#8221; button_text=&#8221;Alle producten van de imker winkel tonen \u2026&#8221; button_alignment=&#8221;center&#8221; _builder_version=&#8221;4.0.11&#8243; custom_button=&#8221;on&#8221; button_text_size=&#8221;22px&#8221; button_text_color=&#8221;#000000&#8243; button_bg_color=&#8221;#ffd800&#8243; button_border_radius=&#8221;10px&#8221; button_font=&#8221;||||||||&#8221; button_icon=&#8221;%%114%%&#8221; button_icon_color=&#8221;#000000&#8243; custom_margin=&#8221;|||0px&#8221; custom_padding=&#8221;|60px||60px&#8221; custom_css_main_element=&#8221;min-width: 800px;&#8221; button_text_color_hover=&#8221;#000000&#8243; button_text_size__hover_enabled=&#8221;off&#8221; button_text_size__hover=&#8221;null&#8221; button_one_text_size__hover_enabled=&#8221;off&#8221; button_one_text_size__hover=&#8221;null&#8221; button_two_text_size__hover_enabled=&#8221;off&#8221; button_two_text_size__hover=&#8221;null&#8221; button_text_color__hover_enabled=&#8221;on&#8221; button_text_color__hover=&#8221;#000000&#8243; button_one_text_color__hover_enabled=&#8221;off&#8221; button_one_text_color__hover=&#8221;null&#8221; button_two_text_color__hover_enabled=&#8221;off&#8221; button_two_text_color__hover=&#8221;null&#8221; button_border_width__hover_enabled=&#8221;off&#8221; button_border_width__hover=&#8221;null&#8221; button_one_border_width__hover_enabled=&#8221;off&#8221; button_one_border_width__hover=&#8221;null&#8221; button_two_border_width__hover_enabled=&#8221;off&#8221; button_two_border_width__hover=&#8221;null&#8221; button_border_color__hover_enabled=&#8221;off&#8221; button_border_color__hover=&#8221;null&#8221; button_one_border_color__hover_enabled=&#8221;off&#8221; button_one_border_color__hover=&#8221;null&#8221; button_two_border_color__hover_enabled=&#8221;off&#8221; button_two_border_color__hover=&#8221;null&#8221; button_border_radius__hover_enabled=&#8221;off&#8221; button_border_radius__hover=&#8221;null&#8221; button_one_border_radius__hover_enabled=&#8221;off&#8221; button_one_border_radius__hover=&#8221;null&#8221; button_two_border_radius__hover_enabled=&#8221;off&#8221; button_two_border_radius__hover=&#8221;null&#8221; button_letter_spacing__hover_enabled=&#8221;off&#8221; button_letter_spacing__hover=&#8221;null&#8221; button_one_letter_spacing__hover_enabled=&#8221;off&#8221; button_one_letter_spacing__hover=&#8221;null&#8221; button_two_letter_spacing__hover_enabled=&#8221;off&#8221; button_two_letter_spacing__hover=&#8221;null&#8221; button_bg_color__hover_enabled=&#8221;off&#8221; button_bg_color__hover=&#8221;null&#8221; button_one_bg_color__hover_enabled=&#8221;off&#8221; button_one_bg_color__hover=&#8221;null&#8221; button_two_bg_color__hover_enabled=&#8221;off&#8221; button_two_bg_color__hover=&#8221;null&#8221;]<\/p>\n<p>&nbsp;<\/p>\n<p>[\/et_pb_button][\/et_pb_column][\/et_pb_row][et_pb_row _builder_version=&#8221;3.25&#8243; max_width=&#8221;800px&#8221; use_custom_width=&#8221;on&#8221; custom_width_px=&#8221;800px&#8221;][et_pb_column type=&#8221;4_4&#8243; _builder_version=&#8221;3.25&#8243; custom_padding=&#8221;|||&#8221; custom_padding__hover=&#8221;|||&#8221;][et_pb_text _builder_version=&#8221;4.0.11&#8243; custom_margin=&#8221;|0px||0px&#8221;]<\/p>\n<p><strong>Ambachtelijke honing:<\/strong> paardenbloemhoning, boomgaardhoning uit Roost, zomerhoning uit Den\u00e9e, koolzaadhoning uit Den\u00e9e, struikheidehoning, honing met propolis, honingchoco, honingchoco met zwarte chocolade<\/p>\n<p><strong>Ambachtelijke noga:<\/strong> pure noga, noga met noten, noga met Caramel d\u2019Isigny<\/p>\n<p><strong>Afgeleide honingproducten:<\/strong> ambachtelijke peperkoek, honingwijn, azijn met tijmhoning, uienkonfijt met honing, koninginnenbrood, propolis, propolisgommen, propolissiroop, natuurlijke bijenwaskaarsen \u2026<\/p>\n<p><strong>Geschenkmanden:<\/strong> assortiment producten tussen \u20ac 12,90 en \u20ac 35<\/p>\n<p><strong>Buitenlandse honing:<\/strong> dennenhoning, tijmhoning, acaciahoning<\/p>\n<p>[\/et_pb_text][\/et_pb_column][\/et_pb_row][\/et_pb_section][et_pb_section fb_built=&#8221;1&#8243; inner_shadow=&#8221;on&#8221; _builder_version=&#8221;3.22&#8243; background_image=&#8221;https:\/\/www.beetasty.be\/wp-content\/uploads\/2018\/09\/illu_YH01597.jpg&#8221; parallax=&#8221;on&#8221; custom_margin=&#8221;0px|||&#8221; custom_padding=&#8221;50px||250px||false|false&#8221;][et_pb_row _builder_version=&#8221;3.25&#8243;][\/et_pb_row][\/et_pb_section][et_pb_section fb_built=&#8221;1&#8243; _builder_version=&#8221;3.22&#8243;][et_pb_row _builder_version=&#8221;3.25&#8243; background_size=&#8221;initial&#8221; background_position=&#8221;top_left&#8221; background_repeat=&#8221;repeat&#8221;][et_pb_column type=&#8221;4_4&#8243; _builder_version=&#8221;3.25&#8243; custom_padding=&#8221;|||&#8221; custom_padding__hover=&#8221;|||&#8221;][et_pb_accordion _builder_version=&#8221;4.0.11&#8243;][et_pb_accordion_item title=&#8221;Over onze ambachtelijk bijenproducten&#8221; open=&#8221;on&#8221; _builder_version=&#8221;4.0.11&#8243;][\/et_pb_accordion_item][et_pb_accordion_item title=&#8221;Mede&#8221; _builder_version=&#8221;4.0.11&#8243; open=&#8221;off&#8221;]Dit product wordt geproduceerd door <strong>St\u00e9phane Lambert,\u00a0<\/strong>een ambachtsman uit Ramillies (Waals-Brabant). Hij produceert vruchtenwijnen die verkocht worden onder het merk \u201c<a href=\"http:\/\/www.lesaperosdecheznous.be\" target=\"_blank\" rel=\"noopener noreferrer\">Les ap\u00e9ros de chez nous<\/a>\u201d. Hij werkt alleen en hij werkt goed. Ik kan u zijn andere producten alleen maar aanbevelen. Met wijnen als vlierbloesemwijn, paardenbloemenwijn en kersenwijn beschikt hij over een bijzonder mooi assortiment. Hij is de producent van onze honingwijn.<\/p>\n<p>&nbsp;<br \/>\n[\/et_pb_accordion_item][et_pb_accordion_item title=&#8221;Honing&#8221; _builder_version=&#8221;4.0.11&#8243; open=&#8221;off&#8221;]<\/p>\n<p>U zult op de website twee categorie\u00ebn honing terugvinden:<\/p>\n<ol>\n<li><strong>honing uit Belgi\u00eb<\/strong>: deze honing produceer ik zelf, met behulp van mijn bijenkasten. Zoals ik al toelichtte op de pagina van de categorie, doe ik in <strong>verschillende regio\u2019s<\/strong> in Belgi\u00eb aan transhumance (tijdelijk verplaatsen van bijenkasten), om een zo breed mogelijke waaier van producten te kunnen aanbieden.<\/li>\n<li>buitenlandse honing: Dit is honing die ik in Belgi\u00eb <strong>niet kan produceren<\/strong>, maar waar klanten regelmatig om vragen. Daarom laat ik deze honing overkomen vanuit het buitenland. De <strong>tijmhoning<\/strong> komt uit Spanje. De <strong>dennen<\/strong>&#8211; en <strong>acaciahoning<\/strong> komen uit Roemeni\u00eb. Om volledig te zijn: het is soms mogelijk om acaciahoning te produceren in Belgi\u00eb, maar de productie is tamelijk wisselvallig. Daarom laat ik de honing liever overkomen uit Roemeni\u00eb. Zo kan ik altijd hetzelfde product aanbieden.<\/li>\n<\/ol>\n<p>&nbsp;<\/p>\n<p>[\/et_pb_accordion_item][et_pb_accordion_item title=&#8221;Propolishoning&#8221; _builder_version=&#8221;4.0.11&#8243; open=&#8221;off&#8221;]<\/p>\n<p>Dit is een product dat ik zelf <strong>produceer<\/strong>. Zoals veel imkers bood ik vroeger alleen de <strong>moedertinctuur<\/strong> van propolis aan. Dat is propolis die verdund is in alcohol van 70\u00b0. Het vaderschap deed me beseffen dat dit product niet geschikt is voor <strong>kinderen<\/strong>. Ik ben dan propolishoning gaan produceren, honing die gemengd wordt met propolis, maar zonder alcohol. Dankzij een specifieke techniek kan ik de alcohol uit de moedertinctuur halen, zodat alleen de propolishars overblijft. Die hars voeg ik dan toe aan de honing.<\/p>\n<p>&nbsp;<\/p>\n<p>[\/et_pb_accordion_item][et_pb_accordion_item title=&#8221;Peperkoek&#8221; _builder_version=&#8221;3.17.1&#8243; open=&#8221;off&#8221;]Dit product wordt bij ons gemaakt, met lokaal tarwemeel (<a href=\"http:\/\/www.farines.be\/presentation.asp?\" target=\"_blank\" rel=\"noopener noreferrer\">Moulin de l&#8217;Escaille<\/a>) en honing die we zelf produceren. Weet dat onze peperkoek voor ongeveer de helft uit honing bestaat! Dat verklaart het prijsverschil met peperkoek uit de supermarkt. Ook de specerijen zijn gevarieerd: kaneel, maar ook nootmuskaat, steranijs en gember.<\/p>\n<p>&nbsp;<br \/>\n[\/et_pb_accordion_item][et_pb_accordion_item title=&#8221;Noga&#8221; _builder_version=&#8221;4.0.11&#8243; open=&#8221;off&#8221;]<\/p>\n<p>Ook dit <strong>ambachtelijke product<\/strong> is zelfgemaakt. Ik maak het zelf, meestal met mijn honing. De hazelnoten en amandelen komen uit Itali\u00eb. De witte noga bevat eieren, de zwarte niet.<\/p>\n<p>[\/et_pb_accordion_item][et_pb_accordion_item title=&#8221;Stuifmeel&#8221; _builder_version=&#8221;4.0.11&#8243; open=&#8221;off&#8221;]Ik verkoop het stuifmeel dat mijn bijen verzamelen. Om de voedingswaarde ervan niet verloren te laten gaan, verkoop ik het stuifmeel diepgevroren. Dat bemoeilijkt de verkoop, maar garandeert de heilzame werking.<\/p>\n<p>U zult het product dus niet op deze website terugvinden (de verzending is te moeilijk). U kunt uw diepgevroren verse <strong>stuifmeel op afspraak wel<\/strong> bij mij komen halen.<br \/>\n[\/et_pb_accordion_item][\/et_pb_accordion][\/et_pb_column][\/et_pb_row][\/et_pb_section]<\/p>\n","protected":false},"excerpt":{"rendered":"<p>&nbsp; Ambachtelijk bijenproducten die op deze website verkrijgbaar zijn Imker honing uit Belgi\u00eb | Noga | Peperkoek | Propolishoning | Voedingswaren met honing | Propolis | Natuurlijke bijenwaskaarsen | Honingchoco | Mele | Honingbier | Geschenkmanden | Buitenlandse honing &nbsp; Ambachtelijk bijenproducten \u2026 rechtstreeks van bij de imker&nbsp; Ambachtelijk honing uit Belgi\u00eb&nbsp; &nbsp; &nbsp; Ambachtelijke [&hellip;]<\/p>\n","protected":false},"author":2,"featured_media":0,"parent":0,"menu_order":0,"comment_status":"closed","ping_status":"closed","template":"","meta":{"_acf_changed":false,"_et_pb_use_builder":"on","_et_pb_old_content":"","_et_gb_content_width":"","footnotes":""},"class_list":["post-1480","page","type-page","status-publish","hentry"],"acf":[],"_links":{"self":[{"href":"https:\/\/www.beetasty.be\/nl\/wp-json\/wp\/v2\/pages\/1480","targetHints":{"allow":["GET"]}}],"collection":[{"href":"https:\/\/www.beetasty.be\/nl\/wp-json\/wp\/v2\/pages"}],"about":[{"href":"https:\/\/www.beetasty.be\/nl\/wp-json\/wp\/v2\/types\/page"}],"author":[{"embeddable":true,"href":"https:\/\/www.beetasty.be\/nl\/wp-json\/wp\/v2\/users\/2"}],"replies":[{"embeddable":true,"href":"https:\/\/www.beetasty.be\/nl\/wp-json\/wp\/v2\/comments?post=1480"}],"version-history":[{"count":16,"href":"https:\/\/www.beetasty.be\/nl\/wp-json\/wp\/v2\/pages\/1480\/revisions"}],"predecessor-version":[{"id":496240,"href":"https:\/\/www.beetasty.be\/nl\/wp-json\/wp\/v2\/pages\/1480\/revisions\/496240"}],"wp:attachment":[{"href":"https:\/\/www.beetasty.be\/nl\/wp-json\/wp\/v2\/media?parent=1480"}],"curies":[{"name":"wp","href":"https:\/\/api.w.org\/{rel}","templated":true}]}}