{"id":606,"date":"2017-09-17T17:34:51","date_gmt":"2017-09-17T15:34:51","guid":{"rendered":"http:\/\/www2.beetasty.be\/index.php\/produit\/gelee-royale-francaise\/"},"modified":"2026-03-30T02:53:25","modified_gmt":"2026-03-30T00:53:25","slug":"gelee-royale-francaise","status":"publish","type":"product","link":"https:\/\/www.beetasty.be\/fr\/boutique-du-producteur\/epicerie\/gelee-royale-francaise\/","title":{"rendered":"Gel\u00e9e royale Fran\u00e7aise"},"content":{"rendered":"<p>D\u00e9couvrez notre gel\u00e9e royale d&#8217;origine fran\u00e7aise, symbole de qualit\u00e9 et de puret\u00e9.<\/p>\n<p>R\u00e9colt\u00e9e avec soin, cette substance pr\u00e9cieuse favorise le bien-\u00eatre quotidien.<br \/>\nOptez pour l&#8217;authenticit\u00e9 fran\u00e7aise, avec une cure conseill\u00e9e de 1 gramme par jour pendant 10 jours.<\/p>\n<p>Explorez les bienfaits de la gel\u00e9e royale fran\u00e7aise, une source naturelle de vitalit\u00e9.<br \/>\nProfitez de cette p\u00e9pite apicole, cultiv\u00e9e dans le respect des normes fran\u00e7aises. Une cure quotidienne pour revitaliser votre routine.<br \/>\nChoisissez la gel\u00e9e royale fran\u00e7aise pour une exp\u00e9rience bienfaisante et locale.<\/p>\n<p>Elle est vendue dans un contenant permettant de la maintenir au frais. A conserver au frigo ! La gel\u00e9e royale est un produit frais.<\/p>\n<p>Prix du kilo : 2475 \u20ac<\/p>\n","protected":false},"excerpt":{"rendered":"<p>Gel\u00e9e royale fraiche<\/p>\n<p>Produite \u00a0par un apiculteur du nord de la France<\/p>\n","protected":false},"featured_media":604,"comment_status":"open","ping_status":"closed","template":"","meta":{"_acf_changed":false,"_et_pb_use_builder":"","_et_pb_old_content":"","_et_gb_content_width":""},"product_brand":[],"product_cat":[47],"product_tag":[182,62,183],"class_list":{"0":"post-606","1":"product","2":"type-product","3":"status-publish","4":"has-post-thumbnail","6":"product_cat-epicerie","7":"product_tag-gelee-royale","8":"product_tag-sante","9":"product_tag-vitamines","10":"pa_poids-0b-10g","12":"first","13":"outofstock","14":"taxable","15":"shipping-taxable","16":"purchasable","17":"product-type-simple"},"acf":[],"_links":{"self":[{"href":"https:\/\/www.beetasty.be\/fr\/wp-json\/wp\/v2\/product\/606","targetHints":{"allow":["GET"]}}],"collection":[{"href":"https:\/\/www.beetasty.be\/fr\/wp-json\/wp\/v2\/product"}],"about":[{"href":"https:\/\/www.beetasty.be\/fr\/wp-json\/wp\/v2\/types\/product"}],"replies":[{"embeddable":true,"href":"https:\/\/www.beetasty.be\/fr\/wp-json\/wp\/v2\/comments?post=606"}],"wp:featuredmedia":[{"embeddable":true,"href":"https:\/\/www.beetasty.be\/fr\/wp-json\/wp\/v2\/media\/604"}],"wp:attachment":[{"href":"https:\/\/www.beetasty.be\/fr\/wp-json\/wp\/v2\/media?parent=606"}],"wp:term":[{"taxonomy":"product_brand","embeddable":true,"href":"https:\/\/www.beetasty.be\/fr\/wp-json\/wp\/v2\/product_brand?post=606"},{"taxonomy":"product_cat","embeddable":true,"href":"https:\/\/www.beetasty.be\/fr\/wp-json\/wp\/v2\/product_cat?post=606"},{"taxonomy":"product_tag","embeddable":true,"href":"https:\/\/www.beetasty.be\/fr\/wp-json\/wp\/v2\/product_tag?post=606"}],"curies":[{"name":"wp","href":"https:\/\/api.w.org\/{rel}","templated":true}]}}