{"id":510963,"date":"2026-01-29T15:00:47","date_gmt":"2026-01-29T14:00:47","guid":{"rendered":"https:\/\/www.beetasty.be\/boutique-du-producteur\/non class\u00e9\/miel-de-silphie\/"},"modified":"2026-05-12T19:35:34","modified_gmt":"2026-05-12T17:35:34","slug":"miel-de-silphie","status":"publish","type":"product","link":"https:\/\/www.beetasty.be\/fr\/boutique-du-producteur\/miel-artisanal-belgique\/miel-de-silphie\/","title":{"rendered":"Miel de Silphie"},"content":{"rendered":"<p>Miel r\u00e9colt\u00e9 dans les champs de Silphie de la r\u00e9gion de Mettet<\/p>\n","protected":false},"excerpt":{"rendered":"<p>Miel r\u00e9colt\u00e9 dans les champs de Silphie de la r\u00e9gion de Mettet<\/p>\n","protected":false},"featured_media":510962,"comment_status":"open","ping_status":"closed","template":"","meta":{"_acf_changed":false,"_et_pb_use_builder":"","_et_pb_old_content":"","_et_gb_content_width":""},"product_brand":[],"product_cat":[46,15],"product_tag":[],"class_list":{"0":"post-510963","1":"product","2":"type-product","3":"status-publish","4":"has-post-thumbnail","6":"product_cat-miel-artisanal-belgique","7":"product_cat-uncategorized","9":"first","10":"instock","11":"taxable","12":"shipping-taxable","13":"purchasable","14":"product-type-simple"},"acf":[],"_links":{"self":[{"href":"https:\/\/www.beetasty.be\/fr\/wp-json\/wp\/v2\/product\/510963","targetHints":{"allow":["GET"]}}],"collection":[{"href":"https:\/\/www.beetasty.be\/fr\/wp-json\/wp\/v2\/product"}],"about":[{"href":"https:\/\/www.beetasty.be\/fr\/wp-json\/wp\/v2\/types\/product"}],"replies":[{"embeddable":true,"href":"https:\/\/www.beetasty.be\/fr\/wp-json\/wp\/v2\/comments?post=510963"}],"wp:featuredmedia":[{"embeddable":true,"href":"https:\/\/www.beetasty.be\/fr\/wp-json\/wp\/v2\/media\/510962"}],"wp:attachment":[{"href":"https:\/\/www.beetasty.be\/fr\/wp-json\/wp\/v2\/media?parent=510963"}],"wp:term":[{"taxonomy":"product_brand","embeddable":true,"href":"https:\/\/www.beetasty.be\/fr\/wp-json\/wp\/v2\/product_brand?post=510963"},{"taxonomy":"product_cat","embeddable":true,"href":"https:\/\/www.beetasty.be\/fr\/wp-json\/wp\/v2\/product_cat?post=510963"},{"taxonomy":"product_tag","embeddable":true,"href":"https:\/\/www.beetasty.be\/fr\/wp-json\/wp\/v2\/product_tag?post=510963"}],"curies":[{"name":"wp","href":"https:\/\/api.w.org\/{rel}","templated":true}]}}