{"id":510762,"date":"2025-12-29T19:14:07","date_gmt":"2025-12-29T18:14:07","guid":{"rendered":"https:\/\/www.beetasty.be\/?post_type=product&#038;p=510762"},"modified":"2026-03-14T10:22:23","modified_gmt":"2026-03-14T09:22:23","slug":"gommes-propolis-et-miel","status":"publish","type":"product","link":"https:\/\/www.beetasty.be\/fr\/boutique-du-producteur\/propolis\/gommes-propolis-et-miel\/","title":{"rendered":"Gommes propolis et miel"},"content":{"rendered":"<p data-start=\"248\" data-end=\"304\"><strong data-start=\"248\" data-end=\"304\">Gommes Propolis &amp; Miel (50 g) \u2013 Fabriqu\u00e9es en France<\/strong><\/p>\n<p data-start=\"306\" data-end=\"492\">De petites gommes \u00e0 sucer au <strong data-start=\"335\" data-end=\"349\">miel (10%)<\/strong> et \u00e0 l\u2019<strong data-start=\"357\" data-end=\"385\">extrait de propolis (4%)<\/strong>, avec une note de <strong data-start=\"404\" data-end=\"416\">r\u00e9glisse<\/strong> et une touche florale <strong data-start=\"439\" data-end=\"451\">violette<\/strong>. Format bo\u00eete m\u00e9tal pratique \u00e0 emporter.<\/p>\n<p data-start=\"494\" data-end=\"1065\"><strong data-start=\"494\" data-end=\"511\">Ingr\u00e9dients :<\/strong> g\u00e9lifiant : gomme arabique, sucre, sirop de glucose, miel 10%, extrait de propolis 4%, r\u00e9glisse en poudre 1%, ar\u00f4me violette 0,3%, agents d\u2019enrobage : huile de coco, huile de colza, cire de carnauba.<br data-start=\"711\" data-end=\"714\" \/><strong data-start=\"714\" data-end=\"730\">Allerg\u00e8nes :<\/strong> absence d\u2019allerg\u00e8ne d\u00e9clar\u00e9 (voir \u00e9tiquette).<br data-start=\"776\" data-end=\"779\" \/><strong data-start=\"779\" data-end=\"828\">Valeurs nutritionnelles moyennes pour 100 g :<\/strong> \u00e9nergie 1214 kJ \/ 290 kcal ; mati\u00e8res grasses 0,2 g (dont satur\u00e9s 0 g) ; glucides 66,1 g (dont sucres 49,7 g) ; prot\u00e9ines 1 g ; sel 0,5 g.<br data-start=\"967\" data-end=\"970\" \/><strong data-start=\"970\" data-end=\"988\">Conservation :<\/strong> \u00e0 conserver \u00e0 l\u2019abri de la chaleur et de l\u2019humidit\u00e9.<br data-start=\"1041\" data-end=\"1044\" \/><strong data-start=\"1044\" data-end=\"1059\">Poids net :<\/strong> 50 g.<\/p>\n<p data-start=\"1067\" data-end=\"1148\"><strong data-start=\"1067\" data-end=\"1084\">Fabrication :<\/strong> fabriqu\u00e9 en France \u00a0\u2014 s\u00e9lection <strong data-start=\"1135\" data-end=\"1147\">BeeTasty<\/strong>.<\/p>\n","protected":false},"excerpt":{"rendered":"<p>Gommes \u00e0 sucer au miel (10%) et propolis (4%), go\u00fbt r\u00e9glisse &amp; violette \u2014 bo\u00eete m\u00e9tal 50 g.Gommes \u00e0 sucer au miel (10%) et propolis (4%), go\u00fbt r\u00e9glisse &amp; violette \u2014 bo\u00eete m\u00e9tal 50 g.<\/p>\n","protected":false},"featured_media":510766,"comment_status":"open","ping_status":"closed","template":"","meta":{"_acf_changed":false,"_et_pb_use_builder":"","_et_pb_old_content":"","_et_gb_content_width":""},"product_brand":[],"product_cat":[48],"product_tag":[512,109,174],"class_list":{"0":"post-510762","1":"product","2":"type-product","3":"status-publish","4":"has-post-thumbnail","6":"product_cat-propolis","7":"product_tag-bonbon","8":"product_tag-gomme-a-la-propolis","9":"product_tag-propolis","11":"first","12":"instock","13":"taxable","14":"shipping-taxable","15":"purchasable","16":"product-type-simple"},"acf":[],"_links":{"self":[{"href":"https:\/\/www.beetasty.be\/fr\/wp-json\/wp\/v2\/product\/510762","targetHints":{"allow":["GET"]}}],"collection":[{"href":"https:\/\/www.beetasty.be\/fr\/wp-json\/wp\/v2\/product"}],"about":[{"href":"https:\/\/www.beetasty.be\/fr\/wp-json\/wp\/v2\/types\/product"}],"replies":[{"embeddable":true,"href":"https:\/\/www.beetasty.be\/fr\/wp-json\/wp\/v2\/comments?post=510762"}],"wp:featuredmedia":[{"embeddable":true,"href":"https:\/\/www.beetasty.be\/fr\/wp-json\/wp\/v2\/media\/510766"}],"wp:attachment":[{"href":"https:\/\/www.beetasty.be\/fr\/wp-json\/wp\/v2\/media?parent=510762"}],"wp:term":[{"taxonomy":"product_brand","embeddable":true,"href":"https:\/\/www.beetasty.be\/fr\/wp-json\/wp\/v2\/product_brand?post=510762"},{"taxonomy":"product_cat","embeddable":true,"href":"https:\/\/www.beetasty.be\/fr\/wp-json\/wp\/v2\/product_cat?post=510762"},{"taxonomy":"product_tag","embeddable":true,"href":"https:\/\/www.beetasty.be\/fr\/wp-json\/wp\/v2\/product_tag?post=510762"}],"curies":[{"name":"wp","href":"https:\/\/api.w.org\/{rel}","templated":true}]}}