{"id":509361,"date":"2025-01-03T18:13:24","date_gmt":"2025-01-03T17:13:24","guid":{"rendered":"https:\/\/www.beetasty.be\/?post_type=product&#038;p=509361"},"modified":"2026-03-25T17:36:04","modified_gmt":"2026-03-25T16:36:04","slug":"miel-de-sarrasin-france","status":"publish","type":"product","link":"https:\/\/www.beetasty.be\/fr\/boutique-du-producteur\/miel-des-copains\/miel-de-sarrasin-france\/","title":{"rendered":"Miel de Sarrasin &#8211; France"},"content":{"rendered":"<p>Le sarrasin est encore beaucoup cultiv\u00e9 en France, il est entre autre utilis\u00e9 pour les l\u00e9gendaires &#8220;Galettes&#8221; en Bretagne.<\/p>\n<p>C&#8217;est une plante qui peut \u00eatre tr\u00e8s mellif\u00e8re, et donc tr\u00e8s attractive pour ls abeilles.<br \/>\nLe miel de Sarrasinl a un go\u00fbt fort et prononc\u00e9, avec des notes de malt et de caramel.<br \/>\nSon ar\u00f4me est puissant et persistant, parfois compar\u00e9 \u00e0 celui de la m\u00ealasses.<\/p>\n<p>Les scientifiques ont constat\u00e9 que les miels le plus fonc\u00e9s sont les plus riches en <strong>antioxydants<\/strong>.<br \/>\nC&#8217;est donc un excellent miel pour favoriser une bonne sant\u00e9 g\u00e9n\u00e9rale.<\/p>\n<p>Poids net : 500g<br \/>\nPrix du kilo : 25,9 \u20ac<\/p>\n","protected":false},"excerpt":{"rendered":"<p>Origine botanique : Sarrasin<br \/>\nOrigine g\u00e9ographique : France<\/p>\n<p>Un miel cors\u00e9 et fonc\u00e9 qui se fera remarquer en bouche<\/p>\n","protected":false},"featured_media":509344,"comment_status":"open","ping_status":"closed","template":"","meta":{"_acf_changed":false,"_et_pb_use_builder":"","_et_pb_old_content":"","_et_gb_content_width":""},"product_brand":[],"product_cat":[599],"product_tag":[],"class_list":{"0":"post-509361","1":"product","2":"type-product","3":"status-publish","4":"has-post-thumbnail","6":"product_cat-miel-des-copains","7":"pa_poids-500-g","9":"first","10":"outofstock","11":"taxable","12":"shipping-taxable","13":"purchasable","14":"product-type-simple"},"acf":[],"_links":{"self":[{"href":"https:\/\/www.beetasty.be\/fr\/wp-json\/wp\/v2\/product\/509361","targetHints":{"allow":["GET"]}}],"collection":[{"href":"https:\/\/www.beetasty.be\/fr\/wp-json\/wp\/v2\/product"}],"about":[{"href":"https:\/\/www.beetasty.be\/fr\/wp-json\/wp\/v2\/types\/product"}],"replies":[{"embeddable":true,"href":"https:\/\/www.beetasty.be\/fr\/wp-json\/wp\/v2\/comments?post=509361"}],"wp:featuredmedia":[{"embeddable":true,"href":"https:\/\/www.beetasty.be\/fr\/wp-json\/wp\/v2\/media\/509344"}],"wp:attachment":[{"href":"https:\/\/www.beetasty.be\/fr\/wp-json\/wp\/v2\/media?parent=509361"}],"wp:term":[{"taxonomy":"product_brand","embeddable":true,"href":"https:\/\/www.beetasty.be\/fr\/wp-json\/wp\/v2\/product_brand?post=509361"},{"taxonomy":"product_cat","embeddable":true,"href":"https:\/\/www.beetasty.be\/fr\/wp-json\/wp\/v2\/product_cat?post=509361"},{"taxonomy":"product_tag","embeddable":true,"href":"https:\/\/www.beetasty.be\/fr\/wp-json\/wp\/v2\/product_tag?post=509361"}],"curies":[{"name":"wp","href":"https:\/\/api.w.org\/{rel}","templated":true}]}}