{"id":509356,"date":"2024-12-30T17:53:56","date_gmt":"2024-12-30T16:53:56","guid":{"rendered":"https:\/\/www.beetasty.be\/?post_type=product&#038;p=509356"},"modified":"2026-05-12T19:35:35","modified_gmt":"2026-05-12T17:35:35","slug":"miel-deucalyptus-espagne","status":"publish","type":"product","link":"https:\/\/www.beetasty.be\/fr\/boutique-du-producteur\/miel-des-copains\/miel-deucalyptus-espagne\/","title":{"rendered":"Miel d&#8217;Eucalyptus &#8211; Espagne"},"content":{"rendered":"<p>C&#8217;est chez mes <a href=\"\/fr\/product-categorie\/miel-des-copains\/\">copains<\/a> de chez Miels Girard que j&#8217;ai trouv\u00e9 ce d\u00e9licieux miel d&#8217;Eucalyptus.<\/p>\n<p>Ils produisent ce miel avec un apiculteur du sud de la France qui transhume ses ruches chaque ann\u00e9e en Espagne.<br \/>\nLe miel est cristallis\u00e9 et a une texture cr\u00e9meuse, une odeur bois\u00e9e, et un parfum assez sucr\u00e9, peu acide et rappelant le caramel.<\/p>\n<p>Poids net : 500g<br \/>\nPrix du kilo : 23,8 \u20ac<\/p>\n","protected":false},"excerpt":{"rendered":"<p>Origine botanique : Eucalyptus<br \/>\nOrigine g\u00e9ographique : Espagne<\/p>\n","protected":false},"featured_media":509342,"comment_status":"open","ping_status":"closed","template":"","meta":{"_acf_changed":false,"_et_pb_use_builder":"","_et_pb_old_content":"","_et_gb_content_width":""},"product_brand":[],"product_cat":[599],"product_tag":[],"class_list":{"0":"post-509356","1":"product","2":"type-product","3":"status-publish","4":"has-post-thumbnail","6":"product_cat-miel-des-copains","7":"pa_poids-3d-500g","9":"first","10":"outofstock","11":"taxable","12":"shipping-taxable","13":"purchasable","14":"product-type-simple"},"acf":[],"_links":{"self":[{"href":"https:\/\/www.beetasty.be\/fr\/wp-json\/wp\/v2\/product\/509356","targetHints":{"allow":["GET"]}}],"collection":[{"href":"https:\/\/www.beetasty.be\/fr\/wp-json\/wp\/v2\/product"}],"about":[{"href":"https:\/\/www.beetasty.be\/fr\/wp-json\/wp\/v2\/types\/product"}],"replies":[{"embeddable":true,"href":"https:\/\/www.beetasty.be\/fr\/wp-json\/wp\/v2\/comments?post=509356"}],"wp:featuredmedia":[{"embeddable":true,"href":"https:\/\/www.beetasty.be\/fr\/wp-json\/wp\/v2\/media\/509342"}],"wp:attachment":[{"href":"https:\/\/www.beetasty.be\/fr\/wp-json\/wp\/v2\/media?parent=509356"}],"wp:term":[{"taxonomy":"product_brand","embeddable":true,"href":"https:\/\/www.beetasty.be\/fr\/wp-json\/wp\/v2\/product_brand?post=509356"},{"taxonomy":"product_cat","embeddable":true,"href":"https:\/\/www.beetasty.be\/fr\/wp-json\/wp\/v2\/product_cat?post=509356"},{"taxonomy":"product_tag","embeddable":true,"href":"https:\/\/www.beetasty.be\/fr\/wp-json\/wp\/v2\/product_tag?post=509356"}],"curies":[{"name":"wp","href":"https:\/\/api.w.org\/{rel}","templated":true}]}}