{"id":509341,"date":"2024-12-28T21:13:57","date_gmt":"2024-12-28T20:13:57","guid":{"rendered":"https:\/\/www.beetasty.be\/?post_type=product&#038;p=509341"},"modified":"2026-01-12T00:47:09","modified_gmt":"2026-01-11T23:47:09","slug":"miel-de-chataignier-france","status":"publish","type":"product","link":"https:\/\/www.beetasty.be\/fr\/boutique-du-producteur\/miel-des-copains\/miel-de-chataignier-france\/","title":{"rendered":"Miel de Ch\u00e2taignier &#8211; France"},"content":{"rendered":"<p>Le miel de Ch\u00e2taignier est r\u00e9put\u00e9 pour son go\u00fbt fort et soutenu. Il pr\u00e9sente naturellement une certaine amertume.<\/p>\n<p>Nous sommes all\u00e9 chercher ces pots en famille chez Miels Girard en France pendant les vacances de No\u00ebl 2024.<br \/>\nCette exploitation est situ\u00e9e entre Tours en Angers, au coeur du Parc Naturel Regional Loire Anjou Touraine.<br \/>\nLes feuille de ch\u00e2taignier et les bogues de ch\u00e2taignes jonchent le sol sit\u00f4t sorti chez chez eux.<\/p>\n<p>Poids net : 500g<br \/>\nPrix du kilo : 23,8 \u20ac<\/p>\n","protected":false},"excerpt":{"rendered":"<p>Origine botanique : Ch\u00e2taignier<br \/>\nOrigine g\u00e9ographique : France<\/p>\n","protected":false},"featured_media":509346,"comment_status":"open","ping_status":"closed","template":"","meta":{"_acf_changed":false,"_et_pb_use_builder":"","_et_pb_old_content":"","_et_gb_content_width":""},"product_brand":[],"product_cat":[599],"product_tag":[],"class_list":{"0":"post-509341","1":"product","2":"type-product","3":"status-publish","4":"has-post-thumbnail","6":"product_cat-miel-des-copains","7":"pa_poids-500-g","9":"first","10":"instock","11":"taxable","12":"shipping-taxable","13":"purchasable","14":"product-type-simple"},"acf":[],"_links":{"self":[{"href":"https:\/\/www.beetasty.be\/fr\/wp-json\/wp\/v2\/product\/509341","targetHints":{"allow":["GET"]}}],"collection":[{"href":"https:\/\/www.beetasty.be\/fr\/wp-json\/wp\/v2\/product"}],"about":[{"href":"https:\/\/www.beetasty.be\/fr\/wp-json\/wp\/v2\/types\/product"}],"replies":[{"embeddable":true,"href":"https:\/\/www.beetasty.be\/fr\/wp-json\/wp\/v2\/comments?post=509341"}],"wp:featuredmedia":[{"embeddable":true,"href":"https:\/\/www.beetasty.be\/fr\/wp-json\/wp\/v2\/media\/509346"}],"wp:attachment":[{"href":"https:\/\/www.beetasty.be\/fr\/wp-json\/wp\/v2\/media?parent=509341"}],"wp:term":[{"taxonomy":"product_brand","embeddable":true,"href":"https:\/\/www.beetasty.be\/fr\/wp-json\/wp\/v2\/product_brand?post=509341"},{"taxonomy":"product_cat","embeddable":true,"href":"https:\/\/www.beetasty.be\/fr\/wp-json\/wp\/v2\/product_cat?post=509341"},{"taxonomy":"product_tag","embeddable":true,"href":"https:\/\/www.beetasty.be\/fr\/wp-json\/wp\/v2\/product_tag?post=509341"}],"curies":[{"name":"wp","href":"https:\/\/api.w.org\/{rel}","templated":true}]}}