{"id":509220,"date":"2024-12-05T09:39:00","date_gmt":"2024-12-05T08:39:00","guid":{"rendered":"https:\/\/www.beetasty.be\/?post_type=product&#038;p=509220"},"modified":"2026-03-25T22:43:35","modified_gmt":"2026-03-25T21:43:35","slug":"miel-de-bruyere-callune","status":"publish","type":"product","link":"https:\/\/www.beetasty.be\/fr\/boutique-du-producteur\/miel-artisanal-belgique\/miel-de-bruyere-callune\/","title":{"rendered":"Miel de Bruy\u00e8re callune"},"content":{"rendered":"<p>J&#8217;ai produit le miel de Bruy\u00e8re callune pendant plusieurs ann\u00e9es en amenant mes ruches \u00e0 Houthalen.<\/p>\n<p>Depuis 2024, dans mon plan de r\u00e9duction de mes \u00e9missions de CO\u00b2, je ne transhume plus mes ruches.<br \/>\nJ&#8217;ai donc arr\u00eat\u00e9 de produire le miel de Bruy\u00e8re.<\/p>\n<p>Comme beaucoup de clients tenaient fort \u00e0 ce miel, j&#8217;ai trouv\u00e9 un autre producteur \u00e0 qui je le rach\u00e8te.<br \/>\nRobert Lequeux est apiculteur \u00e0 Sombreffe, Il forme de nombreux apiculteurs, et c&#8217;est avec lui que j&#8217;allais \u00e0 Houthalen.<\/p>\n<p>Comme la production a \u00e9t\u00e9 bonne cette ann\u00e9e 2024, j&#8217;ai pu lui racheter quelques pots.<\/p>\n<p>Je limite volontairement le nombre de pots vendus \u00e0 1 seul par commande. Vu le stock limit\u00e9, je souhaite en faire b\u00e9n\u00e9ficier \u00e0 un maximum de clients.<\/p>\n<p>Poids net : 385 g.<br \/>\nPrix au kilo : 28,91 \u20ac<\/p>\n<div class=\"bt-faq\"><details class=\"bt-faq-item\"><summary>Quels sont les vertus du miel de Bruy\u00e8re ?<\/summary><div class=\"bt-faq-answer\"><p>C&#8217;est un miel qui est particuli\u00e8rement riche en vitamine et min\u00e9raux.<br \/>\nIl a la r\u00e9putation d&#8217;\u00eatre tonifiant, diur\u00e9tique, remin\u00e9ralisant, et antian\u00e9mique.<br \/>\nJe le recommande pour les grandes fatigues.<\/p>\n<\/div><\/details><details class=\"bt-faq-item\"><summary>D&#8217;o\u00f9 vient votre miel de Bruy\u00e8re<\/summary><div class=\"bt-faq-answer\"><p>Pour produire ce miel, j&#8217;apporte mes ruches \u00e0 proximit\u00e9 d&#8217;une r\u00e9serve naturelle en Flandre qui est satur\u00e9e de Bruy\u00e8re callune.<br \/>\nLes ruches y restent jusque \u00e0 la fin du mois d\u2019ao\u00fbt ou d\u00e9but septembre. Lorsqu&#8217;on reprend les ruches elles ont une odeur typique.<\/p>\n<\/div><\/details><details class=\"bt-faq-item\"><summary>Pourquoi est-il recommand\u00e9 de garder le miel de Bruy\u00e8re au frigo ?<\/summary><div class=\"bt-faq-answer\"><p>C&#8217;est le seul miel qui peut \u00eatre vendu malgr\u00e9 un taux d&#8217;humidit\u00e9 sup\u00e9rieur \u00e0 20 %<br \/>\nIl est naturellement plus humide qu&#8217;un miel &#8220;normal&#8221;. Pour \u00e9viter qu&#8217;il ne fermante trop vite, il est donc recommand\u00e9 de le conserver au frigo.<\/p>\n<\/div><\/details><details class=\"bt-faq-item\"><summary>Pourquoi le miel de bruy\u00e8re est-il rare?<\/summary><div class=\"bt-faq-answer\"><p>La Bruy\u00e8re callune a besoin d&#8217;un environnement sp\u00e9cifique pour pousser. En premier un sol tr\u00e8s sableux.<\/p>\n<p>Ensuite, le miel de bruy\u00e8re ne s&#8217;extrait pas aussi facilement que les autres miels. Il faut du mat\u00e9riel sp\u00e9cifique (une picoteuse), et \u00e7a rebute certains apiculteurs.<br \/>\nMais en plus, la Bruy\u00e8re callune fleurit tr\u00e8s tard dans la saison (mois d&#8217;aout), et certains disent que le miel de bruy\u00e8re ne convient pas pour l&#8217;hivernage des abeilles.<br \/>\nDe par mon exp\u00e9rience, je ne constate pas de soucis pour l&#8217;hivernage des abeilles sur le miel de bruy\u00e8re, mais d&#8217;autres apiculteurs s&#8217;en m\u00e9fient et gardent donc leurs ruches loin de la bruy\u00e8re.<\/p>\n<\/div><\/details><details class=\"bt-faq-item\"><summary>Comment extraire le miel de Bruy\u00e8re ?<\/summary><div class=\"bt-faq-answer\"><p>La technique normale consiste \u00e0 disposer d&#8217;une picoteuse. Cette machine va injecter une bulle d&#8217;air au fond de chaque cellule de miel \u00e0 l&#8217;aide d&#8217;une aiguille.<br \/>\nEnsuite, le cadre est mis dans l&#8217;extracteur (en position tangentielle obligatoirement), et la bulle d&#8217;air va aider le miel \u00e0 sortir.<\/p>\n<p>Comme je ne dispose pas de picoteuse, a l&#8217;aide d&#8217;une cuill\u00e8re je racle les cadres et enl\u00e8ve les cellules de cire et leur contenu. Il ne subsiste apr\u00e8s que la cire gaufr\u00e9e.<br \/>\nLe m\u00e9lange miel\/cire est pass\u00e9 \u00e0 la centrifugeuse \u00e0 opercules, et il n&#8217;en ressort que le miel filtr\u00e9.<\/p>\n<\/div><\/details><script type=\"application\/ld+json\">{\"@context\":\"https:\/\/schema.org\",\"@type\":\"FAQPage\",\"mainEntity\":[{\"@type\":\"Question\",\"name\":\"Quels sont les vertus du miel de Bruy\u00e8re ?\",\"acceptedAnswer\":{\"@type\":\"Answer\",\"text\":\"C&#8217;est un miel qui est particuli\u00e8rement riche en vitamine et min\u00e9raux.\\nIl a la r\u00e9putation d&#8217;\u00eatre tonifiant, diur\u00e9tique, remin\u00e9ralisant, et antian\u00e9mique.\\nJe le recommande pour les grandes fatigues.\"}},{\"@type\":\"Question\",\"name\":\"D&#8217;o\u00f9 vient votre miel de Bruy\u00e8re\",\"acceptedAnswer\":{\"@type\":\"Answer\",\"text\":\"Pour produire ce miel, j&#8217;apporte mes ruches \u00e0 proximit\u00e9 d&#8217;une r\u00e9serve naturelle en Flandre qui est satur\u00e9e de Bruy\u00e8re callune.\\nLes ruches y restent jusque \u00e0 la fin du mois d\u2019ao\u00fbt ou d\u00e9but septembre. Lorsqu&#8217;on reprend les ruches elles ont une odeur typique.\"}},{\"@type\":\"Question\",\"name\":\"Pourquoi est-il recommand\u00e9 de garder le miel de Bruy\u00e8re au frigo ?\",\"acceptedAnswer\":{\"@type\":\"Answer\",\"text\":\"C&#8217;est le seul miel qui peut \u00eatre vendu malgr\u00e9 un taux d&#8217;humidit\u00e9 sup\u00e9rieur \u00e0 20 %\\nIl est naturellement plus humide qu&#8217;un miel &#8220;normal&#8221;. Pour \u00e9viter qu&#8217;il ne fermante trop vite, il est donc recommand\u00e9 de le conserver au frigo.\"}},{\"@type\":\"Question\",\"name\":\"Pourquoi le miel de bruy\u00e8re est-il rare?\",\"acceptedAnswer\":{\"@type\":\"Answer\",\"text\":\"La Bruy\u00e8re callune a besoin d&#8217;un environnement sp\u00e9cifique pour pousser. En premier un sol tr\u00e8s sableux.\\nEnsuite, le miel de bruy\u00e8re ne s&#8217;extrait pas aussi facilement que les autres miels. Il faut du mat\u00e9riel sp\u00e9cifique (une picoteuse), et \u00e7a rebute certains apiculteurs.\\nMais en plus, la Bruy\u00e8re callune fleurit tr\u00e8s tard dans la saison (mois d&#8217;aout), et certains disent que le miel de bruy\u00e8re ne convient pas pour l&#8217;hivernage des abeilles.\\nDe par mon exp\u00e9rience, je ne constate pas de soucis pour l&#8217;hivernage des abeilles sur le miel de bruy\u00e8re, mais d&#8217;autres apiculteurs s&#8217;en m\u00e9fient et gardent donc leurs ruches loin de la bruy\u00e8re.\"}},{\"@type\":\"Question\",\"name\":\"Comment extraire le miel de Bruy\u00e8re ?\",\"acceptedAnswer\":{\"@type\":\"Answer\",\"text\":\"La technique normale consiste \u00e0 disposer d&#8217;une picoteuse. Cette machine va injecter une bulle d&#8217;air au fond de chaque cellule de miel \u00e0 l&#8217;aide d&#8217;une aiguille.\\nEnsuite, le cadre est mis dans l&#8217;extracteur (en position tangentielle obligatoirement), et la bulle d&#8217;air va aider le miel \u00e0 sortir.\\nComme je ne dispose pas de picoteuse, a l&#8217;aide d&#8217;une cuill\u00e8re je racle les cadres et enl\u00e8ve les cellules de cire et leur contenu. Il ne subsiste apr\u00e8s que la cire gaufr\u00e9e.\\nLe m\u00e9lange miel\/cire est pass\u00e9 \u00e0 la centrifugeuse \u00e0 opercules, et il n&#8217;en ressort que le miel filtr\u00e9.\"}}]}<\/script><\/div>\n","protected":false},"excerpt":{"rendered":"<p>J&#8217;ai produit le miel de Bruy\u00e8re callune pendant plusieurs ann\u00e9es en amenant mes ruches \u00e0 Houthalen. Depuis 2024, dans mon plan de r\u00e9duction de mes \u00e9missions de CO\u00b2, je ne transhume plus mes ruches. J&#8217;ai donc arr\u00eat\u00e9 de produire le miel de Bruy\u00e8re. Comme beaucoup de clients tenaient fort \u00e0 ce miel, j&#8217;ai trouv\u00e9 un [&hellip;]<\/p>\n","protected":false},"featured_media":509221,"comment_status":"open","ping_status":"closed","template":"","meta":{"_acf_changed":false,"_et_pb_use_builder":"","_et_pb_old_content":"","_et_gb_content_width":""},"product_brand":[],"product_cat":[46,599],"product_tag":[117,56,592],"class_list":{"0":"post-509220","1":"product","2":"type-product","3":"status-publish","4":"has-post-thumbnail","6":"product_cat-miel-artisanal-belgique","7":"product_cat-miel-des-copains","8":"product_tag-bruyere","9":"product_tag-miel","10":"product_tag-miel-de-bruyere","12":"first","13":"instock","14":"sold-individually","15":"taxable","16":"shipping-taxable","17":"purchasable","18":"product-type-simple"},"acf":[],"_links":{"self":[{"href":"https:\/\/www.beetasty.be\/fr\/wp-json\/wp\/v2\/product\/509220","targetHints":{"allow":["GET"]}}],"collection":[{"href":"https:\/\/www.beetasty.be\/fr\/wp-json\/wp\/v2\/product"}],"about":[{"href":"https:\/\/www.beetasty.be\/fr\/wp-json\/wp\/v2\/types\/product"}],"replies":[{"embeddable":true,"href":"https:\/\/www.beetasty.be\/fr\/wp-json\/wp\/v2\/comments?post=509220"}],"wp:featuredmedia":[{"embeddable":true,"href":"https:\/\/www.beetasty.be\/fr\/wp-json\/wp\/v2\/media\/509221"}],"wp:attachment":[{"href":"https:\/\/www.beetasty.be\/fr\/wp-json\/wp\/v2\/media?parent=509220"}],"wp:term":[{"taxonomy":"product_brand","embeddable":true,"href":"https:\/\/www.beetasty.be\/fr\/wp-json\/wp\/v2\/product_brand?post=509220"},{"taxonomy":"product_cat","embeddable":true,"href":"https:\/\/www.beetasty.be\/fr\/wp-json\/wp\/v2\/product_cat?post=509220"},{"taxonomy":"product_tag","embeddable":true,"href":"https:\/\/www.beetasty.be\/fr\/wp-json\/wp\/v2\/product_tag?post=509220"}],"curies":[{"name":"wp","href":"https:\/\/api.w.org\/{rel}","templated":true}]}}