{"id":509114,"date":"2024-11-12T09:31:58","date_gmt":"2024-11-12T08:31:58","guid":{"rendered":"https:\/\/www.beetasty.be\/?post_type=product&#038;p=509114"},"modified":"2026-04-15T10:36:23","modified_gmt":"2026-04-15T08:36:23","slug":"nougat-artisanal-100g","status":"publish","type":"product","link":"https:\/\/www.beetasty.be\/fr\/boutique-du-producteur\/epicerie\/nougat-artisanal-100g\/","title":{"rendered":"Nougat artisanal &#8211; par 100g"},"content":{"rendered":"<p data-start=\"162\" data-end=\"213\"><strong data-start=\"162\" data-end=\"213\">Nougat artisanal (100g) \u2013 Origine France<\/strong><\/p>\n<p data-start=\"215\" data-end=\"468\">Nougat blanc <strong data-start=\"228\" data-end=\"238\">tendre<\/strong> et g\u00e9n\u00e9reux, aux <strong data-start=\"256\" data-end=\"291\">amandes, noisettes et pistaches<\/strong>. Les fruits secs sont l\u00e9g\u00e8rement torr\u00e9fi\u00e9s pour d\u00e9velopper leurs ar\u00f4mes, puis la pr\u00e9paration est cuite \u00e0 basse temp\u00e9rature pour pr\u00e9server le go\u00fbt et garder une belle souplesse.<\/p>\n<p data-start=\"470\" data-end=\"917\"><strong data-start=\"470\" data-end=\"487\">Ingr\u00e9dients :<\/strong> miel (24%), sucre, <strong data-start=\"507\" data-end=\"515\">\u0153ufs<\/strong>, <strong data-start=\"517\" data-end=\"530\">pistaches<\/strong>, <strong data-start=\"532\" data-end=\"543\">amandes<\/strong>, <strong data-start=\"545\" data-end=\"558\">noisettes<\/strong>, sirop de glucose.<br data-start=\"577\" data-end=\"580\" \/><strong data-start=\"580\" data-end=\"596\">Allerg\u00e8nes :<\/strong> contient <strong data-start=\"606\" data-end=\"614\">\u0153ufs<\/strong> et <strong data-start=\"618\" data-end=\"636\">fruits \u00e0 coque<\/strong>. (le pain azyme peut contenir du gluten, selon la recette)<br data-start=\"637\" data-end=\"640\" \/><strong data-start=\"640\" data-end=\"653\" data-is-only-node=\"\">Origine :<\/strong> France.<br data-start=\"661\" data-end=\"664\" \/><strong data-start=\"664\" data-end=\"682\">Conservation :<\/strong> emballage flow-pack pour pr\u00e9server le moelleux plus longtemps (voir DDM sur l\u2019emballage).<br data-start=\"772\" data-end=\"775\" \/><strong data-start=\"775\" data-end=\"792\">Fabrication :<\/strong> fabriqu\u00e9 artisanalement par <strong data-start=\"821\" data-end=\"845\">D\u00e9lices des abeilles<\/strong> \u2014 s\u00e9lectionn\u00e9 et distribu\u00e9 par <strong data-start=\"877\" data-end=\"889\">BeeTasty<\/strong>.<br data-start=\"890\" data-end=\"893\" \/><strong data-start=\"893\" data-end=\"911\">Prix au kilo :<\/strong> 45 \u20ac.<\/p>\n","protected":false},"excerpt":{"rendered":"<p>Nougat artisanal tendre (100g) \u2013 origine France, emballage flow-pack pour une meilleure conservation.<\/p>\n","protected":false},"featured_media":509116,"comment_status":"open","ping_status":"closed","template":"","meta":{"_acf_changed":false,"_et_pb_use_builder":"","_et_pb_old_content":"","_et_gb_content_width":""},"product_brand":[],"product_cat":[47,52],"product_tag":[293,295,56,145,509],"class_list":{"0":"post-509114","1":"product","2":"type-product","3":"status-publish","4":"has-post-thumbnail","6":"product_cat-epicerie","7":"product_cat-nougats","8":"product_tag-amandes","9":"product_tag-douceur","10":"product_tag-miel","11":"product_tag-nougat","12":"product_tag-pistaches","13":"pa_poids-41-100g","15":"first","16":"instock","17":"taxable","18":"shipping-taxable","19":"purchasable","20":"product-type-simple"},"acf":[],"_links":{"self":[{"href":"https:\/\/www.beetasty.be\/fr\/wp-json\/wp\/v2\/product\/509114","targetHints":{"allow":["GET"]}}],"collection":[{"href":"https:\/\/www.beetasty.be\/fr\/wp-json\/wp\/v2\/product"}],"about":[{"href":"https:\/\/www.beetasty.be\/fr\/wp-json\/wp\/v2\/types\/product"}],"replies":[{"embeddable":true,"href":"https:\/\/www.beetasty.be\/fr\/wp-json\/wp\/v2\/comments?post=509114"}],"wp:featuredmedia":[{"embeddable":true,"href":"https:\/\/www.beetasty.be\/fr\/wp-json\/wp\/v2\/media\/509116"}],"wp:attachment":[{"href":"https:\/\/www.beetasty.be\/fr\/wp-json\/wp\/v2\/media?parent=509114"}],"wp:term":[{"taxonomy":"product_brand","embeddable":true,"href":"https:\/\/www.beetasty.be\/fr\/wp-json\/wp\/v2\/product_brand?post=509114"},{"taxonomy":"product_cat","embeddable":true,"href":"https:\/\/www.beetasty.be\/fr\/wp-json\/wp\/v2\/product_cat?post=509114"},{"taxonomy":"product_tag","embeddable":true,"href":"https:\/\/www.beetasty.be\/fr\/wp-json\/wp\/v2\/product_tag?post=509114"}],"curies":[{"name":"wp","href":"https:\/\/api.w.org\/{rel}","templated":true}]}}