{"id":509110,"date":"2024-11-12T09:18:46","date_gmt":"2024-11-12T08:18:46","guid":{"rendered":"https:\/\/www.beetasty.be\/?post_type=product&#038;p=509110"},"modified":"2026-04-30T17:16:29","modified_gmt":"2026-04-30T15:16:29","slug":"nougat-caramel-beurre-sale-par-100g","status":"publish","type":"product","link":"https:\/\/www.beetasty.be\/fr\/boutique-du-producteur\/epicerie\/nougat-caramel-beurre-sale-par-100g\/","title":{"rendered":"Nougat caramel beurre sal\u00e9 &#8211; par 100g"},"content":{"rendered":"<p data-start=\"0\" data-end=\"64\"><strong data-start=\"0\" data-end=\"64\">Nougat caramel beurre sal\u00e9 artisanal (100g) \u2013 Origine France<\/strong><\/p>\n<p data-start=\"66\" data-end=\"260\">Un nougat tendre et gourmand, relev\u00e9 par un caramel type salidou et une pointe de sel de Gu\u00e9rande. Texture moelleuse, notes beurr\u00e9es et caram\u00e9lis\u00e9es : une barre \u201cplaisir\u201d qui se mange trop vite.<\/p>\n<p data-start=\"262\" data-end=\"596\"><strong data-start=\"262\" data-end=\"279\">Ingr\u00e9dients :<\/strong> sucre, <strong data-start=\"287\" data-end=\"298\">AMANDES<\/strong>, miel, sirop de glucose, cr\u00e8me de salidou (sucre, cr\u00e8me fra\u00eeche, <strong data-start=\"364\" data-end=\"374\">BEURRE<\/strong> frais, sirop de glucose, sel de Gu\u00e9rande, fleur de sel de Gu\u00e9rande), blancs d\u2019<strong data-start=\"453\" data-end=\"461\">\u0152UFS<\/strong>, \u00e9clats de caramel (sirop de glucose, sucre, <strong data-start=\"507\" data-end=\"515\" data-is-only-node=\"\">LAIT<\/strong>concentr\u00e9 sucr\u00e9, <strong data-start=\"533\" data-end=\"543\">BEURRE<\/strong> doux, <strong data-start=\"550\" data-end=\"560\">BEURRE<\/strong> sal\u00e9, sel de Gu\u00e9rande), pain azyme.<\/p>\n<p data-start=\"598\" data-end=\"1059\"><strong data-start=\"598\" data-end=\"614\">Allerg\u00e8nes :<\/strong> <strong data-start=\"615\" data-end=\"643\">amandes (fruits \u00e0 coque)<\/strong>, <strong data-start=\"645\" data-end=\"653\">lait<\/strong>, <strong data-start=\"655\" data-end=\"663\">\u0153ufs<\/strong>. <em data-start=\"665\" data-end=\"724\" data-is-only-node=\"\">(Le pain azyme peut contenir du gluten selon la recette.)<\/em><br data-start=\"724\" data-end=\"727\" \/><strong data-start=\"727\" data-end=\"740\">Origine :<\/strong> France.<br data-start=\"748\" data-end=\"751\" \/><strong data-start=\"751\" data-end=\"769\">Conservation :<\/strong> emballage flow-pack pour pr\u00e9server le moelleux plus longtemps (voir DDM sur l\u2019emballage).<br data-start=\"859\" data-end=\"862\" \/><strong data-start=\"862\" data-end=\"879\">Fabrication :<\/strong> fabriqu\u00e9 artisanalement par <strong data-start=\"908\" data-end=\"932\">D\u00e9lices des abeilles<\/strong> \u2014 s\u00e9lectionn\u00e9 et distribu\u00e9 par <strong data-start=\"964\" data-end=\"976\">BeeTasty<\/strong>.<br data-start=\"977\" data-end=\"980\" \/><strong data-start=\"980\" data-end=\"998\">Prix au kilo :<\/strong> 45 \u20ac<\/p>\n","protected":false},"excerpt":{"rendered":"<p>Nougat artisanal tendre 100g au caramel beurre sal\u00e9 (sel de Gu\u00e9rande) \u2013 origine France.<\/p>\n","protected":false},"featured_media":509112,"comment_status":"open","ping_status":"closed","template":"","meta":{"_acf_changed":false,"_et_pb_use_builder":"","_et_pb_old_content":"","_et_gb_content_width":""},"product_brand":[],"product_cat":[47,52],"product_tag":[293,126,510,56,145,509],"class_list":{"0":"post-509110","1":"product","2":"type-product","3":"status-publish","4":"has-post-thumbnail","6":"product_cat-epicerie","7":"product_cat-nougats","8":"product_tag-amandes","9":"product_tag-caramel","10":"product_tag-isigny","11":"product_tag-miel","12":"product_tag-nougat","13":"product_tag-pistaches","15":"first","16":"instock","17":"taxable","18":"shipping-taxable","19":"purchasable","20":"product-type-simple"},"acf":[],"_links":{"self":[{"href":"https:\/\/www.beetasty.be\/fr\/wp-json\/wp\/v2\/product\/509110","targetHints":{"allow":["GET"]}}],"collection":[{"href":"https:\/\/www.beetasty.be\/fr\/wp-json\/wp\/v2\/product"}],"about":[{"href":"https:\/\/www.beetasty.be\/fr\/wp-json\/wp\/v2\/types\/product"}],"replies":[{"embeddable":true,"href":"https:\/\/www.beetasty.be\/fr\/wp-json\/wp\/v2\/comments?post=509110"}],"wp:featuredmedia":[{"embeddable":true,"href":"https:\/\/www.beetasty.be\/fr\/wp-json\/wp\/v2\/media\/509112"}],"wp:attachment":[{"href":"https:\/\/www.beetasty.be\/fr\/wp-json\/wp\/v2\/media?parent=509110"}],"wp:term":[{"taxonomy":"product_brand","embeddable":true,"href":"https:\/\/www.beetasty.be\/fr\/wp-json\/wp\/v2\/product_brand?post=509110"},{"taxonomy":"product_cat","embeddable":true,"href":"https:\/\/www.beetasty.be\/fr\/wp-json\/wp\/v2\/product_cat?post=509110"},{"taxonomy":"product_tag","embeddable":true,"href":"https:\/\/www.beetasty.be\/fr\/wp-json\/wp\/v2\/product_tag?post=509110"}],"curies":[{"name":"wp","href":"https:\/\/api.w.org\/{rel}","templated":true}]}}