{"id":506845,"date":"2023-01-23T10:59:13","date_gmt":"2023-01-23T09:59:13","guid":{"rendered":"https:\/\/www.beetasty.be\/?post_type=product&#038;p=506845"},"modified":"2026-01-14T15:58:05","modified_gmt":"2026-01-14T14:58:05","slug":"bougie-moulee-coeur","status":"publish","type":"product","link":"https:\/\/www.beetasty.be\/fr\/boutique-du-producteur\/bougies-naturelles-en-cire-d-abeille\/bougie-moulee-coeur\/","title":{"rendered":"Bougie moul\u00e9e coeur"},"content":{"rendered":"<p>Fabriqu\u00e9 \u00e0 la main dans notre atelier<\/p>\n<p>100% cire d&#8217;abeille avec une m\u00e8che en coton.<br \/>\nHauteur : 10cm<\/p>\n<p>Prix par kilo : 28,6 \u20ac<\/p>\n","protected":false},"excerpt":{"rendered":"<p>Bougie en cire d&#8217;abeille naturelle<\/p>\n","protected":false},"featured_media":506847,"comment_status":"open","ping_status":"closed","template":"","meta":{"_acf_changed":false,"_et_pb_use_builder":"","_et_pb_old_content":"","_et_gb_content_width":""},"product_brand":[],"product_cat":[49],"product_tag":[98,99,56,63,199,62],"class_list":{"0":"post-506845","1":"product","2":"type-product","3":"status-publish","4":"has-post-thumbnail","6":"product_cat-bougies-naturelles-en-cire-d-abeille","7":"product_tag-bougie","8":"product_tag-cire","9":"product_tag-miel","10":"product_tag-nature","11":"product_tag-poussins","12":"product_tag-sante","14":"first","15":"onbackorder","16":"taxable","17":"shipping-taxable","18":"purchasable","19":"product-type-simple"},"acf":[],"_links":{"self":[{"href":"https:\/\/www.beetasty.be\/fr\/wp-json\/wp\/v2\/product\/506845","targetHints":{"allow":["GET"]}}],"collection":[{"href":"https:\/\/www.beetasty.be\/fr\/wp-json\/wp\/v2\/product"}],"about":[{"href":"https:\/\/www.beetasty.be\/fr\/wp-json\/wp\/v2\/types\/product"}],"replies":[{"embeddable":true,"href":"https:\/\/www.beetasty.be\/fr\/wp-json\/wp\/v2\/comments?post=506845"}],"wp:featuredmedia":[{"embeddable":true,"href":"https:\/\/www.beetasty.be\/fr\/wp-json\/wp\/v2\/media\/506847"}],"wp:attachment":[{"href":"https:\/\/www.beetasty.be\/fr\/wp-json\/wp\/v2\/media?parent=506845"}],"wp:term":[{"taxonomy":"product_brand","embeddable":true,"href":"https:\/\/www.beetasty.be\/fr\/wp-json\/wp\/v2\/product_brand?post=506845"},{"taxonomy":"product_cat","embeddable":true,"href":"https:\/\/www.beetasty.be\/fr\/wp-json\/wp\/v2\/product_cat?post=506845"},{"taxonomy":"product_tag","embeddable":true,"href":"https:\/\/www.beetasty.be\/fr\/wp-json\/wp\/v2\/product_tag?post=506845"}],"curies":[{"name":"wp","href":"https:\/\/api.w.org\/{rel}","templated":true}]}}