{"id":506728,"date":"2022-12-24T13:12:08","date_gmt":"2022-12-24T12:12:08","guid":{"rendered":"https:\/\/www.beetasty.be\/?post_type=product&#038;p=506728"},"modified":"2026-03-21T12:16:07","modified_gmt":"2026-03-21T11:16:07","slug":"bonbon-miel-violette","status":"publish","type":"product","link":"https:\/\/www.beetasty.be\/fr\/boutique-du-producteur\/epicerie\/bonbon-miel-violette\/","title":{"rendered":"Bonbons au miel \u00e0 la violette"},"content":{"rendered":"<p>D\u00e9couvrez nos d\u00e9licieux bonbons au miel \u00e0 la violette, une gourmandise artisanale qui \u00e9veillera vos papilles.<br \/>\nChaque bonbon, impr\u00e9gn\u00e9 d&#8217;un doux parfum r\u00e9gressif de violette, est une invitation \u00e0 un plaisir gustatif.<\/p>\n<p>Notre pot renferme 200g de ces d\u00e9lices floraux au miel, confectionn\u00e9s avec soin pour vous offrir une exp\u00e9rience sucr\u00e9e des plat agr\u00e9ables.<br \/>\nLa combinaison exquise de sucre, de sirop de glucose, de miel (15%), et de l&#8217;ar\u00f4me naturel de violette cr\u00e9e une symphonie de saveurs sucr\u00e9es et florales.<\/p>\n<p>Succombez au charme de ces petits plaisirs sucr\u00e9s, parfaits pour \u00e9gayer votre journ\u00e9e ou pour offrir en cadeau gourmand.<br \/>\nLes bonbons au miel \u00e0 la violette sont un r\u00e9gal sucr\u00e9, id\u00e9al pour tous les amateurs de douceurs artisanales. Savourez l&#8217;instant avec cette cr\u00e9ation unique et d\u00e9licieuse !<\/p>\n<p>Prix au kilo : 21 \u20ac<\/p>\n","protected":false},"excerpt":{"rendered":"<p>D\u00e9couvrez nos d\u00e9licieux bonbons au miel \u00e0 la violette, une gourmandise artisanale qui \u00e9veillera vos papilles. Chaque bonbon, impr\u00e9gn\u00e9 d&#8217;un doux parfum r\u00e9gressif de violette, est une invitation \u00e0 un plaisir gustatif. Notre pot renferme 200g de ces d\u00e9lices floraux au miel, confectionn\u00e9s avec soin pour vous offrir une exp\u00e9rience sucr\u00e9e des plat agr\u00e9ables. La [&hellip;]<\/p>\n","protected":false},"featured_media":506729,"comment_status":"open","ping_status":"closed","template":"","meta":{"_acf_changed":false,"_et_pb_use_builder":"","_et_pb_old_content":"","_et_gb_content_width":""},"product_brand":[],"product_cat":[47],"product_tag":[512,514,513],"class_list":{"0":"post-506728","1":"product","2":"type-product","3":"status-publish","4":"has-post-thumbnail","6":"product_cat-epicerie","7":"product_tag-bonbon","8":"product_tag-citron","9":"product_tag-mielline","11":"first","12":"instock","13":"taxable","14":"shipping-taxable","15":"purchasable","16":"product-type-simple"},"acf":[],"_links":{"self":[{"href":"https:\/\/www.beetasty.be\/fr\/wp-json\/wp\/v2\/product\/506728","targetHints":{"allow":["GET"]}}],"collection":[{"href":"https:\/\/www.beetasty.be\/fr\/wp-json\/wp\/v2\/product"}],"about":[{"href":"https:\/\/www.beetasty.be\/fr\/wp-json\/wp\/v2\/types\/product"}],"replies":[{"embeddable":true,"href":"https:\/\/www.beetasty.be\/fr\/wp-json\/wp\/v2\/comments?post=506728"}],"wp:featuredmedia":[{"embeddable":true,"href":"https:\/\/www.beetasty.be\/fr\/wp-json\/wp\/v2\/media\/506729"}],"wp:attachment":[{"href":"https:\/\/www.beetasty.be\/fr\/wp-json\/wp\/v2\/media?parent=506728"}],"wp:term":[{"taxonomy":"product_brand","embeddable":true,"href":"https:\/\/www.beetasty.be\/fr\/wp-json\/wp\/v2\/product_brand?post=506728"},{"taxonomy":"product_cat","embeddable":true,"href":"https:\/\/www.beetasty.be\/fr\/wp-json\/wp\/v2\/product_cat?post=506728"},{"taxonomy":"product_tag","embeddable":true,"href":"https:\/\/www.beetasty.be\/fr\/wp-json\/wp\/v2\/product_tag?post=506728"}],"curies":[{"name":"wp","href":"https:\/\/api.w.org\/{rel}","templated":true}]}}