{"id":177,"date":"2015-12-04T15:01:19","date_gmt":"2015-12-04T14:01:19","guid":{"rendered":"http:\/\/www2.beetasty.be\/product\/chocomiel-artisanal\/"},"modified":"2026-04-06T20:10:39","modified_gmt":"2026-04-06T18:10:39","slug":"chocomiel-artisanal","status":"publish","type":"product","link":"https:\/\/www.beetasty.be\/fr\/boutique-du-producteur\/miel-artisanal-belgique\/chocomiel-artisanal\/","title":{"rendered":"Chocomiel au chocolat au lait"},"content":{"rendered":"<p>Commencez votre journ\u00e9e avec une touche de gourmandise en d\u00e9gustant notre <strong>chocomiel au lait<\/strong>. Un mariage d\u00e9licat entre le chocolat au lait cr\u00e9meux et la douceur naturelle du miel, cette p\u00e2te \u00e0 tartiner est une invitation au bonheur d\u00e8s le petit d\u00e9jeuner.<\/p>\n<p>Pr\u00e9par\u00e9 avec soin dans notre ferme, ce <strong>chocomiel au lait<\/strong> offre une <strong>exp\u00e9rience gustative velout\u00e9e<\/strong>, alliant la richesse du chocolat au lait \u00e0 la subtilit\u00e9 du miel. Compos\u00e9 \u00e9galement de pur\u00e9e de noisettes et d&#8217;huile v\u00e9g\u00e9tale (sans huile de palme), il garantit une texture cr\u00e9meuse et un ar\u00f4me l\u00e9ger de noisette.<\/p>\n<p>Notre engagement envers la qualit\u00e9 se refl\u00e8te dans chaque pot : sans colorant ni conservateur. Ajoutez une note de <strong>douceur et de saveur saine<\/strong> \u00e0 votre rituel matinal en int\u00e9grant notre <strong>chocomiel au lait<\/strong> \u00e0 votre table du <strong>petit d\u00e9jeuner<\/strong>.<\/p>\n<p>C\u00e9l\u00e9brez chaque bouch\u00e9e, o\u00f9 le plaisir du go\u00fbt se marie harmonieusement avec la naturalit\u00e9. D\u00e9couvrez \u00e9galement notre vari\u00e9t\u00e9 <a href=\"https:\/\/www.beetasty.be\/fr\/boutique-du-producteur\/miel-artisanal-belgique\/chocomiel-au-chocolat-noir\/\"><strong>chocomiel au chocolat noir<\/strong><\/a> pour une exp\u00e9rience tout aussi exquise !<\/p>\n<p>Prix par kilo : 21,4 \u20ac<\/p>\n","protected":false},"excerpt":{"rendered":"<p>P\u00e2te \u00e0 tartiner au miel et chocolat au lait<\/p>\n<p>A rajouter d&#8217;urgence sur la table du petit d\u00e9jeuner.<\/p>\n","protected":false},"featured_media":500329,"comment_status":"open","ping_status":"closed","template":"","meta":{"_acf_changed":false,"_et_pb_use_builder":"","_et_pb_old_content":"","_et_gb_content_width":""},"product_brand":[],"product_cat":[322,381],"product_tag":[420,277,422,421,328],"class_list":{"0":"post-177","1":"product","2":"type-product","3":"status-publish","4":"has-post-thumbnail","6":"product_cat-imker-honing-uit-belgie","7":"product_cat-voedingswaren-met-honing","8":"product_tag-chocolade","9":"product_tag-chocolat-au-lait","10":"product_tag-chocolade-met-honing","11":"product_tag-chocohoning","12":"product_tag-honing","14":"first","15":"instock","16":"taxable","17":"shipping-taxable","18":"purchasable","19":"product-type-simple"},"acf":[],"_links":{"self":[{"href":"https:\/\/www.beetasty.be\/fr\/wp-json\/wp\/v2\/product\/177","targetHints":{"allow":["GET"]}}],"collection":[{"href":"https:\/\/www.beetasty.be\/fr\/wp-json\/wp\/v2\/product"}],"about":[{"href":"https:\/\/www.beetasty.be\/fr\/wp-json\/wp\/v2\/types\/product"}],"replies":[{"embeddable":true,"href":"https:\/\/www.beetasty.be\/fr\/wp-json\/wp\/v2\/comments?post=177"}],"wp:featuredmedia":[{"embeddable":true,"href":"https:\/\/www.beetasty.be\/fr\/wp-json\/wp\/v2\/media\/500329"}],"wp:attachment":[{"href":"https:\/\/www.beetasty.be\/fr\/wp-json\/wp\/v2\/media?parent=177"}],"wp:term":[{"taxonomy":"product_brand","embeddable":true,"href":"https:\/\/www.beetasty.be\/fr\/wp-json\/wp\/v2\/product_brand?post=177"},{"taxonomy":"product_cat","embeddable":true,"href":"https:\/\/www.beetasty.be\/fr\/wp-json\/wp\/v2\/product_cat?post=177"},{"taxonomy":"product_tag","embeddable":true,"href":"https:\/\/www.beetasty.be\/fr\/wp-json\/wp\/v2\/product_tag?post=177"}],"curies":[{"name":"wp","href":"https:\/\/api.w.org\/{rel}","templated":true}]}}