{"id":172,"date":"2015-12-03T12:34:48","date_gmt":"2015-12-03T11:34:48","guid":{"rendered":"http:\/\/www2.beetasty.be\/product\/pain-d-epices-artisanal\/"},"modified":"2026-04-30T17:16:29","modified_gmt":"2026-04-30T15:16:29","slug":"pain-d-epices-artisanal","status":"publish","type":"product","link":"https:\/\/www.beetasty.be\/fr\/boutique-du-producteur\/epicerie\/pain-d-epices-artisanal\/","title":{"rendered":"Pain d&#8217;\u00e9pices Artisanal"},"content":{"rendered":"<p data-start=\"171\" data-end=\"235\"><strong data-start=\"171\" data-end=\"235\">Pain d\u2019\u00e9pices artisanal (miel 49%) \u2013 Origine France (Creuse)<\/strong><\/p>\n<p data-start=\"237\" data-end=\"548\">Un pain d\u2019\u00e9pices <strong data-start=\"254\" data-end=\"266\">moelleux<\/strong> \u00e0 la robe caramel, o\u00f9 le miel prend toute la place : <strong data-start=\"320\" data-end=\"348\">aucun autre sucre ajout\u00e9<\/strong>, juste la douceur naturelle du miel et le relief des \u00e9pices.<br data-start=\"409\" data-end=\"412\" \/>Anis, cannelle et une pointe de muscade : un \u00e9quilibre chaud, r\u00e9confortant, parfait avec un th\u00e9, un caf\u00e9\u2026 ou simplement par gourmandise.<\/p>\n<p data-start=\"550\" data-end=\"1238\"><strong data-start=\"550\" data-end=\"567\">Ingr\u00e9dients :<\/strong> miel 49 %, farine de bl\u00e9, lait, poudre \u00e0 lever : bicarbonate de soude, anis 0,5 %, cannelle 0,5 %, noix de muscade 0,2 %. Huile v\u00e9g\u00e9tale en spray utilis\u00e9e pour le graissage des moules (huile de colza, \u00e9mulsifiant : l\u00e9cithine de soja, gaz propulseur : butane\/propane).<br data-start=\"835\" data-end=\"838\" \/><strong data-start=\"838\" data-end=\"854\">Allerg\u00e8nes :<\/strong> contient <strong data-start=\"864\" data-end=\"880\">gluten (bl\u00e9)<\/strong>, <strong data-start=\"882\" data-end=\"890\">lait<\/strong>, <strong data-start=\"892\" data-end=\"900\">soja<\/strong>. Peut contenir des traces d\u2019<strong data-start=\"929\" data-end=\"937\">\u0153ufs<\/strong> et de <strong data-start=\"944\" data-end=\"962\">fruits \u00e0 coque<\/strong>.<br data-start=\"963\" data-end=\"966\" \/><strong data-start=\"966\" data-end=\"1015\">Valeurs nutritionnelles moyennes pour 100 g :<\/strong> 1308 kJ \/ 308 kcal \u2013 Mati\u00e8res grasses 0,7 g (dont satur\u00e9s 0,3 g) \u2013 Glucides 70 g (dont sucres 46 g) \u2013 Prot\u00e9ines 5,4 g \u2013 Sel 0,84 g.<br data-start=\"1147\" data-end=\"1150\" \/><strong data-start=\"1150\" data-end=\"1168\">Conservation :<\/strong> jusqu\u2019\u00e0 6 mois. Apr\u00e8s ouverture, conserver dans une bo\u00eete herm\u00e9tique.<\/p>\n<p data-start=\"1240\" data-end=\"1353\"><strong data-start=\"1240\" data-end=\"1257\">Fabrication :<\/strong> fabriqu\u00e9 artisanalement par <strong data-start=\"1286\" data-end=\"1310\">D\u00e9lices des abeilles<\/strong> (Creuse, France) \u2014 s\u00e9lection <strong data-start=\"1340\" data-end=\"1352\">BeeTasty<\/strong>.<\/p>\n<p data-start=\"1299\" data-end=\"1414\">\nPrix au kilo : 22,2 \u20ac<\/p>\n","protected":false},"excerpt":{"rendered":"<p>Pain d\u2019\u00e9pices moelleux au miel (49%), sans sucre ajout\u00e9 \u2014 juste miel &amp; \u00e9pices.<\/p>\n","protected":false},"featured_media":1250,"comment_status":"open","ping_status":"closed","template":"","meta":{"_acf_changed":false,"_et_pb_use_builder":"","_et_pb_old_content":"","_et_gb_content_width":""},"product_brand":[],"product_cat":[381],"product_tag":[393,347,358,328,363,366],"class_list":{"0":"post-172","1":"product","2":"type-product","3":"status-publish","4":"has-post-thumbnail","6":"product_cat-voedingswaren-met-honing","7":"product_tag-anijs","8":"product_tag-kaneel","9":"product_tag-gember","10":"product_tag-honing","11":"product_tag-nootmuskaat","12":"product_tag-peperkoeken","14":"first","15":"instock","16":"taxable","17":"shipping-taxable","18":"purchasable","19":"product-type-simple"},"acf":[],"_links":{"self":[{"href":"https:\/\/www.beetasty.be\/fr\/wp-json\/wp\/v2\/product\/172","targetHints":{"allow":["GET"]}}],"collection":[{"href":"https:\/\/www.beetasty.be\/fr\/wp-json\/wp\/v2\/product"}],"about":[{"href":"https:\/\/www.beetasty.be\/fr\/wp-json\/wp\/v2\/types\/product"}],"replies":[{"embeddable":true,"href":"https:\/\/www.beetasty.be\/fr\/wp-json\/wp\/v2\/comments?post=172"}],"wp:featuredmedia":[{"embeddable":true,"href":"https:\/\/www.beetasty.be\/fr\/wp-json\/wp\/v2\/media\/1250"}],"wp:attachment":[{"href":"https:\/\/www.beetasty.be\/fr\/wp-json\/wp\/v2\/media?parent=172"}],"wp:term":[{"taxonomy":"product_brand","embeddable":true,"href":"https:\/\/www.beetasty.be\/fr\/wp-json\/wp\/v2\/product_brand?post=172"},{"taxonomy":"product_cat","embeddable":true,"href":"https:\/\/www.beetasty.be\/fr\/wp-json\/wp\/v2\/product_cat?post=172"},{"taxonomy":"product_tag","embeddable":true,"href":"https:\/\/www.beetasty.be\/fr\/wp-json\/wp\/v2\/product_tag?post=172"}],"curies":[{"name":"wp","href":"https:\/\/api.w.org\/{rel}","templated":true}]}}