{"id":167,"date":"2015-10-24T18:04:08","date_gmt":"2015-10-24T16:04:08","guid":{"rendered":"http:\/\/www2.beetasty.be\/product\/bougie-moulee-poussin\/"},"modified":"2025-10-20T15:30:31","modified_gmt":"2025-10-20T13:30:31","slug":"bougie-moulee-poussin","status":"publish","type":"product","link":"https:\/\/www.beetasty.be\/fr\/boutique-du-producteur\/bougies-naturelles-en-cire-d-abeille\/bougie-moulee-poussin\/","title":{"rendered":"Bougie moul\u00e9e poussins"},"content":{"rendered":"<p>Fabriqu\u00e9 \u00e0 la main dans notre atelier<\/p>\n<p>100% cire d&#8217;abeille avec une m\u00e8che en coton.<br \/>\nHauteur : 10cm<\/p>\n<p>Prix par kilo : 28,6 \u20ac<\/p>\n","protected":false},"excerpt":{"rendered":"<p>Bougie en cire d&#8217;abeille naturelle<\/p>\n","protected":false},"featured_media":166,"comment_status":"open","ping_status":"closed","template":"","meta":{"_acf_changed":false,"_et_pb_use_builder":"","_et_pb_old_content":"","_et_gb_content_width":""},"product_brand":[],"product_cat":[306],"product_tag":[342,350,328,329,373,389],"class_list":{"0":"post-167","1":"product","2":"type-product","3":"status-publish","4":"has-post-thumbnail","6":"product_cat-natuurlijke-bijenwaskaarsen","7":"product_tag-kaars","8":"product_tag-was","9":"product_tag-honing","10":"product_tag-natuur","11":"product_tag-kuiken","12":"product_tag-gezondheid","14":"first","15":"onbackorder","16":"taxable","17":"shipping-taxable","18":"purchasable","19":"product-type-simple"},"acf":[],"_links":{"self":[{"href":"https:\/\/www.beetasty.be\/fr\/wp-json\/wp\/v2\/product\/167","targetHints":{"allow":["GET"]}}],"collection":[{"href":"https:\/\/www.beetasty.be\/fr\/wp-json\/wp\/v2\/product"}],"about":[{"href":"https:\/\/www.beetasty.be\/fr\/wp-json\/wp\/v2\/types\/product"}],"replies":[{"embeddable":true,"href":"https:\/\/www.beetasty.be\/fr\/wp-json\/wp\/v2\/comments?post=167"}],"wp:featuredmedia":[{"embeddable":true,"href":"https:\/\/www.beetasty.be\/fr\/wp-json\/wp\/v2\/media\/166"}],"wp:attachment":[{"href":"https:\/\/www.beetasty.be\/fr\/wp-json\/wp\/v2\/media?parent=167"}],"wp:term":[{"taxonomy":"product_brand","embeddable":true,"href":"https:\/\/www.beetasty.be\/fr\/wp-json\/wp\/v2\/product_brand?post=167"},{"taxonomy":"product_cat","embeddable":true,"href":"https:\/\/www.beetasty.be\/fr\/wp-json\/wp\/v2\/product_cat?post=167"},{"taxonomy":"product_tag","embeddable":true,"href":"https:\/\/www.beetasty.be\/fr\/wp-json\/wp\/v2\/product_tag?post=167"}],"curies":[{"name":"wp","href":"https:\/\/api.w.org\/{rel}","templated":true}]}}