{"id":165,"date":"2015-10-12T10:58:37","date_gmt":"2015-10-12T08:58:37","guid":{"rendered":"http:\/\/www2.beetasty.be\/product\/miel-d-acacia\/"},"modified":"2026-03-29T12:23:58","modified_gmt":"2026-03-29T10:23:58","slug":"miel-d-acacia","status":"publish","type":"product","link":"https:\/\/www.beetasty.be\/fr\/boutique-du-producteur\/miel-d-import\/miel-d-acacia\/","title":{"rendered":"Miel d&#8217;acacia"},"content":{"rendered":"<p>[et_pb_section fb_built=&#8221;1&#8243; _builder_version=&#8221;4.16&#8243; custom_padding=&#8221;0px||||false|false&#8221; global_colors_info=&#8221;{}&#8221;][et_pb_row _builder_version=&#8221;4.16&#8243; background_size=&#8221;initial&#8221; background_position=&#8221;top_left&#8221; background_repeat=&#8221;repeat&#8221; width=&#8221;100%&#8221; custom_padding=&#8221;0px||0px||false|false&#8221; global_colors_info=&#8221;{}&#8221;][et_pb_column type=&#8221;4_4&#8243; _builder_version=&#8221;4.16&#8243; custom_padding=&#8221;|||&#8221; global_colors_info=&#8221;{}&#8221; custom_padding__hover=&#8221;|||&#8221;][et_pb_wc_breadcrumb _builder_version=&#8221;4.16&#8243; global_colors_info=&#8221;{}&#8221;][\/et_pb_wc_breadcrumb][et_pb_wc_cart_notice _builder_version=&#8221;4.16&#8243; global_colors_info=&#8221;{}&#8221;][\/et_pb_wc_cart_notice][\/et_pb_column][\/et_pb_row][\/et_pb_section][et_pb_section fb_built=&#8221;1&#8243; _builder_version=&#8221;4.16&#8243; background_image=&#8221;https:\/\/www.beetasty.be\/wp-content\/uploads\/2015\/10\/Acacia_M.jpg&#8221; height=&#8221;300px&#8221; global_colors_info=&#8221;{}&#8221;][\/et_pb_section][et_pb_section fb_built=&#8221;1&#8243; _builder_version=&#8221;4.16&#8243; background_enable_image=&#8221;off&#8221; global_colors_info=&#8221;{}&#8221;][et_pb_row column_structure=&#8221;1_2,1_2&#8243; _builder_version=&#8221;4.16&#8243; background_size=&#8221;initial&#8221; background_position=&#8221;top_left&#8221; background_repeat=&#8221;repeat&#8221; width=&#8221;100%&#8221; custom_padding=&#8221;0px||||false|false&#8221; global_colors_info=&#8221;{}&#8221;][et_pb_column type=&#8221;1_2&#8243; _builder_version=&#8221;4.16&#8243; custom_padding=&#8221;|||&#8221; global_colors_info=&#8221;{}&#8221; custom_padding__hover=&#8221;|||&#8221;][et_pb_wc_images _builder_version=&#8221;4.16&#8243; box_shadow_style=&#8221;preset1&#8243; global_colors_info=&#8221;{}&#8221;][\/et_pb_wc_images][\/et_pb_column][et_pb_column type=&#8221;1_2&#8243; _builder_version=&#8221;4.16&#8243; custom_padding=&#8221;|||&#8221; global_colors_info=&#8221;{}&#8221; custom_padding__hover=&#8221;|||&#8221;][et_pb_wc_title _builder_version=&#8221;4.16&#8243; global_colors_info=&#8221;{}&#8221;][\/et_pb_wc_title][et_pb_wc_rating _builder_version=&#8221;4.16&#8243; global_colors_info=&#8221;{}&#8221;][\/et_pb_wc_rating][et_pb_wc_price _builder_version=&#8221;4.16&#8243; global_colors_info=&#8221;{}&#8221;][\/et_pb_wc_price][et_pb_wc_description _builder_version=&#8221;4.16&#8243; global_colors_info=&#8221;{}&#8221;][\/et_pb_wc_description][et_pb_wc_add_to_cart _builder_version=&#8221;4.16&#8243; global_colors_info=&#8221;{}&#8221;][\/et_pb_wc_add_to_cart][et_pb_wc_meta _builder_version=&#8221;4.16&#8243; global_colors_info=&#8221;{}&#8221;][\/et_pb_wc_meta][\/et_pb_column][\/et_pb_row][et_pb_row _builder_version=&#8221;4.16&#8243; width=&#8221;100%&#8221; global_colors_info=&#8221;{}&#8221;][et_pb_column type=&#8221;4_4&#8243; _builder_version=&#8221;4.16&#8243; global_colors_info=&#8221;{}&#8221;][et_pb_wc_tabs include_tabs=&#8221;description||reviews&#8221; _builder_version=&#8221;4.16&#8243; global_colors_info=&#8221;{}&#8221;]\t\t\t\t\t[\/et_pb_wc_tabs][et_pb_wc_additional_info _builder_version=&#8221;4.16&#8243; global_colors_info=&#8221;{}&#8221;][\/et_pb_wc_additional_info][\/et_pb_column][\/et_pb_row][et_pb_row _builder_version=&#8221;4.16&#8243; background_size=&#8221;initial&#8221; background_position=&#8221;top_left&#8221; background_repeat=&#8221;repeat&#8221; width=&#8221;100%&#8221; global_colors_info=&#8221;{}&#8221;][et_pb_column type=&#8221;4_4&#8243; _builder_version=&#8221;4.16&#8243; custom_padding=&#8221;|||&#8221; global_colors_info=&#8221;{}&#8221; custom_padding__hover=&#8221;|||&#8221;][et_pb_wc_upsells _builder_version=&#8221;4.16&#8243; global_colors_info=&#8221;{}&#8221;][\/et_pb_wc_upsells][et_pb_wc_related_products _builder_version=&#8221;4.16&#8243; global_colors_info=&#8221;{}&#8221;][\/et_pb_wc_related_products][\/et_pb_column][\/et_pb_row][\/et_pb_section]<\/p>\n","protected":false},"excerpt":{"rendered":"<p>Origine botanique : Acacia<br \/>\nUn miel liquide et doux qui rempli de nombreux usages.<\/p>\n","protected":false},"featured_media":509985,"comment_status":"open","ping_status":"closed","template":"","meta":{"_acf_changed":false,"_et_pb_use_builder":"on","_et_pb_old_content":"<strong>Miel de d'acacia<\/strong> import\u00e9 et mis en pot chez nous.\r\n\r\nOrigine botanique : Acacia\r\nOrigine g\u00e9ographique : Roumanie\r\n\r\nLe miel d'acacia est un miel liquide et tr\u00e8s doux.\r\n\r\nDe par sa liquidit\u00e9, il est facile \u00e0 cuisiner que ce soit pour agr\u00e9menter une vinaigrette ou sauce, ou pour badigeonner un morceau de viande \u00e0 griller.\r\nPourquoi le miel d'acacia reste-t'il liquide ? Non, il n'est pas chauff\u00e9 ! C'est parce qu'il est riche en fructose qu'il reste liquide si longtemps, alors que les miels riches en glucose cristalliseront tr\u00e8s vite (comme le <a href=\"http:\/\/www2.beetasty.be\/fr\/index.php\/produit\/miel-de-colza-de-denee-2\/\">miel de colza<\/a>)\r\n\r\nN'h\u00e9sitez pas \u00e0 lire notre article sur la <a href=\"https:\/\/www.beetasty.be\/fr\/pourquoi-le-miel-cristallise\/\">cristallisation des miels<\/a>.\r\n\r\nIl est tr\u00e8s apr\u00e9ci\u00e9 des enfants g\u00e9n\u00e9ralement car il est doux mais a du go\u00fbt.\r\n\r\nPrix par kilo : 19,5 \u20ac","_et_gb_content_width":""},"product_brand":[],"product_cat":[45],"product_tag":[160,200,201],"class_list":{"0":"post-165","1":"product","2":"type-product","3":"status-publish","4":"has-post-thumbnail","6":"product_cat-miel-d-import","7":"product_tag-acacia","8":"product_tag-miel-dacacia","9":"product_tag-roumanie","10":"pa_poids-98-385g","12":"first","13":"instock","14":"taxable","15":"shipping-taxable","16":"purchasable","17":"product-type-simple"},"acf":[],"_links":{"self":[{"href":"https:\/\/www.beetasty.be\/fr\/wp-json\/wp\/v2\/product\/165","targetHints":{"allow":["GET"]}}],"collection":[{"href":"https:\/\/www.beetasty.be\/fr\/wp-json\/wp\/v2\/product"}],"about":[{"href":"https:\/\/www.beetasty.be\/fr\/wp-json\/wp\/v2\/types\/product"}],"replies":[{"embeddable":true,"href":"https:\/\/www.beetasty.be\/fr\/wp-json\/wp\/v2\/comments?post=165"}],"wp:featuredmedia":[{"embeddable":true,"href":"https:\/\/www.beetasty.be\/fr\/wp-json\/wp\/v2\/media\/509985"}],"wp:attachment":[{"href":"https:\/\/www.beetasty.be\/fr\/wp-json\/wp\/v2\/media?parent=165"}],"wp:term":[{"taxonomy":"product_brand","embeddable":true,"href":"https:\/\/www.beetasty.be\/fr\/wp-json\/wp\/v2\/product_brand?post=165"},{"taxonomy":"product_cat","embeddable":true,"href":"https:\/\/www.beetasty.be\/fr\/wp-json\/wp\/v2\/product_cat?post=165"},{"taxonomy":"product_tag","embeddable":true,"href":"https:\/\/www.beetasty.be\/fr\/wp-json\/wp\/v2\/product_tag?post=165"}],"curies":[{"name":"wp","href":"https:\/\/api.w.org\/{rel}","templated":true}]}}