{"id":153,"date":"2014-12-02T21:37:08","date_gmt":"2014-12-02T20:37:08","guid":{"rendered":"http:\/\/www2.beetasty.be\/product\/panier-cadeau-luxe\/"},"modified":"2025-12-14T16:26:03","modified_gmt":"2025-12-14T15:26:03","slug":"panier-cadeau-luxe","status":"publish","type":"product","link":"https:\/\/www.beetasty.be\/fr\/boutique-du-producteur\/panier-cadeau\/panier-cadeau-luxe\/","title":{"rendered":"Panier cadeau luxe"},"content":{"rendered":"<p>Un pot de <strong>miel de bruy\u00e8re<\/strong>\u00a0 375g<\/p>\n<p>Un pot de <strong>miel d&#8217;\u00e9t\u00e9<\/strong>\u00a0385g<\/p>\n<p>Une bouteille d&#8217;<a href=\"\/fr\/boutique-du-producteur\/epicerie\/hydromel-artisanal\/\">hydromel artisanal<\/a>\u00a0 75cl<\/p>\n<p>Un <a href=\"\/fr\/boutique-du-producteur\/epicerie\/pain-d-epices-artisanal\/\">pain d&#8217;\u00e9pices artisanal <\/a>200g<\/p>\n<p>Pour proposer un produit le plus <strong>frais<\/strong> possible, le pain d&#8217;\u00e9pice est fait lors de la commande.<br \/>\nIl faut donc compter un <span style=\"text-decoration: underline;\">d\u00e9lais de livraison un peu plus long<\/span> (2-3 jours)<\/p>\n","protected":false},"excerpt":{"rendered":"<p><strong>Panier cadeau<\/strong> avec deux pots de miel, un pain d&#8217;\u00e9pices, et une bouteille d&#8217;hydromel.<\/p>\n<p>Le tout pr\u00e9sent\u00e9 dans une corbeille en osier ou en carton avec de la fibre de bois et emball\u00e9 sous cellophane.<\/p>\n","protected":false},"featured_media":152,"comment_status":"open","ping_status":"closed","template":"","meta":{"_acf_changed":false,"_et_pb_use_builder":"","_et_pb_old_content":"","_et_gb_content_width":""},"product_brand":[],"product_cat":[51],"product_tag":[287,149,56,150,105,278],"class_list":{"0":"post-153","1":"product","2":"type-product","3":"status-publish","4":"has-post-thumbnail","6":"product_cat-panier-cadeau","7":"product_tag-cadeau","8":"product_tag-hydromel","9":"product_tag-miel","10":"product_tag-pain-depices","11":"product_tag-panier","12":"product_tag-panier-cadeau","14":"first","15":"onbackorder","16":"sale","17":"taxable","18":"shipping-taxable","19":"purchasable","20":"product-type-simple"},"acf":[],"_links":{"self":[{"href":"https:\/\/www.beetasty.be\/fr\/wp-json\/wp\/v2\/product\/153","targetHints":{"allow":["GET"]}}],"collection":[{"href":"https:\/\/www.beetasty.be\/fr\/wp-json\/wp\/v2\/product"}],"about":[{"href":"https:\/\/www.beetasty.be\/fr\/wp-json\/wp\/v2\/types\/product"}],"replies":[{"embeddable":true,"href":"https:\/\/www.beetasty.be\/fr\/wp-json\/wp\/v2\/comments?post=153"}],"wp:featuredmedia":[{"embeddable":true,"href":"https:\/\/www.beetasty.be\/fr\/wp-json\/wp\/v2\/media\/152"}],"wp:attachment":[{"href":"https:\/\/www.beetasty.be\/fr\/wp-json\/wp\/v2\/media?parent=153"}],"wp:term":[{"taxonomy":"product_brand","embeddable":true,"href":"https:\/\/www.beetasty.be\/fr\/wp-json\/wp\/v2\/product_brand?post=153"},{"taxonomy":"product_cat","embeddable":true,"href":"https:\/\/www.beetasty.be\/fr\/wp-json\/wp\/v2\/product_cat?post=153"},{"taxonomy":"product_tag","embeddable":true,"href":"https:\/\/www.beetasty.be\/fr\/wp-json\/wp\/v2\/product_tag?post=153"}],"curies":[{"name":"wp","href":"https:\/\/api.w.org\/{rel}","templated":true}]}}