{"id":151,"date":"2014-12-02T21:31:33","date_gmt":"2014-12-02T20:31:33","guid":{"rendered":"http:\/\/www2.beetasty.be\/product\/panier-cadeau-sucre\/"},"modified":"2026-02-11T22:13:15","modified_gmt":"2026-02-11T21:13:15","slug":"panier-cadeau-sucre","status":"publish","type":"product","link":"https:\/\/www.beetasty.be\/fr\/boutique-du-producteur\/panier-cadeau\/panier-cadeau-sucre\/","title":{"rendered":"Panier cadeau sucr\u00e9"},"content":{"rendered":"<p>Un pot de\u00a0miel d&#8217;\u00e9t\u00e9 toutes fleurs 385g<\/p>\n<p><a href=\"\/fr\/boutique-du-producteur\/miel-artisanal-belgique\/chocomiel-artisanal\/\"><strong>Chocomiel<\/strong><\/a> (p\u00e2te \u00e0 tartiner au miel) 350g<\/p>\n<p>Une barre de <a href=\"\/fr\/boutique-du-producteur\/epicerie\/nougat-artisanal-par-100g\/\"><strong>nougat artisanal<\/strong><\/a> 100g<\/p>\n<p>Un <a href=\"\/fr\/boutique-du-producteur\/epicerie\/pain-d-epices-artisanal\/\"><strong>pain d&#8217;\u00e9pices artisanal<\/strong><\/a> 220g<\/p>\n<p>Pour proposer un produit le plus frais possible, le pain d&#8217;\u00e9pice est fait lors de la commande.<br \/>\nIl faut donc compter un d\u00e9lais de livraison un peu plus long (2-3 jours)<\/p>\n","protected":false},"excerpt":{"rendered":"<p><strong>Panier cadeau<\/strong> avec un pot de miel, un chocomiel, une barre de nougat et un pain d&#8217;\u00e9pices<\/p>\n<p>Le tout pr\u00e9sent\u00e9 dans une corbeille en osier ou en carton avec de la fibre de bois et emball\u00e9 sous cellophane.<\/p>\n","protected":false},"featured_media":150,"comment_status":"open","ping_status":"closed","template":"","meta":{"_acf_changed":false,"_et_pb_use_builder":"","_et_pb_old_content":"","_et_gb_content_width":""},"product_brand":[],"product_cat":[51],"product_tag":[287,179,56,145,150,105,278,62,288],"class_list":{"0":"post-151","1":"product","2":"type-product","3":"status-publish","4":"has-post-thumbnail","6":"product_cat-panier-cadeau","7":"product_tag-cadeau","8":"product_tag-chocomiel","9":"product_tag-miel","10":"product_tag-nougat","11":"product_tag-pain-depices","12":"product_tag-panier","13":"product_tag-panier-cadeau","14":"product_tag-sante","15":"product_tag-sucre","17":"first","18":"onbackorder","19":"sale","20":"taxable","21":"shipping-taxable","22":"purchasable","23":"product-type-simple"},"acf":[],"_links":{"self":[{"href":"https:\/\/www.beetasty.be\/fr\/wp-json\/wp\/v2\/product\/151","targetHints":{"allow":["GET"]}}],"collection":[{"href":"https:\/\/www.beetasty.be\/fr\/wp-json\/wp\/v2\/product"}],"about":[{"href":"https:\/\/www.beetasty.be\/fr\/wp-json\/wp\/v2\/types\/product"}],"replies":[{"embeddable":true,"href":"https:\/\/www.beetasty.be\/fr\/wp-json\/wp\/v2\/comments?post=151"}],"wp:featuredmedia":[{"embeddable":true,"href":"https:\/\/www.beetasty.be\/fr\/wp-json\/wp\/v2\/media\/150"}],"wp:attachment":[{"href":"https:\/\/www.beetasty.be\/fr\/wp-json\/wp\/v2\/media?parent=151"}],"wp:term":[{"taxonomy":"product_brand","embeddable":true,"href":"https:\/\/www.beetasty.be\/fr\/wp-json\/wp\/v2\/product_brand?post=151"},{"taxonomy":"product_cat","embeddable":true,"href":"https:\/\/www.beetasty.be\/fr\/wp-json\/wp\/v2\/product_cat?post=151"},{"taxonomy":"product_tag","embeddable":true,"href":"https:\/\/www.beetasty.be\/fr\/wp-json\/wp\/v2\/product_tag?post=151"}],"curies":[{"name":"wp","href":"https:\/\/api.w.org\/{rel}","templated":true}]}}