{"id":147,"date":"2014-12-02T21:18:37","date_gmt":"2014-12-02T20:18:37","guid":{"rendered":"http:\/\/www2.beetasty.be\/product\/panier-cadeau-basic-2\/"},"modified":"2025-12-14T16:26:02","modified_gmt":"2025-12-14T15:26:02","slug":"panier-cadeau-miam","status":"publish","type":"product","link":"https:\/\/www.beetasty.be\/fr\/boutique-du-producteur\/panier-cadeau\/panier-cadeau-miam\/","title":{"rendered":"Panier cadeau miam"},"content":{"rendered":"<p>Un pot de miel de printemps 385g<\/p>\n<p>Un pot de miel toutes fleurs d&#8217;\u00e9t\u00e9 385g<\/p>\n<p>Une barre de\u00a0<a href=\"\/fr\/boutique-du-producteur\/epicerie\/nougat-artisanal-par-100g\/\">nougat artisanal<\/a> 100g<\/p>\n<p>Le tout pr\u00e9sent\u00e9 dans une corbeille en osier ou en carton avec de la fibre de bois et emball\u00e9 sous cellophane.<\/p>\n","protected":false},"excerpt":{"rendered":"<p><strong>Panier cadeau<\/strong> avec une barre de nougat et deux pots de miel<\/p>\n","protected":false},"featured_media":146,"comment_status":"open","ping_status":"closed","template":"","meta":{"_acf_changed":false,"_et_pb_use_builder":"","_et_pb_old_content":"","_et_gb_content_width":""},"product_brand":[],"product_cat":[51],"product_tag":[56,145,105,62],"class_list":{"0":"post-147","1":"product","2":"type-product","3":"status-publish","4":"has-post-thumbnail","6":"product_cat-panier-cadeau","7":"product_tag-miel","8":"product_tag-nougat","9":"product_tag-panier","10":"product_tag-sante","12":"first","13":"onbackorder","14":"sale","15":"taxable","16":"shipping-taxable","17":"purchasable","18":"product-type-simple"},"acf":[],"_links":{"self":[{"href":"https:\/\/www.beetasty.be\/fr\/wp-json\/wp\/v2\/product\/147","targetHints":{"allow":["GET"]}}],"collection":[{"href":"https:\/\/www.beetasty.be\/fr\/wp-json\/wp\/v2\/product"}],"about":[{"href":"https:\/\/www.beetasty.be\/fr\/wp-json\/wp\/v2\/types\/product"}],"replies":[{"embeddable":true,"href":"https:\/\/www.beetasty.be\/fr\/wp-json\/wp\/v2\/comments?post=147"}],"wp:featuredmedia":[{"embeddable":true,"href":"https:\/\/www.beetasty.be\/fr\/wp-json\/wp\/v2\/media\/146"}],"wp:attachment":[{"href":"https:\/\/www.beetasty.be\/fr\/wp-json\/wp\/v2\/media?parent=147"}],"wp:term":[{"taxonomy":"product_brand","embeddable":true,"href":"https:\/\/www.beetasty.be\/fr\/wp-json\/wp\/v2\/product_brand?post=147"},{"taxonomy":"product_cat","embeddable":true,"href":"https:\/\/www.beetasty.be\/fr\/wp-json\/wp\/v2\/product_cat?post=147"},{"taxonomy":"product_tag","embeddable":true,"href":"https:\/\/www.beetasty.be\/fr\/wp-json\/wp\/v2\/product_tag?post=147"}],"curies":[{"name":"wp","href":"https:\/\/api.w.org\/{rel}","templated":true}]}}