{"id":145,"date":"2014-12-02T21:12:27","date_gmt":"2014-12-02T20:12:27","guid":{"rendered":"http:\/\/www2.beetasty.be\/product\/panier-cadeau-basic\/"},"modified":"2025-06-24T23:16:54","modified_gmt":"2025-06-24T21:16:54","slug":"panier-cadeau-lumiere","status":"publish","type":"product","link":"https:\/\/www.beetasty.be\/fr\/boutique-du-producteur\/panier-cadeau\/panier-cadeau-lumiere\/","title":{"rendered":"Panier cadeau lumi\u00e8re"},"content":{"rendered":"<p>Un pot de\u00a0miel d&#8217;\u00e9t\u00e9 toutes fleurs\u00a0(385g)<\/p>\n<p>Une barre de\u00a0<a href=\"\/fr\/boutique-du-producteur\/epicerie\/nougat-artisanal-par-100g\/\">nougat artisanal<\/a> (100g)<\/p>\n<p>Une <a href=\"\/fr\/boutique-du-producteur\/bougies-naturelles-en-cire-d-abeille\/bougie-moulee-alveolee\/\">bougie moul\u00e9e<\/a><\/p>\n<p>Le tout pr\u00e9sent\u00e9 dans une corbeille en osier ou en carton avec de la fibre de bois et emball\u00e9 sous cellophane.<\/p>\n","protected":false},"excerpt":{"rendered":"<p><strong>Panier cadeau<\/strong> avec un pot de miel de Belgique, une barre de nougat artisanal et une bougie faite \u00e0 la main<\/p>\n","protected":false},"featured_media":143,"comment_status":"open","ping_status":"closed","template":"","meta":{"_acf_changed":false,"_et_pb_use_builder":"","_et_pb_old_content":"","_et_gb_content_width":""},"product_brand":[],"product_cat":[51],"product_tag":[289,98,287,56,105,278],"class_list":{"0":"post-145","1":"product","2":"type-product","3":"status-publish","4":"has-post-thumbnail","6":"product_cat-panier-cadeau","7":"product_tag-artisanal","8":"product_tag-bougie","9":"product_tag-cadeau","10":"product_tag-miel","11":"product_tag-panier","12":"product_tag-panier-cadeau","14":"first","15":"onbackorder","16":"sale","17":"taxable","18":"shipping-taxable","19":"purchasable","20":"product-type-simple"},"acf":[],"_links":{"self":[{"href":"https:\/\/www.beetasty.be\/fr\/wp-json\/wp\/v2\/product\/145","targetHints":{"allow":["GET"]}}],"collection":[{"href":"https:\/\/www.beetasty.be\/fr\/wp-json\/wp\/v2\/product"}],"about":[{"href":"https:\/\/www.beetasty.be\/fr\/wp-json\/wp\/v2\/types\/product"}],"replies":[{"embeddable":true,"href":"https:\/\/www.beetasty.be\/fr\/wp-json\/wp\/v2\/comments?post=145"}],"wp:featuredmedia":[{"embeddable":true,"href":"https:\/\/www.beetasty.be\/fr\/wp-json\/wp\/v2\/media\/143"}],"wp:attachment":[{"href":"https:\/\/www.beetasty.be\/fr\/wp-json\/wp\/v2\/media?parent=145"}],"wp:term":[{"taxonomy":"product_brand","embeddable":true,"href":"https:\/\/www.beetasty.be\/fr\/wp-json\/wp\/v2\/product_brand?post=145"},{"taxonomy":"product_cat","embeddable":true,"href":"https:\/\/www.beetasty.be\/fr\/wp-json\/wp\/v2\/product_cat?post=145"},{"taxonomy":"product_tag","embeddable":true,"href":"https:\/\/www.beetasty.be\/fr\/wp-json\/wp\/v2\/product_tag?post=145"}],"curies":[{"name":"wp","href":"https:\/\/api.w.org\/{rel}","templated":true}]}}