{"id":1264,"date":"2018-10-12T15:17:28","date_gmt":"2018-10-12T13:17:28","guid":{"rendered":"https:\/\/www.beetasty.be\/?post_type=product&#038;p=1264"},"modified":"2026-01-14T15:58:04","modified_gmt":"2026-01-14T14:58:04","slug":"bougie-moulee-etoile","status":"publish","type":"product","link":"https:\/\/www.beetasty.be\/fr\/boutique-du-producteur\/bougies-naturelles-en-cire-d-abeille\/bougie-moulee-etoile\/","title":{"rendered":"Bougie moul\u00e9e \u00e9toiles"},"content":{"rendered":"<p>Fabriqu\u00e9 \u00e0 la main dans notre atelier<\/p>\n<p>100% cire d&#8217;abeille avec une m\u00e8che en coton.<br \/>\nHauteur : 10cm<\/p>\n<p>Prix par kilo : 28,6 \u20ac<\/p>\n","protected":false},"excerpt":{"rendered":"<p>Bougie en cire d&#8217;abeille naturelle<\/p>\n","protected":false},"featured_media":1260,"comment_status":"open","ping_status":"closed","template":"","meta":{"_acf_changed":false,"_et_pb_use_builder":"","_et_pb_old_content":"","_et_gb_content_width":""},"product_brand":[],"product_cat":[49],"product_tag":[98,99,296,56,63,105,104],"class_list":{"0":"post-1264","1":"product","2":"type-product","3":"status-publish","4":"has-post-thumbnail","6":"product_cat-bougies-naturelles-en-cire-d-abeille","7":"product_tag-bougie","8":"product_tag-cire","9":"product_tag-cire-dabeille","10":"product_tag-miel","11":"product_tag-nature","12":"product_tag-panier","13":"product_tag-ruche","15":"first","16":"onbackorder","17":"taxable","18":"shipping-taxable","19":"purchasable","20":"product-type-simple"},"acf":[],"_links":{"self":[{"href":"https:\/\/www.beetasty.be\/fr\/wp-json\/wp\/v2\/product\/1264","targetHints":{"allow":["GET"]}}],"collection":[{"href":"https:\/\/www.beetasty.be\/fr\/wp-json\/wp\/v2\/product"}],"about":[{"href":"https:\/\/www.beetasty.be\/fr\/wp-json\/wp\/v2\/types\/product"}],"replies":[{"embeddable":true,"href":"https:\/\/www.beetasty.be\/fr\/wp-json\/wp\/v2\/comments?post=1264"}],"wp:featuredmedia":[{"embeddable":true,"href":"https:\/\/www.beetasty.be\/fr\/wp-json\/wp\/v2\/media\/1260"}],"wp:attachment":[{"href":"https:\/\/www.beetasty.be\/fr\/wp-json\/wp\/v2\/media?parent=1264"}],"wp:term":[{"taxonomy":"product_brand","embeddable":true,"href":"https:\/\/www.beetasty.be\/fr\/wp-json\/wp\/v2\/product_brand?post=1264"},{"taxonomy":"product_cat","embeddable":true,"href":"https:\/\/www.beetasty.be\/fr\/wp-json\/wp\/v2\/product_cat?post=1264"},{"taxonomy":"product_tag","embeddable":true,"href":"https:\/\/www.beetasty.be\/fr\/wp-json\/wp\/v2\/product_tag?post=1264"}],"curies":[{"name":"wp","href":"https:\/\/api.w.org\/{rel}","templated":true}]}}