{"id":125,"date":"2014-09-16T11:53:16","date_gmt":"2014-09-16T09:53:16","guid":{"rendered":"http:\/\/www2.beetasty.be\/product\/gomme-a-la-propolis\/"},"modified":"2026-04-06T20:10:45","modified_gmt":"2026-04-06T18:10:45","slug":"gomme-a-la-propolis","status":"publish","type":"product","link":"https:\/\/www.beetasty.be\/fr\/boutique-du-producteur\/propolis\/gomme-a-la-propolis\/","title":{"rendered":"Gomme \u00e0 la propolis"},"content":{"rendered":"<p>C&#8217;est un indispensable ! A avoir partout; sur la table de chevet, dans le sac \u00e0 main, dans la boite \u00e0 gent de la voiture.<br \/>\nParce que vous ne savez jamais \u00e0 l&#8217;avance quand votre gorge commencera \u00e0 vous irriter. Il faut traiter au plus vite.<\/p>\n<p>Mes enfants en ont dans leur cartable tout l&#8217;hiver, les gommes ne sont pas sucr\u00e9es, donc ils ne les mangent pas comme des bonbons, mais \u00e9tant donn\u00e9 qu&#8217;elles sont efficaces, il mes prennent volontiers si ils ont mal de gorge.<\/p>\n<p>C&#8217;est un produit sain, facile \u00e0 utiliser et efficace.<\/p>\n<table class=\"TableauChampsLibresFicheProduit\" border=\"0\" cellspacing=\"0\" cellpadding=\"0\">\n<tbody>\n<tr id=\"position_champ_1341\">\n<td class=\"LabelChampsLibresFicheProduit\"><label>Poids net\u00a0:<\/label><\/td>\n<td class=\"ValeurChampsLibresFicheProduit\" width=\"1%\"><\/td>\n<td class=\"ValeurChampsLibresFicheProduit\">Etuis de 45 grammes, avec sachet fra\u00eecheur.<\/td>\n<\/tr>\n<tr id=\"position_champ_1351\">\n<td class=\"LabelChampsLibresFicheProduit\"><label>Ingr\u00e9dients\u00a0:<\/label><\/td>\n<td class=\"ValeurChampsLibresFicheProduit\" width=\"1%\"><\/td>\n<td class=\"ValeurChampsLibresFicheProduit\">Gomme Arabique, Sucre Roux, Miel, Extrait purifi\u00e9 de Propolis, Ar\u00f4mes Naturels, Huiles Essentielles. Agents anti-adh\u00e9rents : Huile v\u00e9g\u00e9tale et cire de carnauba. Peut contenir des traces \u00e9ventuelles d\u2019oeuf, de fruits \u00e0 coque et de bl\u00e9.<\/td>\n<\/tr>\n<tr id=\"position_champ_1361\">\n<td class=\"LabelChampsLibresFicheProduit\"><label>Conseils d&#8217;utilisation\u00a0:<\/label><\/td>\n<td class=\"ValeurChampsLibresFicheProduit\" width=\"1%\"><\/td>\n<td class=\"ValeurChampsLibresFicheProduit\">Sucer lentement 5 \u00e0 6 gommes par jour.<\/td>\n<\/tr>\n<\/tbody>\n<\/table>\n<p>Prix par kilo : 115,55 \u20ac<\/p>\n","protected":false},"excerpt":{"rendered":"<p>Les gommes de Propolis au miel : un indispensable pour la gorge et la bouche, disponibles en 6 saveurs diff\u00e9rentes pour toute la famille !<\/p>\n","protected":false},"featured_media":122,"comment_status":"open","ping_status":"closed","template":"","meta":{"_acf_changed":false,"_et_pb_use_builder":"","_et_pb_old_content":"","_et_gb_content_width":""},"product_brand":[],"product_cat":[48],"product_tag":[292,56,63,111,291,174,62],"class_list":{"0":"post-125","1":"product","2":"type-product","3":"status-publish","4":"has-post-thumbnail","6":"product_cat-propolis","7":"product_tag-maux-de-gorge","8":"product_tag-miel","9":"product_tag-nature","10":"product_tag-orange-sante","11":"product_tag-pratique","12":"product_tag-propolis","13":"product_tag-sante","14":"pa_arome-miel-propolis-nature","15":"pa_arome-2e-miel_eucalyptus","16":"pa_arome-miel-gingembre-agrumes","17":"pa_arome-44-miel_romarin_anis","18":"pa_arome-be-miel_orange","19":"pa_arome-a6-miel_reglisse","20":"pa_arome-prune-cerise","22":"first","23":"instock","24":"taxable","25":"shipping-taxable","26":"purchasable","27":"product-type-variable"},"acf":[],"_links":{"self":[{"href":"https:\/\/www.beetasty.be\/fr\/wp-json\/wp\/v2\/product\/125","targetHints":{"allow":["GET"]}}],"collection":[{"href":"https:\/\/www.beetasty.be\/fr\/wp-json\/wp\/v2\/product"}],"about":[{"href":"https:\/\/www.beetasty.be\/fr\/wp-json\/wp\/v2\/types\/product"}],"replies":[{"embeddable":true,"href":"https:\/\/www.beetasty.be\/fr\/wp-json\/wp\/v2\/comments?post=125"}],"wp:featuredmedia":[{"embeddable":true,"href":"https:\/\/www.beetasty.be\/fr\/wp-json\/wp\/v2\/media\/122"}],"wp:attachment":[{"href":"https:\/\/www.beetasty.be\/fr\/wp-json\/wp\/v2\/media?parent=125"}],"wp:term":[{"taxonomy":"product_brand","embeddable":true,"href":"https:\/\/www.beetasty.be\/fr\/wp-json\/wp\/v2\/product_brand?post=125"},{"taxonomy":"product_cat","embeddable":true,"href":"https:\/\/www.beetasty.be\/fr\/wp-json\/wp\/v2\/product_cat?post=125"},{"taxonomy":"product_tag","embeddable":true,"href":"https:\/\/www.beetasty.be\/fr\/wp-json\/wp\/v2\/product_tag?post=125"}],"curies":[{"name":"wp","href":"https:\/\/api.w.org\/{rel}","templated":true}]}}