{"id":121,"date":"2014-09-15T15:48:07","date_gmt":"2014-09-15T13:48:07","guid":{"rendered":"http:\/\/www2.beetasty.be\/product\/bougie-moulee-alveolee\/"},"modified":"2026-03-30T08:13:06","modified_gmt":"2026-03-30T06:13:06","slug":"bougie-moulee-alveolee","status":"publish","type":"product","link":"https:\/\/www.beetasty.be\/fr\/boutique-du-producteur\/bougies-naturelles-en-cire-d-abeille\/bougie-moulee-alveolee\/","title":{"rendered":"Bougie moul\u00e9e alv\u00e9ol\u00e9e"},"content":{"rendered":"<p>Fabriqu\u00e9 \u00e0 la main dans notre atelier<\/p>\n<p>100% cire d&#8217;abeille avec une m\u00e8che en coton.<br \/>\nHauteur : 11cm<\/p>\n<p>Prix par kilo : 30 \u20ac<\/p>\n","protected":false},"excerpt":{"rendered":"<p>Bougie en cire d&#8217;abeille naturelle<\/p>\n","protected":false},"featured_media":1256,"comment_status":"open","ping_status":"closed","template":"","meta":{"_acf_changed":false,"_et_pb_use_builder":"","_et_pb_old_content":"","_et_gb_content_width":""},"product_brand":[],"product_cat":[49],"product_tag":[98,297,99,296,56,63],"class_list":{"0":"post-121","1":"product","2":"type-product","3":"status-publish","4":"has-post-thumbnail","6":"product_cat-bougies-naturelles-en-cire-d-abeille","7":"product_tag-bougie","8":"product_tag-bougie-moulee","9":"product_tag-cire","10":"product_tag-cire-dabeille","11":"product_tag-miel","12":"product_tag-nature","14":"first","15":"onbackorder","16":"taxable","17":"shipping-taxable","18":"purchasable","19":"product-type-simple"},"acf":[],"_links":{"self":[{"href":"https:\/\/www.beetasty.be\/fr\/wp-json\/wp\/v2\/product\/121","targetHints":{"allow":["GET"]}}],"collection":[{"href":"https:\/\/www.beetasty.be\/fr\/wp-json\/wp\/v2\/product"}],"about":[{"href":"https:\/\/www.beetasty.be\/fr\/wp-json\/wp\/v2\/types\/product"}],"replies":[{"embeddable":true,"href":"https:\/\/www.beetasty.be\/fr\/wp-json\/wp\/v2\/comments?post=121"}],"wp:featuredmedia":[{"embeddable":true,"href":"https:\/\/www.beetasty.be\/fr\/wp-json\/wp\/v2\/media\/1256"}],"wp:attachment":[{"href":"https:\/\/www.beetasty.be\/fr\/wp-json\/wp\/v2\/media?parent=121"}],"wp:term":[{"taxonomy":"product_brand","embeddable":true,"href":"https:\/\/www.beetasty.be\/fr\/wp-json\/wp\/v2\/product_brand?post=121"},{"taxonomy":"product_cat","embeddable":true,"href":"https:\/\/www.beetasty.be\/fr\/wp-json\/wp\/v2\/product_cat?post=121"},{"taxonomy":"product_tag","embeddable":true,"href":"https:\/\/www.beetasty.be\/fr\/wp-json\/wp\/v2\/product_tag?post=121"}],"curies":[{"name":"wp","href":"https:\/\/api.w.org\/{rel}","templated":true}]}}