{"id":117,"date":"2014-09-15T15:25:40","date_gmt":"2014-09-15T13:25:40","guid":{"rendered":"http:\/\/www2.beetasty.be\/product\/bougie-moulee-ruche\/"},"modified":"2026-03-31T09:30:58","modified_gmt":"2026-03-31T07:30:58","slug":"bougie-moulee-ruche","status":"publish","type":"product","link":"https:\/\/www.beetasty.be\/fr\/boutique-du-producteur\/bougies-naturelles-en-cire-d-abeille\/bougie-moulee-ruche\/","title":{"rendered":"Bougie moul\u00e9e ruche"},"content":{"rendered":"<p>Fabriqu\u00e9 \u00e0 la main dans notre atelier<\/p>\n<p>100% cire d&#8217;abeille avec une m\u00e8che en coton.<br \/>\nHauteur : 9cm<\/p>\n<p>Prix par kilo : 24 \u20ac<\/p>\n","protected":false},"excerpt":{"rendered":"<p>Bougie en cire d&#8217;abeille naturelle<\/p>\n","protected":false},"featured_media":1262,"comment_status":"open","ping_status":"closed","template":"","meta":{"_acf_changed":false,"_et_pb_use_builder":"","_et_pb_old_content":"","_et_gb_content_width":""},"product_brand":[],"product_cat":[49],"product_tag":[98,106,99,56,63,105,104,62],"class_list":{"0":"post-117","1":"product","2":"type-product","3":"status-publish","4":"has-post-thumbnail","6":"product_cat-bougies-naturelles-en-cire-d-abeille","7":"product_tag-bougie","8":"product_tag-bougie-moulee-ruche","9":"product_tag-cire","10":"product_tag-miel","11":"product_tag-nature","12":"product_tag-panier","13":"product_tag-ruche","14":"product_tag-sante","16":"first","17":"onbackorder","18":"taxable","19":"shipping-taxable","20":"purchasable","21":"product-type-simple"},"acf":[],"_links":{"self":[{"href":"https:\/\/www.beetasty.be\/fr\/wp-json\/wp\/v2\/product\/117","targetHints":{"allow":["GET"]}}],"collection":[{"href":"https:\/\/www.beetasty.be\/fr\/wp-json\/wp\/v2\/product"}],"about":[{"href":"https:\/\/www.beetasty.be\/fr\/wp-json\/wp\/v2\/types\/product"}],"replies":[{"embeddable":true,"href":"https:\/\/www.beetasty.be\/fr\/wp-json\/wp\/v2\/comments?post=117"}],"wp:featuredmedia":[{"embeddable":true,"href":"https:\/\/www.beetasty.be\/fr\/wp-json\/wp\/v2\/media\/1262"}],"wp:attachment":[{"href":"https:\/\/www.beetasty.be\/fr\/wp-json\/wp\/v2\/media?parent=117"}],"wp:term":[{"taxonomy":"product_brand","embeddable":true,"href":"https:\/\/www.beetasty.be\/fr\/wp-json\/wp\/v2\/product_brand?post=117"},{"taxonomy":"product_cat","embeddable":true,"href":"https:\/\/www.beetasty.be\/fr\/wp-json\/wp\/v2\/product_cat?post=117"},{"taxonomy":"product_tag","embeddable":true,"href":"https:\/\/www.beetasty.be\/fr\/wp-json\/wp\/v2\/product_tag?post=117"}],"curies":[{"name":"wp","href":"https:\/\/api.w.org\/{rel}","templated":true}]}}