{"id":510908,"date":"2026-01-18T09:44:12","date_gmt":"2026-01-18T08:44:12","guid":{"rendered":"https:\/\/www.beetasty.be\/?page_id=510908"},"modified":"2026-01-18T09:44:12","modified_gmt":"2026-01-18T08:44:12","slug":"espace-pro","status":"publish","type":"page","link":"https:\/\/www.beetasty.be\/fr\/espace-pro\/","title":{"rendered":"Espace PRO"},"content":{"rendered":"<p>Cet espace est r\u00e9serv\u00e9 aux clients professionnels qui d\u00e9sirent devenir <strong>revendeurs<\/strong> des produits Bee Tasty.<\/p>\n<p>Vous disposez d\u00e9j\u00e0 d&#8217;un compte revendeur chez nous ?<\/p>\n<p><a class=\"btpro-btn\" href=\"\/fr\/mon-compte\/?btpro=1\">Se connecter<\/a><\/p>\n<p>Vous ne disposez pas encore de compte revendeur ? Faites votre demande ci-dessous.<br \/>\nApr\u00e8s validation (dans les 2 jours ouvrables), votre compte sera valid\u00e9 et vous pourrez passer commande au tarif revendeur.<\/p>\n<p data-start=\"258\" data-end=\"403\"><strong data-start=\"258\" data-end=\"302\">Important \u2013 conditions d\u2019acc\u00e8s revendeur<\/strong><br data-start=\"302\" data-end=\"305\" \/>Pour garder une exp\u00e9rience simple et des prix coh\u00e9rents, l\u2019acc\u00e8s revendeur fonctionne comme suit :<\/p>\n<ul data-start=\"405\" data-end=\"851\">\n<li data-start=\"405\" data-end=\"486\">\n<p data-start=\"407\" data-end=\"486\"><strong data-start=\"407\" data-end=\"444\">Minimum de commande : 40 articles<\/strong> par commande (tous produits confondus).<\/p>\n<\/li>\n<li data-start=\"487\" data-end=\"658\">\n<p data-start=\"489\" data-end=\"658\"><strong data-start=\"489\" data-end=\"524\">Catalogue revendeur diff\u00e9rent :<\/strong> certains articles de la boutique publique ne sont <strong data-start=\"575\" data-end=\"594\">pas disponibles<\/strong> en revendeur (produits saisonniers, \u00e9ditions limit\u00e9es, miels d&#8217;autres marques, etc.).<\/p>\n<\/li>\n<li data-start=\"659\" data-end=\"851\">\n<p data-start=\"661\" data-end=\"851\"><strong data-start=\"661\" data-end=\"702\">Une seule boutique apr\u00e8s validation :<\/strong> une fois votre compte revendeur <strong data-start=\"735\" data-end=\"747\">approuv\u00e9<\/strong>, vous commandez via le <strong data-start=\"771\" data-end=\"788\">catalogue PRO<\/strong> (la boutique publique ne sera plus accessible avec ce compte).<\/p>\n<\/li>\n<\/ul>\n<p data-start=\"853\" data-end=\"940\"><em data-start=\"853\" data-end=\"910\">Une question avant de demander l\u2019acc\u00e8s ? \u00c9crivez-nous via le formulaire de la <a href=\"https:\/\/www.beetasty.be\/fr\/contact\/?raison=pro\">page de contact<\/a><\/em>.<\/p>\n<p><a class=\"btpro-btn\" href=\"\/fr\/mon-compte\/?btpro=1\">Demander mon acc\u00e8s revendeur<\/a><\/p>\n<p>Si vous avez d\u00e9j\u00e0 demand\u00e9 votre compte revendeur mais \u00eates redirig\u00e9 ici \u00e0 chaque reconnexion : votre compte n&#8217;a pas encore \u00e9t\u00e9 approuv\u00e9.<\/p>\n","protected":false},"excerpt":{"rendered":"<p>Cet espace est r\u00e9serv\u00e9 aux clients professionnels qui d\u00e9sirent devenir revendeurs des produits Bee Tasty. Vous disposez d\u00e9j\u00e0 d&#8217;un compte revendeur chez nous ? Se connecter Vous ne disposez pas encore de compte revendeur ? Faites votre demande ci-dessous. Apr\u00e8s validation (dans les 2 jours ouvrables), votre compte sera valid\u00e9 et vous pourrez passer commande [&hellip;]<\/p>\n","protected":false},"author":1,"featured_media":0,"parent":0,"menu_order":0,"comment_status":"closed","ping_status":"closed","template":"","meta":{"_acf_changed":false,"_et_pb_use_builder":"","_et_pb_old_content":"","_et_gb_content_width":"","footnotes":""},"class_list":["post-510908","page","type-page","status-publish","hentry"],"acf":[],"_links":{"self":[{"href":"https:\/\/www.beetasty.be\/fr\/wp-json\/wp\/v2\/pages\/510908","targetHints":{"allow":["GET"]}}],"collection":[{"href":"https:\/\/www.beetasty.be\/fr\/wp-json\/wp\/v2\/pages"}],"about":[{"href":"https:\/\/www.beetasty.be\/fr\/wp-json\/wp\/v2\/types\/page"}],"author":[{"embeddable":true,"href":"https:\/\/www.beetasty.be\/fr\/wp-json\/wp\/v2\/users\/1"}],"replies":[{"embeddable":true,"href":"https:\/\/www.beetasty.be\/fr\/wp-json\/wp\/v2\/comments?post=510908"}],"version-history":[{"count":2,"href":"https:\/\/www.beetasty.be\/fr\/wp-json\/wp\/v2\/pages\/510908\/revisions"}],"predecessor-version":[{"id":510913,"href":"https:\/\/www.beetasty.be\/fr\/wp-json\/wp\/v2\/pages\/510908\/revisions\/510913"}],"wp:attachment":[{"href":"https:\/\/www.beetasty.be\/fr\/wp-json\/wp\/v2\/media?parent=510908"}],"curies":[{"name":"wp","href":"https:\/\/api.w.org\/{rel}","templated":true}]}}