{"id":505251,"date":"2021-06-11T14:35:22","date_gmt":"2021-06-11T12:35:22","guid":{"rendered":"https:\/\/www.beetasty.be\/?page_id=505251"},"modified":"2025-12-27T13:08:41","modified_gmt":"2025-12-27T12:08:41","slug":"atelier-cosmetique","status":"publish","type":"page","link":"https:\/\/www.beetasty.be\/fr\/atelier-cosmetique\/","title":{"rendered":"Atelier cosm\u00e9tique"},"content":{"rendered":"<p>[et_pb_section fb_built=&#8221;1&#8243; _builder_version=&#8221;4.16&#8243; _module_preset=&#8221;default&#8221; global_colors_info=&#8221;{}&#8221;][et_pb_row column_structure=&#8221;2_5,3_5&#8243; _builder_version=&#8221;4.16&#8243; _module_preset=&#8221;default&#8221; global_colors_info=&#8221;{}&#8221;][et_pb_column type=&#8221;2_5&#8243; _builder_version=&#8221;4.16&#8243; _module_preset=&#8221;default&#8221; global_colors_info=&#8221;{}&#8221;][et_pb_image src=&#8221;https:\/\/www.beetasty.be\/wp-content\/uploads\/2018\/09\/square7.jpg&#8221; alt=&#8221;square7&#8243; title_text=&#8221;square7&#8243; _builder_version=&#8221;4.16&#8243; _module_preset=&#8221;default&#8221; global_colors_info=&#8221;{}&#8221;][\/et_pb_image][\/et_pb_column][et_pb_column type=&#8221;3_5&#8243; _builder_version=&#8221;4.16&#8243; _module_preset=&#8221;default&#8221; global_colors_info=&#8221;{}&#8221;][et_pb_text _builder_version=&#8221;4.20.2&#8243; _module_preset=&#8221;default&#8221; hover_enabled=&#8221;0&#8243; global_colors_info=&#8221;{}&#8221; sticky_enabled=&#8221;0&#8243;]<\/p>\n<p>Les participants pourront fabriquer leurs propres produits <strong>cosm\u00e9tique<\/strong> avec de la <strong>cire\u00a0<\/strong>d&#8217;abeille, du <strong>miel,<\/strong>\u00a0de la <strong>propolis.<\/strong> Chaque participant repartira avec un pot de chaque produit cosm\u00e9tique r\u00e9alis\u00e9 et un petit feuillet contenant les recettes afin de pouvoir les reproduire \u00e0 la maison.<\/p>\n<p>Les ingr\u00e9dients et le mat\u00e9riel sont fournis pour l&#8217;animation, ainsi que les contenants.<\/p>\n<p>Voici les produits qui peuvent \u00eatre r\u00e9alis\u00e9s lors de l&#8217;atelier cosm\u00e9tique :<\/p>\n<ul>\n<li>Baume \u00e0 l\u00e8vres au miel<\/li>\n<li>Onguent \u00e0 la propolis<\/li>\n<li>Cr\u00e8me hydratante avec de la cire d&#8217;abeille<\/li>\n<li>Savon miel et propolis<\/li>\n<li>D\u00e9odorant \u00e0 la cire d&#8217;abeille<\/li>\n<\/ul>\n<p><strong>Participants<\/strong> : 5 personnes<br \/><strong>Dur\u00e9e<\/strong> : 2h<br \/><strong>Tarif<\/strong> : 150 \u20ac<\/p>\n<p>[\/et_pb_text][\/et_pb_column][\/et_pb_row][\/et_pb_section]<\/p>\n","protected":false},"excerpt":{"rendered":"<p>Les participants pourront fabriquer leurs propres produits cosm\u00e9tique avec de la cire\u00a0d&#8217;abeille, du miel,\u00a0de la propolis. Chaque participant repartira avec un pot de chaque produit cosm\u00e9tique r\u00e9alis\u00e9 et un petit feuillet contenant les recettes afin de pouvoir les reproduire \u00e0 la maison. Les ingr\u00e9dients et le mat\u00e9riel sont fournis pour l&#8217;animation, ainsi que les contenants. [&hellip;]<\/p>\n","protected":false},"author":1,"featured_media":0,"parent":0,"menu_order":0,"comment_status":"closed","ping_status":"closed","template":"","meta":{"_acf_changed":false,"_et_pb_use_builder":"on","_et_pb_old_content":"","_et_gb_content_width":"","footnotes":""},"class_list":["post-505251","page","type-page","status-publish","hentry"],"acf":[],"_links":{"self":[{"href":"https:\/\/www.beetasty.be\/fr\/wp-json\/wp\/v2\/pages\/505251","targetHints":{"allow":["GET"]}}],"collection":[{"href":"https:\/\/www.beetasty.be\/fr\/wp-json\/wp\/v2\/pages"}],"about":[{"href":"https:\/\/www.beetasty.be\/fr\/wp-json\/wp\/v2\/types\/page"}],"author":[{"embeddable":true,"href":"https:\/\/www.beetasty.be\/fr\/wp-json\/wp\/v2\/users\/1"}],"replies":[{"embeddable":true,"href":"https:\/\/www.beetasty.be\/fr\/wp-json\/wp\/v2\/comments?post=505251"}],"version-history":[{"count":11,"href":"https:\/\/www.beetasty.be\/fr\/wp-json\/wp\/v2\/pages\/505251\/revisions"}],"predecessor-version":[{"id":510718,"href":"https:\/\/www.beetasty.be\/fr\/wp-json\/wp\/v2\/pages\/505251\/revisions\/510718"}],"wp:attachment":[{"href":"https:\/\/www.beetasty.be\/fr\/wp-json\/wp\/v2\/media?parent=505251"}],"curies":[{"name":"wp","href":"https:\/\/api.w.org\/{rel}","templated":true}]}}