{"id":5,"date":"2018-07-12T13:23:48","date_gmt":"2018-07-12T11:23:48","guid":{"rendered":"http:\/\/www2.beetasty.be\/?page_id=5"},"modified":"2018-10-06T21:08:11","modified_gmt":"2018-10-06T19:08:11","slug":"shop","status":"publish","type":"page","link":"https:\/\/www.beetasty.be\/fr\/shop\/","title":{"rendered":"Shop"},"content":{"rendered":"<p>[et_pb_section bb_built=&#8221;1&#8243;][et_pb_row][et_pb_column type=&#8221;4_4&#8243;][et_pb_text _builder_version=&#8221;3.15&#8243;]<\/p>\n<div class=\"woocommerce columns-4\"><ul class=\"products columns-4\">\n<li class=\"product-category product first\">\n\t<a aria-label=\"Acc\u00e9der \u00e0 la cat\u00e9gorie de produits Bougies naturelles en cire d&#039;abeille\" href=\"https:\/\/www.beetasty.be\/fr\/categorie-produit\/bougies-naturelles-en-cire-d-abeille\/\"><img decoding=\"async\" src=\"https:\/\/www.beetasty.be\/wp-content\/uploads\/2025\/08\/ChatGPT-Image-9-aout-2025-a-21_08_08-300x457.png\" alt=\"Bougies naturelles en cire d&#039;abeille\" width=\"300\" height=\"457\" \/>\t\t<h2 class=\"woocommerce-loop-category__title\">\n\t\t\tBougies naturelles en cire d&#039;abeille <mark class=\"count\">(8)<\/mark>\t\t<\/h2>\n\t\t<\/a><\/li>\n<li class=\"product-category product\">\n\t<a aria-label=\"Acc\u00e9der \u00e0 la cat\u00e9gorie de produits Epicerie\" href=\"https:\/\/www.beetasty.be\/fr\/categorie-produit\/epicerie\/\"><img decoding=\"async\" src=\"https:\/\/www.beetasty.be\/wp-content\/uploads\/2025\/08\/ChatGPT-Image-9-aout-2025-a-21_37_16-300x457.png\" alt=\"Epicerie\" width=\"300\" height=\"457\" \/>\t\t<h2 class=\"woocommerce-loop-category__title\">\n\t\t\tEpicerie <mark class=\"count\">(12)<\/mark>\t\t<\/h2>\n\t\t<\/a><\/li>\n<li class=\"product-category product\">\n\t<a aria-label=\"Acc\u00e9der \u00e0 la cat\u00e9gorie de produits Miel\" href=\"https:\/\/www.beetasty.be\/nl\/categorie-produit\/pro\/miel-pro\/\"><img decoding=\"async\" src=\"https:\/\/www.beetasty.be\/wp-content\/uploads\/2025\/08\/ChatGPT-Image-9-aout-2025-a-21_47_48-300x457.png\" alt=\"Miel\" width=\"300\" height=\"457\" \/>\t\t<h2 class=\"woocommerce-loop-category__title\">\n\t\t\tMiel <mark class=\"count\">(2)<\/mark>\t\t<\/h2>\n\t\t<\/a><\/li>\n<li class=\"product-category product last\">\n\t<a aria-label=\"Acc\u00e9der \u00e0 la cat\u00e9gorie de produits Miel artisanal de Belgique\" href=\"https:\/\/www.beetasty.be\/fr\/categorie-produit\/miel-artisanal-belgique\/\"><img decoding=\"async\" src=\"https:\/\/www.beetasty.be\/wp-content\/uploads\/2025\/08\/ChatGPT-Image-9-aout-2025-a-21_19_20-300x457.png\" alt=\"Miel artisanal de Belgique\" width=\"300\" height=\"457\" \/>\t\t<h2 class=\"woocommerce-loop-category__title\">\n\t\t\tMiel artisanal de Belgique <mark class=\"count\">(10)<\/mark>\t\t<\/h2>\n\t\t<\/a><\/li>\n<li class=\"product-category product first\">\n\t<a aria-label=\"Acc\u00e9der \u00e0 la cat\u00e9gorie de produits Miel d&#039;origine s\u00e9lectionn\u00e9e\" href=\"https:\/\/www.beetasty.be\/fr\/categorie-produit\/miel-d-import\/\"><img decoding=\"async\" src=\"https:\/\/www.beetasty.be\/wp-content\/uploads\/2025\/08\/ChatGPT-Image-9-aout-2025-a-21_47_48-300x457.png\" alt=\"Miel d&#039;origine s\u00e9lectionn\u00e9e\" width=\"300\" height=\"457\" \/>\t\t<h2 class=\"woocommerce-loop-category__title\">\n\t\t\tMiel d&#039;origine s\u00e9lectionn\u00e9e <mark class=\"count\">(3)<\/mark>\t\t<\/h2>\n\t\t<\/a><\/li>\n<li class=\"product-category product\">\n\t<a aria-label=\"Acc\u00e9der \u00e0 la cat\u00e9gorie de produits Miel des copains\" href=\"https:\/\/www.beetasty.be\/fr\/categorie-produit\/miel-des-copains\/\"><img decoding=\"async\" src=\"https:\/\/www.beetasty.be\/wp-content\/uploads\/2025\/08\/ChatGPT-Image-9-aout-2025-a-20_50_14-300x457.png\" alt=\"Miel des copains\" width=\"300\" height=\"457\" \/>\t\t<h2 class=\"woocommerce-loop-category__title\">\n\t\t\tMiel des copains <mark class=\"count\">(7)<\/mark>\t\t<\/h2>\n\t\t<\/a><\/li>\n<li class=\"product-category product\">\n\t<a aria-label=\"Acc\u00e9der \u00e0 la cat\u00e9gorie de produits Nougats\" href=\"https:\/\/www.beetasty.be\/fr\/categorie-produit\/nougats\/\"><img decoding=\"async\" src=\"https:\/\/www.beetasty.be\/wp-content\/uploads\/2025\/08\/ChatGPT-Image-9-aout-2025-a-21_10_44-300x457.png\" alt=\"Nougats\" width=\"300\" height=\"457\" \/>\t\t<h2 class=\"woocommerce-loop-category__title\">\n\t\t\tNougats <mark class=\"count\">(3)<\/mark>\t\t<\/h2>\n\t\t<\/a><\/li>\n<li class=\"product-category product last\">\n\t<a aria-label=\"Acc\u00e9der \u00e0 la cat\u00e9gorie de produits Pack avantageux - L&#039;essentiel de la Ruche\" href=\"https:\/\/www.beetasty.be\/fr\/categorie-produit\/pack-avantageux\/\"><img decoding=\"async\" src=\"https:\/\/www.beetasty.be\/wp-content\/uploads\/2025\/08\/ChatGPT-Image-9-aout-2025-a-21_52_51-300x457.png\" alt=\"Pack avantageux - L&#039;essentiel de la Ruche\" width=\"300\" height=\"457\" \/>\t\t<h2 class=\"woocommerce-loop-category__title\">\n\t\t\tPack avantageux - L&#039;essentiel de la Ruche <mark class=\"count\">(6)<\/mark>\t\t<\/h2>\n\t\t<\/a><\/li>\n<li class=\"product-category product first\">\n\t<a aria-label=\"Acc\u00e9der \u00e0 la cat\u00e9gorie de produits Paniers cadeau\" href=\"https:\/\/www.beetasty.be\/fr\/categorie-produit\/panier-cadeau\/\"><img decoding=\"async\" src=\"https:\/\/www.beetasty.be\/wp-content\/uploads\/2025\/08\/ChatGPT-Image-9-aout-2025-a-21_27_04-300x457.png\" alt=\"Paniers cadeau\" width=\"300\" height=\"457\" \/>\t\t<h2 class=\"woocommerce-loop-category__title\">\n\t\t\tPaniers cadeau <mark class=\"count\">(5)<\/mark>\t\t<\/h2>\n\t\t<\/a><\/li>\n<li class=\"product-category product\">\n\t<a aria-label=\"Acc\u00e9der \u00e0 la cat\u00e9gorie de produits Pro\" href=\"https:\/\/www.beetasty.be\/nl\/categorie-produit\/pro\/\"><img decoding=\"async\" src=\"https:\/\/www.beetasty.be\/wp-content\/uploads\/woocommerce-placeholder-300x457.png\" alt=\"Pro\" width=\"300\" height=\"457\" \/>\t\t<h2 class=\"woocommerce-loop-category__title\">\n\t\t\tPro <mark class=\"count\">(2)<\/mark>\t\t<\/h2>\n\t\t<\/a><\/li>\n<li class=\"product-category product\">\n\t<a aria-label=\"Acc\u00e9der \u00e0 la cat\u00e9gorie de produits Propolis\" href=\"https:\/\/www.beetasty.be\/fr\/categorie-produit\/propolis\/\"><img decoding=\"async\" src=\"https:\/\/www.beetasty.be\/wp-content\/uploads\/2025\/08\/ChatGPT-Image-9-aout-2025-a-21_01_47-300x457.png\" alt=\"Propolis\" width=\"300\" height=\"457\" \/>\t\t<h2 class=\"woocommerce-loop-category__title\">\n\t\t\tPropolis <mark class=\"count\">(5)<\/mark>\t\t<\/h2>\n\t\t<\/a><\/li>\n<li class=\"product-category product last\">\n\t<a aria-label=\"Acc\u00e9der \u00e0 la cat\u00e9gorie de produits Uncategorized\" href=\"https:\/\/www.beetasty.be\/fr\/categorie-produit\/uncategorized\/\"><img decoding=\"async\" src=\"https:\/\/www.beetasty.be\/wp-content\/uploads\/woocommerce-placeholder-300x457.png\" alt=\"Uncategorized\" width=\"300\" height=\"457\" \/>\t\t<h2 class=\"woocommerce-loop-category__title\">\n\t\t\tUncategorized <mark class=\"count\">(1)<\/mark>\t\t<\/h2>\n\t\t<\/a><\/li>\n<\/ul>\n<\/div>\n<p>[\/et_pb_text][\/et_pb_column][\/et_pb_row][\/et_pb_section]<\/p>\n","protected":false},"excerpt":{"rendered":"<p><div class=\"et_pb_row et_pb_row_0 et_pb_row_empty\">\n\t\t\t\t\n\t\t\t\t\n\t\t\t\t\n\t\t\t\t\n\t\t\t\t\n\t\t\t<\/div> <div class=\"woocommerce columns-4\"><ul class=\"products columns-4\">\n<li class=\"product-category product first\">\n\t<a aria-label=\"Acc\u00e9der \u00e0 la cat\u00e9gorie de produits Bougies naturelles en cire d&#039;abeille\" href=\"https:\/\/www.beetasty.be\/fr\/categorie-produit\/bougies-naturelles-en-cire-d-abeille\/\"><img decoding=\"async\" src=\"https:\/\/www.beetasty.be\/wp-content\/uploads\/2025\/08\/ChatGPT-Image-9-aout-2025-a-21_08_08-300x457.png\" alt=\"Bougies naturelles en cire d&#039;abeille\" width=\"300\" height=\"457\" \/>\t\t<h2 class=\"woocommerce-loop-category__title\">\n\t\t\tBougies naturelles en cire d&#039;abeille <mark class=\"count\">(8)<\/mark>\t\t<\/h2>\n\t\t<\/a><\/li>\n<li class=\"product-category product\">\n\t<a aria-label=\"Acc\u00e9der \u00e0 la cat\u00e9gorie de produits Epicerie\" href=\"https:\/\/www.beetasty.be\/fr\/categorie-produit\/epicerie\/\"><img decoding=\"async\" src=\"https:\/\/www.beetasty.be\/wp-content\/uploads\/2025\/08\/ChatGPT-Image-9-aout-2025-a-21_37_16-300x457.png\" alt=\"Epicerie\" width=\"300\" height=\"457\" \/>\t\t<h2 class=\"woocommerce-loop-category__title\">\n\t\t\tEpicerie <mark class=\"count\">(12)<\/mark>\t\t<\/h2>\n\t\t<\/a><\/li>\n<li class=\"product-category product\">\n\t<a aria-label=\"Acc\u00e9der \u00e0 la cat\u00e9gorie de produits Miel\" href=\"https:\/\/www.beetasty.be\/nl\/categorie-produit\/pro\/miel-pro\/\"><img decoding=\"async\" src=\"https:\/\/www.beetasty.be\/wp-content\/uploads\/2025\/08\/ChatGPT-Image-9-aout-2025-a-21_47_48-300x457.png\" alt=\"Miel\" width=\"300\" height=\"457\" \/>\t\t<h2 class=\"woocommerce-loop-category__title\">\n\t\t\tMiel <mark class=\"count\">(2)<\/mark>\t\t<\/h2>\n\t\t<\/a><\/li>\n<li class=\"product-category product last\">\n\t<a aria-label=\"Acc\u00e9der \u00e0 la cat\u00e9gorie de produits Miel artisanal de Belgique\" href=\"https:\/\/www.beetasty.be\/fr\/categorie-produit\/miel-artisanal-belgique\/\"><img decoding=\"async\" src=\"https:\/\/www.beetasty.be\/wp-content\/uploads\/2025\/08\/ChatGPT-Image-9-aout-2025-a-21_19_20-300x457.png\" alt=\"Miel artisanal de Belgique\" width=\"300\" height=\"457\" \/>\t\t<h2 class=\"woocommerce-loop-category__title\">\n\t\t\tMiel artisanal de Belgique <mark class=\"count\">(10)<\/mark>\t\t<\/h2>\n\t\t<\/a><\/li>\n<li class=\"product-category product first\">\n\t<a aria-label=\"Acc\u00e9der \u00e0 la cat\u00e9gorie de produits Miel d&#039;origine s\u00e9lectionn\u00e9e\" href=\"https:\/\/www.beetasty.be\/fr\/categorie-produit\/miel-d-import\/\"><img decoding=\"async\" src=\"https:\/\/www.beetasty.be\/wp-content\/uploads\/2025\/08\/ChatGPT-Image-9-aout-2025-a-21_47_48-300x457.png\" alt=\"Miel d&#039;origine s\u00e9lectionn\u00e9e\" width=\"300\" height=\"457\" \/>\t\t<h2 class=\"woocommerce-loop-category__title\">\n\t\t\tMiel d&#039;origine s\u00e9lectionn\u00e9e <mark class=\"count\">(3)<\/mark>\t\t<\/h2>\n\t\t<\/a><\/li>\n<li class=\"product-category product\">\n\t<a aria-label=\"Acc\u00e9der \u00e0 la cat\u00e9gorie de produits Miel des copains\" href=\"https:\/\/www.beetasty.be\/fr\/categorie-produit\/miel-des-copains\/\"><img decoding=\"async\" src=\"https:\/\/www.beetasty.be\/wp-content\/uploads\/2025\/08\/ChatGPT-Image-9-aout-2025-a-20_50_14-300x457.png\" alt=\"Miel des copains\" width=\"300\" height=\"457\" \/>\t\t<h2 class=\"woocommerce-loop-category__title\">\n\t\t\tMiel des copains <mark class=\"count\">(7)<\/mark>\t\t<\/h2>\n\t\t<\/a><\/li>\n<li class=\"product-category product\">\n\t<a aria-label=\"Acc\u00e9der \u00e0 la cat\u00e9gorie de produits Nougats\" href=\"https:\/\/www.beetasty.be\/fr\/categorie-produit\/nougats\/\"><img decoding=\"async\" src=\"https:\/\/www.beetasty.be\/wp-content\/uploads\/2025\/08\/ChatGPT-Image-9-aout-2025-a-21_10_44-300x457.png\" alt=\"Nougats\" width=\"300\" height=\"457\" \/>\t\t<h2 class=\"woocommerce-loop-category__title\">\n\t\t\tNougats <mark class=\"count\">(3)<\/mark>\t\t<\/h2>\n\t\t<\/a><\/li>\n<li class=\"product-category product last\">\n\t<a aria-label=\"Acc\u00e9der \u00e0 la cat\u00e9gorie de produits Pack avantageux - L&#039;essentiel de la Ruche\" href=\"https:\/\/www.beetasty.be\/fr\/categorie-produit\/pack-avantageux\/\"><img decoding=\"async\" src=\"https:\/\/www.beetasty.be\/wp-content\/uploads\/2025\/08\/ChatGPT-Image-9-aout-2025-a-21_52_51-300x457.png\" alt=\"Pack avantageux - L&#039;essentiel de la Ruche\" width=\"300\" height=\"457\" \/>\t\t<h2 class=\"woocommerce-loop-category__title\">\n\t\t\tPack avantageux - L&#039;essentiel de la Ruche <mark class=\"count\">(6)<\/mark>\t\t<\/h2>\n\t\t<\/a><\/li>\n<li class=\"product-category product first\">\n\t<a aria-label=\"Acc\u00e9der \u00e0 la cat\u00e9gorie de produits Paniers cadeau\" href=\"https:\/\/www.beetasty.be\/fr\/categorie-produit\/panier-cadeau\/\"><img decoding=\"async\" src=\"https:\/\/www.beetasty.be\/wp-content\/uploads\/2025\/08\/ChatGPT-Image-9-aout-2025-a-21_27_04-300x457.png\" alt=\"Paniers cadeau\" width=\"300\" height=\"457\" \/>\t\t<h2 class=\"woocommerce-loop-category__title\">\n\t\t\tPaniers cadeau <mark class=\"count\">(5)<\/mark>\t\t<\/h2>\n\t\t<\/a><\/li>\n<li class=\"product-category product\">\n\t<a aria-label=\"Acc\u00e9der \u00e0 la cat\u00e9gorie de produits Pro\" href=\"https:\/\/www.beetasty.be\/nl\/categorie-produit\/pro\/\"><img decoding=\"async\" src=\"https:\/\/www.beetasty.be\/wp-content\/uploads\/woocommerce-placeholder-300x457.png\" alt=\"Pro\" width=\"300\" height=\"457\" \/>\t\t<h2 class=\"woocommerce-loop-category__title\">\n\t\t\tPro <mark class=\"count\">(2)<\/mark>\t\t<\/h2>\n\t\t<\/a><\/li>\n<li class=\"product-category product\">\n\t<a aria-label=\"Acc\u00e9der \u00e0 la cat\u00e9gorie de produits Propolis\" href=\"https:\/\/www.beetasty.be\/fr\/categorie-produit\/propolis\/\"><img decoding=\"async\" src=\"https:\/\/www.beetasty.be\/wp-content\/uploads\/2025\/08\/ChatGPT-Image-9-aout-2025-a-21_01_47-300x457.png\" alt=\"Propolis\" width=\"300\" height=\"457\" \/>\t\t<h2 class=\"woocommerce-loop-category__title\">\n\t\t\tPropolis <mark class=\"count\">(5)<\/mark>\t\t<\/h2>\n\t\t<\/a><\/li>\n<li class=\"product-category product last\">\n\t<a aria-label=\"Acc\u00e9der \u00e0 la cat\u00e9gorie de produits Uncategorized\" href=\"https:\/\/www.beetasty.be\/fr\/categorie-produit\/uncategorized\/\"><img decoding=\"async\" src=\"https:\/\/www.beetasty.be\/wp-content\/uploads\/woocommerce-placeholder-300x457.png\" alt=\"Uncategorized\" width=\"300\" height=\"457\" \/>\t\t<h2 class=\"woocommerce-loop-category__title\">\n\t\t\tUncategorized <mark class=\"count\">(1)<\/mark>\t\t<\/h2>\n\t\t<\/a><\/li>\n<\/ul>\n<\/div><\/p>\n","protected":false},"author":1,"featured_media":0,"parent":0,"menu_order":0,"comment_status":"closed","ping_status":"closed","template":"","meta":{"_acf_changed":false,"_et_pb_use_builder":"on","_et_pb_old_content":"","_et_gb_content_width":"","footnotes":""},"class_list":["post-5","page","type-page","status-publish","hentry"],"acf":[],"_links":{"self":[{"href":"https:\/\/www.beetasty.be\/fr\/wp-json\/wp\/v2\/pages\/5","targetHints":{"allow":["GET"]}}],"collection":[{"href":"https:\/\/www.beetasty.be\/fr\/wp-json\/wp\/v2\/pages"}],"about":[{"href":"https:\/\/www.beetasty.be\/fr\/wp-json\/wp\/v2\/types\/page"}],"author":[{"embeddable":true,"href":"https:\/\/www.beetasty.be\/fr\/wp-json\/wp\/v2\/users\/1"}],"replies":[{"embeddable":true,"href":"https:\/\/www.beetasty.be\/fr\/wp-json\/wp\/v2\/comments?post=5"}],"version-history":[{"count":0,"href":"https:\/\/www.beetasty.be\/fr\/wp-json\/wp\/v2\/pages\/5\/revisions"}],"wp:attachment":[{"href":"https:\/\/www.beetasty.be\/fr\/wp-json\/wp\/v2\/media?parent=5"}],"curies":[{"name":"wp","href":"https:\/\/api.w.org\/{rel}","templated":true}]}}