{"id":496,"date":"2018-09-25T16:09:13","date_gmt":"2018-09-25T14:09:13","guid":{"rendered":"http:\/\/www2.beetasty.be\/?page_id=496"},"modified":"2023-04-01T12:16:44","modified_gmt":"2023-04-01T10:16:44","slug":"miel-bio-en-belgique","status":"publish","type":"page","link":"https:\/\/www.beetasty.be\/fr\/miel-bio-en-belgique\/","title":{"rendered":"Que repr\u00e9sente le miel Bio en Belgique ? Beetasty vous explique."},"content":{"rendered":"<p>[et_pb_section fb_built=&#8221;1&#8243; _builder_version=&#8221;4.16&#8243; global_colors_info=&#8221;{}&#8221;][et_pb_row _builder_version=&#8221;4.16&#8243; global_colors_info=&#8221;{}&#8221;][et_pb_column type=&#8221;4_4&#8243; _builder_version=&#8221;4.16&#8243; custom_padding=&#8221;|||&#8221; global_colors_info=&#8221;{}&#8221; custom_padding__hover=&#8221;|||&#8221;][et_pb_text _builder_version=&#8221;4.16&#8243; global_colors_info=&#8221;{}&#8221;]<\/p>\n<h1 style=\"text-align: center;\"><span style=\"font-size: xx-large;\"><strong>Miel BIO<\/strong><\/span><\/h1>\n<p>[\/et_pb_text][\/et_pb_column][\/et_pb_row][et_pb_row _builder_version=&#8221;4.16&#8243; global_colors_info=&#8221;{}&#8221;][et_pb_column type=&#8221;4_4&#8243; _builder_version=&#8221;4.16&#8243; custom_padding=&#8221;|||&#8221; global_colors_info=&#8221;{}&#8221; custom_padding__hover=&#8221;|||&#8221;][et_pb_text _builder_version=&#8221;4.16&#8243; global_colors_info=&#8221;{}&#8221;]<\/p>\n<h2><strong>Que repr\u00e9sente le miel Bio en Belgique ?<\/strong><\/h2>\n<p>Souvent des gens m&#8217;interpellent au sujet du miel BIO lors des march\u00e9s et foires o\u00f9 je me pr\u00e9sente.<br \/>\n<span style=\"font-size: 14px;\">Qu&#8217;est-ce que c&#8217;est un miel BIO ?<br \/>\n<\/span>Les abeilles sont-elle dress\u00e9es pour aller sur les champs BIO ?<br \/>\nQuelles sont les contraintes ?<br \/>\nQuelles sont les garanties ?<br \/>\nPourquoi si peu de miel BIO produit en Belgique ?<\/p>\n<p>Pour certifier un miel BIO, un apiculteur a quelques contraintes \u2026<br \/>\n[\/et_pb_text][\/et_pb_column][\/et_pb_row][et_pb_row column_structure=&#8221;1_2,1_2&#8243; _builder_version=&#8221;4.16&#8243; global_colors_info=&#8221;{}&#8221;][et_pb_column type=&#8221;1_2&#8243; _builder_version=&#8221;4.16&#8243; custom_padding=&#8221;|||&#8221; global_colors_info=&#8221;{}&#8221; custom_padding__hover=&#8221;|||&#8221;][et_pb_image src=&#8221;https:\/\/www.beetasty.be\/wp-content\/uploads\/2018\/09\/square1.jpg&#8221; alt=&#8221;Miel bio ou pas?&#8221; align_tablet=&#8221;center&#8221; align_phone=&#8221;&#8221; align_last_edited=&#8221;on|desktop&#8221; _builder_version=&#8221;4.16&#8243; border_radii=&#8221;on|10px|10px|10px|10px&#8221; global_colors_info=&#8221;{}&#8221;]&nbsp;<br \/>\n[\/et_pb_image][\/et_pb_column][et_pb_column type=&#8221;1_2&#8243; _builder_version=&#8221;4.16&#8243; custom_padding=&#8221;|||&#8221; global_colors_info=&#8221;{}&#8221; custom_padding__hover=&#8221;|||&#8221;][et_pb_text _builder_version=&#8221;4.20.2&#8243; hover_enabled=&#8221;0&#8243; global_colors_info=&#8221;{}&#8221; sticky_enabled=&#8221;0&#8243;]<\/p>\n<h3>La localisation<\/h3>\n<p><strong>Le rucher doit \u00eatre plac\u00e9 dans un milieu essentiellement BIO<br \/>(rayon de 3 km).<\/strong><\/p>\n<p>Vu la densit\u00e9 du territoir Belge, c&#8217;est une contraite <strong>tr\u00e8s difficile \u00e0 respecter<\/strong>. C&#8217;est s\u00fbrement celle l\u00e0 qui limite tellement la production de miel BIO en Belgique.<br \/>Mis \u00e0 part quelques coins retir\u00e9s dans les cantons de l&#8217;est, dans les ardennes, ou dans la r\u00e9gion de Chimay, tout le territoire est couvert de cultures ou d&#8217;habitations. Alors qu&#8217;en France, il y a de nombreuses zones montagnardes sans culture, et donc correspondant \u00e0 cette contrainte de BIO.<\/p>\n<p>De plus l&#8217;interpr\u00e9tation du mot &#8220;<strong>essentiellement<\/strong>&#8221; diff\u00e8re d&#8217;un pays \u00e0 l&#8217;autre.<br \/>En <strong>France, \u00e7a \u00e9quivaut \u00e0 51%<\/strong>, alors qu&#8217;en <strong>Belgique, \u00e7a \u00e9quivaut \u00e0 99%<\/strong> !!!<br \/>\u00c7a signifie qu&#8217;en Belgique, le territoir autour du rucher doit \u00eatre \u00e0 99% bio, alors qu&#8217;en France, 51% suffisent.<br \/>Ce n&#8217;est pas vraiment \u00e9quitable.<\/p>\n<p>Pour ma part, plusieurs ruchers sont plac\u00e9s en transhumance (de mani\u00e8re temporaire), dans des zones isol\u00e9es.<br \/>Le rucher de Grapefontaine est situ\u00e9 dans des prairies pr\u00e8s de Neufchateau, <strong>loin des zones de culture intensive<\/strong>.<br \/>A La-Roche-En-Ardenne, les ruches sont plac\u00e9es de juin \u00e0 ao\u00fbt en zone foresti\u00e8re, donc loin des champs, dans des coupes \u00e0 blanc.<br \/>Mes ruches sont aussi plac\u00e9es temporairement \u00e0 Houthalen dans une r\u00e9serve naturelle pour produire le miel de Bruy\u00e8re.<br \/>Selon la l\u00e9gislation Fran\u00e7aise, mon miel pourrait \u00eatre qualifi\u00e9 de bio, mais en belgique, vu l&#8217;interpr\u00e9tation du &#8220;essentiellement&#8221; qui <strong>\u00e9quivaut \u00e0 99%, ce n&#8217;est pas possible.<\/strong><\/p>\n<p>[\/et_pb_text][\/et_pb_column][\/et_pb_row][et_pb_row column_structure=&#8221;1_2,1_2&#8243; _builder_version=&#8221;4.16&#8243; global_colors_info=&#8221;{}&#8221;][et_pb_column type=&#8221;1_2&#8243; _builder_version=&#8221;4.16&#8243; custom_padding=&#8221;|||&#8221; global_colors_info=&#8221;{}&#8221; custom_padding__hover=&#8221;|||&#8221;][et_pb_text _builder_version=&#8221;4.16&#8243; global_colors_info=&#8221;{}&#8221;]<\/p>\n<h3>L&#8217;origine des cires<\/h3>\n<p><strong>L&#8217;apiculteur doit utiliser des cires BIO.<\/strong><\/p>\n<p>Le march\u00e9 de la cire est obscure. C&#8217;est un point sur lequel j&#8217;ai \u00e9t\u00e9 attentif d\u00e8s mon installation et c&#8217;est le premier gros investissement que j&#8217;ai fait : un gaufrier \u00e0 cire afin d&#8217;\u00eatre auto-suffisant et de n&#8217;utiliser que la cire de mes abeilles.<br \/>\nNous fournissons aux abeilles des cadres de cire gaufr\u00e9es pour qu&#8217;elles b\u00e2tissent de mani\u00e8re rapide et uniforme.<br \/>\nCes cires gaufr\u00e9es s&#8217;ach\u00e8tent en magasin sans qu&#8217;on n&#8217;en connaisse l&#8217;origine.<br \/>\nElles peuvent contenir des pesticides, de la paraffine, des r\u00e9sidus de traitement \u2026<\/p>\n<p>En investissant dans un gaufrier, j&#8217;ai pu vivre en circuit ferm\u00e9 sans me fournir \u00e0 l&#8217;ext\u00e9rieur.<br \/>\nCe qui signifie que je sais ce qu&#8217;il y a dans mes cires puisque je ne traites pas aux antibiotiques (JAMAIS), ne rajoute pas de paraffine dans mes cires, et j&#8217;ai aussi travaill\u00e9 pour d&#8217;autres apiculteurs qui souhaitent n&#8217;utiliser que leur propre cire.<\/p>\n<p>La cire BIO que certains apiculteurs ach\u00e8tent \u00e0 prix d&#8217;or sans en conna\u00eetre l&#8217;origine pr\u00e9cise et la contenance ne vaut pas la belle cire fabriqu\u00e9e par mes abeilles.<br \/>\n[\/et_pb_text][\/et_pb_column][et_pb_column type=&#8221;1_2&#8243; _builder_version=&#8221;4.16&#8243; custom_padding=&#8221;|||&#8221; global_colors_info=&#8221;{}&#8221; custom_padding__hover=&#8221;|||&#8221;][et_pb_image src=&#8221;https:\/\/www.beetasty.be\/wp-content\/uploads\/2018\/09\/square3.jpg&#8221; alt=&#8221;Et les cires, sont-elle bio ou pas ?&#8221; align_tablet=&#8221;center&#8221; align_phone=&#8221;&#8221; align_last_edited=&#8221;on|desktop&#8221; _builder_version=&#8221;4.16&#8243; border_radii=&#8221;on|10px|10px|10px|10px&#8221; global_colors_info=&#8221;{}&#8221;]&nbsp;<br \/>\n[\/et_pb_image][\/et_pb_column][\/et_pb_row][et_pb_row column_structure=&#8221;1_2,1_2&#8243; _builder_version=&#8221;4.16&#8243; global_colors_info=&#8221;{}&#8221;][et_pb_column type=&#8221;1_2&#8243; _builder_version=&#8221;4.16&#8243; custom_padding=&#8221;|||&#8221; global_colors_info=&#8221;{}&#8221; custom_padding__hover=&#8221;|||&#8221;][et_pb_image src=&#8221;https:\/\/www.beetasty.be\/wp-content\/uploads\/2018\/09\/square2.jpg&#8221; alt=&#8221;Est-ce une butineuse de miel bio ?&#8221; align_tablet=&#8221;center&#8221; align_phone=&#8221;&#8221; align_last_edited=&#8221;on|desktop&#8221; _builder_version=&#8221;4.16&#8243; border_radii=&#8221;on|10px|10px|10px|10px&#8221; global_colors_info=&#8221;{}&#8221;]&nbsp;<br \/>\n[\/et_pb_image][\/et_pb_column][et_pb_column type=&#8221;1_2&#8243; _builder_version=&#8221;4.16&#8243; custom_padding=&#8221;|||&#8221; global_colors_info=&#8221;{}&#8221; custom_padding__hover=&#8221;|||&#8221;][et_pb_text _builder_version=&#8221;4.16&#8243; global_colors_info=&#8221;{}&#8221;]<\/p>\n<h3><strong>Les traitements.<\/strong><\/h3>\n<p>En BIO, seuls les acides organiques sont autoris\u00e9s pour la lutte contre le varroa.<br \/>\nPour ma part je trouve les produits commerciaux tellement cher (et pour une efficacit\u00e9 si limit\u00e9e) que je ne me sers plus que des acides organiques (acide oxalique). Cette mati\u00e8re, associ\u00e9e \u00e0 un blocage de ponte pour avoir une p\u00e9riode dans couvain permet aux abeilles de reprendre un peu le contr\u00f4le de leur ruche.<\/p>\n<h3><strong>Nourrissement<\/strong><\/h3>\n<p>Pendant longtemps, en BIO il \u00e9tait interdit de nourrir les abeilles avec autre chose que du miel.<br \/>\nIl parait que \u00e7a a chang\u00e9 derni\u00e8rement et que les apiculteurs qui doivent nourrir une colonie en urgence peuvent se servir de sucre BIO.<\/p>\n<h3><strong>Quel est l&#8217;int\u00e9r\u00eat de prendre un miel local plut\u00f4t que BIO ?<\/strong><\/h3>\n<p>Un miel local contient les pollens pr\u00e9sents dans votre environnement direct en toute petite doses.<br \/>\nEn consommant ce pollen dans le miel, votre organisme s&#8217;y habitue et \u00e7a r\u00e9duit alors les r\u00e9actions allergiques de l&#8217;organisme vis-\u00e0-vis des pollens.<\/p>\n<p>&nbsp;<br \/>\n[\/et_pb_text][\/et_pb_column][\/et_pb_row][et_pb_row column_structure=&#8221;1_2,1_2&#8243; _builder_version=&#8221;4.16&#8243; global_colors_info=&#8221;{}&#8221;][et_pb_column type=&#8221;1_2&#8243; _builder_version=&#8221;4.16&#8243; custom_padding=&#8221;|||&#8221; global_colors_info=&#8221;{}&#8221; custom_padding__hover=&#8221;|||&#8221;][et_pb_text _builder_version=&#8221;4.20.2&#8243; hover_enabled=&#8221;0&#8243; global_colors_info=&#8221;{}&#8221; sticky_enabled=&#8221;0&#8243;]<\/p>\n<h2><strong>Conclusion<\/strong><\/h2>\n<p>Il est presque <strong>impossible<\/strong> de produire du miel <strong>bio<\/strong> en Belgique. Il n&#8217;y a que deux apiculteurs qui sont arriv\u00e9s \u00e0 en faire, et ils ont du trouver des ruchers tr\u00e8s isol\u00e9s pour pouvoir y parvenir.<\/p>\n<p><span style=\"text-decoration: underline;\">J&#8217;ai d\u00e9cid\u00e9 de ne pas perdre mon \u00e9nergie pour acc\u00e9der \u00e0 ce\u00a0 label<\/span>. Je pr\u00e9f\u00e8re consacrer mon temps \u00e0 veiller sur mes <strong>abeilles (<\/strong>ce qui est mon r\u00f4le). Je pr\u00e9f\u00e8re passer du temps pour leur trouver en emplacement s\u00fbr et propre que de m&#8217;acharner \u00e0 essayer d&#8217;acc\u00e9der \u00e0 un label qui n&#8217;a pas les m\u00eames r\u00e8gles selon le pays producteur.<\/p>\n<p>[\/et_pb_text][\/et_pb_column][et_pb_column type=&#8221;1_2&#8243; _builder_version=&#8221;4.16&#8243; custom_padding=&#8221;|||&#8221; global_colors_info=&#8221;{}&#8221; custom_padding__hover=&#8221;|||&#8221;][et_pb_image src=&#8221;https:\/\/www.beetasty.be\/wp-content\/uploads\/2018\/09\/square4.jpg&#8221; alt=&#8221;Miel bio, o\u00f9 es-tu ?&#8221; align_tablet=&#8221;center&#8221; align_phone=&#8221;&#8221; align_last_edited=&#8221;on|desktop&#8221; _builder_version=&#8221;4.16&#8243; border_radii=&#8221;on|10px|10px|10px|10px&#8221; global_colors_info=&#8221;{}&#8221;]&nbsp;<br \/>\n[\/et_pb_image][\/et_pb_column][\/et_pb_row][\/et_pb_section]<\/p>\n","protected":false},"excerpt":{"rendered":"<p>Miel BIO Que repr\u00e9sente le miel Bio en Belgique ? Souvent des gens m&#8217;interpellent au sujet du miel BIO lors des march\u00e9s et foires o\u00f9 je me pr\u00e9sente. Qu&#8217;est-ce que c&#8217;est un miel BIO ? Les abeilles sont-elle dress\u00e9es pour aller sur les champs BIO ? Quelles sont les contraintes ? Quelles sont les garanties [&hellip;]<\/p>\n","protected":false},"author":2,"featured_media":0,"parent":0,"menu_order":0,"comment_status":"closed","ping_status":"closed","template":"","meta":{"_acf_changed":false,"_et_pb_use_builder":"on","_et_pb_old_content":"","_et_gb_content_width":"","footnotes":""},"class_list":["post-496","page","type-page","status-publish","hentry"],"acf":[],"_links":{"self":[{"href":"https:\/\/www.beetasty.be\/fr\/wp-json\/wp\/v2\/pages\/496","targetHints":{"allow":["GET"]}}],"collection":[{"href":"https:\/\/www.beetasty.be\/fr\/wp-json\/wp\/v2\/pages"}],"about":[{"href":"https:\/\/www.beetasty.be\/fr\/wp-json\/wp\/v2\/types\/page"}],"author":[{"embeddable":true,"href":"https:\/\/www.beetasty.be\/fr\/wp-json\/wp\/v2\/users\/2"}],"replies":[{"embeddable":true,"href":"https:\/\/www.beetasty.be\/fr\/wp-json\/wp\/v2\/comments?post=496"}],"version-history":[{"count":1,"href":"https:\/\/www.beetasty.be\/fr\/wp-json\/wp\/v2\/pages\/496\/revisions"}],"predecessor-version":[{"id":507071,"href":"https:\/\/www.beetasty.be\/fr\/wp-json\/wp\/v2\/pages\/496\/revisions\/507071"}],"wp:attachment":[{"href":"https:\/\/www.beetasty.be\/fr\/wp-json\/wp\/v2\/media?parent=496"}],"curies":[{"name":"wp","href":"https:\/\/api.w.org\/{rel}","templated":true}]}}