{"id":460,"date":"2018-09-25T14:56:11","date_gmt":"2018-09-25T12:56:11","guid":{"rendered":"http:\/\/www2.beetasty.be\/?page_id=460"},"modified":"2020-01-23T21:14:49","modified_gmt":"2020-01-23T20:14:49","slug":"mentions-legales","status":"publish","type":"page","link":"https:\/\/www.beetasty.be\/fr\/mentions-legales\/","title":{"rendered":"BeeTasty &#8211; Mentions l\u00e9gales"},"content":{"rendered":"<p>[et_pb_section fb_built=&#8221;1&#8243; _builder_version=&#8221;3.22&#8243;][et_pb_row _builder_version=&#8221;3.25&#8243;][et_pb_column type=&#8221;4_4&#8243; _builder_version=&#8221;3.25&#8243; custom_padding=&#8221;|||&#8221; custom_padding__hover=&#8221;|||&#8221;][et_pb_text _builder_version=&#8221;3.27.4&#8243;]<\/p>\n<h1 style=\"text-align: center;\"><span style=\"font-size: xx-large;\"><strong>Mentions l\u00e9gales<\/strong><\/span><\/h1>\n<p>[\/et_pb_text][\/et_pb_column][\/et_pb_row][et_pb_row _builder_version=&#8221;3.25&#8243;][et_pb_column type=&#8221;4_4&#8243; _builder_version=&#8221;3.25&#8243; custom_padding=&#8221;|||&#8221; custom_padding__hover=&#8221;|||&#8221;][et_pb_accordion _builder_version=&#8221;3.15&#8243;][et_pb_accordion_item title=&#8221;Cookies&#8221; open=&#8221;on&#8221; _builder_version=&#8221;3.15&#8243;]Les cookies sont de petits fichiers textes enregistr\u00e9s sur votre ordinateur qui permettent \u00e0 notre site de retenir les choix que vous y avez fait pour en faciliter la navigation.<br \/>\nNous utilisons les cookies pour les statistiques, et pour les choix de langues par exemple.<br \/>\n[\/et_pb_accordion_item][et_pb_accordion_item title=&#8221;Collecte des donn\u00e9es personelles&#8221; _builder_version=&#8221;3.15&#8243; open=&#8221;off&#8221;]Les informations personnelles que vous nous transmettez dans le cadre d\u2019une commande sont utilis\u00e9es afin de personnaliser votre exp\u00e9rience de navigation sur notre site, ainsi que pour assurer le bon traitement de votre commande, lutter contre la fraude, livrer les produits, r\u00e9aliser les transactions de paiement et communiquer avec vous au sujet de vos commandes ou encore, vous proposer des offres adapt\u00e9es, via des banni\u00e8res sur des sites tiers (ciblage personnalis\u00e9).<br \/>\nNous utilisons \u00e9galement ces informations aux fins d\u2019\u00e9tudes statistiques.<br \/>\nLors de vos visites sur notre site, nous pouvons vous demander des informations par le biais de questionnaires, formulaires, notamment lors de la cr\u00e9ation de votre compte client.<br \/>\nLes informations demand\u00e9es, signal\u00e9es par un ast\u00e9risque, sont obligatoires.<br \/>\nElles sont n\u00e9cessaires au traitement de vos demandes.<br \/>\nEn cas de non r\u00e9ponse, \u00a0je ne serai pas en mesure de vous livrer.<br \/>\nLes autres informations sont destin\u00e9es \u00e0 mieux vous conna\u00eetre et sont, par cons\u00e9quent, facultatives.<br \/>\nVous \u00eates libre de ne pas y r\u00e9pondre.<br \/>\nLors de la consultation de notre site, des informations relatives \u00e0 votre navigation sont susceptibles d&#8217;\u00eatre enregistr\u00e9es par l\u2019interm\u00e9diaire de fichiers &#8220;Cookies&#8221; install\u00e9s sur votre terminal, afin de nous permettre de vous proposer des offres personnalis\u00e9s, adapt\u00e9es \u00e0 vos centres d\u2019int\u00e9r\u00eats.<br \/>\nVous pouvez refuser l\u2019installation de cookies selon la proc\u00e9dure renseign\u00e9e dans le mode d&#8217;emploi de votre browser.<br \/>\n[\/et_pb_accordion_item][et_pb_accordion_item title=&#8221;Offres commerciales&#8221; _builder_version=&#8221;3.15&#8243; open=&#8221;off&#8221;]Beetasty peut vous adresser des offres commerciales par email ou sms si vous l&#8217;avez accept\u00e9 et par voie postale ou t\u00e9l\u00e9phonique, si vous ne vous y \u00eates pas oppos\u00e9 lors du recueil de vos donn\u00e9es en magasin ou en ligne.<br \/>\nPar ailleurs, si vous passez une commande et n&#8217;avez pas au pr\u00e9alable exprim\u00e9 votre souhait de ne pas recevoir de la prospection commerciale, nous pourrons n\u00e9anmoins utiliser votre email afin de vous adresser des offres commerciales\u00a0personnalis\u00e9es.\u00a0A la fin de chaque message email, vous avez la possibilit\u00e9 de vous d\u00e9sabonner via un lien sp\u00e9cifique.<br \/>\nLes informations collect\u00e9es sont destin\u00e9es \u00e0 Damien Babilon, responsable du traitement.<br \/>\n<strong>Les donn\u00e9es ne seront jamais communiqu\u00e9es \u00e0 des tiers \u00e0 des fins commerciales.<\/strong><br \/>\n[\/et_pb_accordion_item][et_pb_accordion_item title=&#8221; Lutte contre la fraude&#8221; _builder_version=&#8221;3.15&#8243; open=&#8221;off&#8221;]Afin d\u2019assurer la s\u00e9curit\u00e9 des paiements lors des transactions sur le site, d\u2019\u00e9viter les fraudes et ainsi de prot\u00e9ger les consommateurs dans le cadre de la vente \u00e0 distance, j&#8217;ai mis en place les mesures n\u00e9cessaires de lutte contre la fraude et peut \u00eatre amen\u00e9 \u00e0 proc\u00e9der \u00e0 un traitement automatis\u00e9 de certaines de vos donn\u00e9es personnelles, dont la finalit\u00e9 est de contr\u00f4ler, ou faire contr\u00f4ler par ses sous-traitants, les commandes pass\u00e9es sur le Site afin de v\u00e9rifier la r\u00e9gularit\u00e9 des informations qui lui sont transmises lors de celles-ci (partenaire de paiement HiPay).<br \/>\nD\u00e8s lors, si une commande ne pr\u00e9sente pas toutes les garanties n\u00e9cessaires pour assurer un paiement conforme et s\u00e9curis\u00e9, je me r\u00e9serve le droit d\u2019annuler la commande ou de vous demander des informations et documents compl\u00e9mentaires afin de valider la commande.<br \/>\nVous disposez d&#8217;un droit d&#8217;acc\u00e8s, de rectification et de suppression des donn\u00e9es personnelles vous concernant que vous pouvez exercer \u00e0 tout moment en \u00e9crivant \u00e0 Damien Babilon, rue de Maredret, 14b, 5537 Den\u00e9e\u00a0&#8211; Belgique ou par voie \u00e9lectronique au moyen du formulaire &#8221;<span style=\"text-decoration: underline;\">Contactez-nous<\/span>&#8221; du pr\u00e9sent site.<br \/>\nVous pouvez \u00e0 tout moment avoir acc\u00e8s et changer les informations concernant vos coordonn\u00e9es sur le site rubrique &#8221;<span style=\"text-decoration: underline;\">Mon compte<\/span>&#8221;\u00a0(apr\u00e8s connexion).<br \/>\n[\/et_pb_accordion_item][et_pb_accordion_item title=&#8221;S\u00e9curit\u00e9 des paiements&#8221; _builder_version=&#8221;3.15&#8243; open=&#8221;off&#8221;]Nous nous engageons \u00e0 assurer la s\u00e9curit\u00e9 de vos donn\u00e9es \u00e0 caract\u00e8re personnel via des proc\u00e9dures strictes au sein de notre entreprise.<br \/>\nPour les donn\u00e9es collect\u00e9es sur le Site, nous utilisons le protocole s\u00e9curis\u00e9 SSL (Secure Socket Layer) qui vous garantit un haut niveau de protection.<br \/>\nAfin d\u00b4assurer la s\u00e9curit\u00e9 des paiements, Damien Babilon utilise les services des prestataires certifi\u00e9s PCI-DSS.<br \/>\nCette norme est un standard de s\u00e9curit\u00e9 international dont les objectifs sont d\u2019assurer la confidentialit\u00e9 et l\u2019int\u00e9grit\u00e9 des donn\u00e9es des porteurs de cartes, et ainsi de s\u00e9curiser la protection des donn\u00e9es cartes et de transaction.<br \/>\nLorsque vous r\u00e9glez une commande par carte bancaire, notre syst\u00e8me de prise de commande se connecte en temps r\u00e9el avec le syst\u00e8me de nos prestataires de paiement, qui collectent vos donn\u00e9es et proc\u00e8de aux diverses v\u00e9rifications pour \u00e9viter les abus et les fraudes.<br \/>\nLes donn\u00e9es sont stock\u00e9es sur les serveurs de ces prestataires de paiement et ne sont \u00e0 aucun moment transmises sur les serveurs de Beetasty.<br \/>\nAinsi, lorsque vous indiquez votre num\u00e9ro de carte bancaire, les recherches d&#8217;autorisation sont automatiquement transmises en mode crypt\u00e9. Les autorisations et donn\u00e9es sont alors v\u00e9rifi\u00e9es aupr\u00e8s de votre banque afin d&#8217;\u00e9viter les abus et les fraudes.<br \/>\nAfin de pouvoir d\u00e9biter le compte lors de la facturation ou de la cr\u00e9diter suite \u00e0 un retour, nos prestataires de paiement gardent les donn\u00e9es bancaires associ\u00e9es au n\u00b0 d\u2019autorisation, le temps n\u00e9cessaire \u00e0 la r\u00e9alisation de la transaction et au traitement des \u00e9ventuelles r\u00e9clamations (retours, litiges).<br \/>\n[\/et_pb_accordion_item][et_pb_accordion_item title=&#8221;Propri\u00e9t\u00e9 intellectuelle&#8221; _builder_version=&#8221;3.15&#8243; open=&#8221;off&#8221;]Damien Babilon\u00a0d\u00e9tient, se r\u00e9serve et conserve tous les droits de propri\u00e9t\u00e9, notamment intellectuelle, y compris les droits de reproduction sur le pr\u00e9sent site et les \u00e9l\u00e9ments qu&#8217;il contient. En cons\u00e9quence et notamment toute reproduction partielle ou totale du pr\u00e9sent site et des \u00e9l\u00e9ments qu&#8217;il contient est strictement interdite sans autorisation \u00e9crite de Damien Babilon. Les marques, brevets, logos et tous autres signes distinctifs contenus sur ce site sont la propri\u00e9t\u00e9 de Damien Babilon\u00a0ou font l&#8217;objet d&#8217;une autorisation d&#8217;utilisation.<br \/>\n[\/et_pb_accordion_item][et_pb_accordion_item title=&#8221;Exclusion de garantie de responsabilit\u00e9&#8221; _builder_version=&#8221;3.15&#8243; open=&#8221;off&#8221;]L&#8217;utilisateur des sites web www.beetasty.be reconna\u00eet avoir pris connaissance des pr\u00e9sentes conditions d&#8217;utilisation du site et s&#8217;engage \u00e0 les respecter. Damien Babilon\u00a0ne saurait \u00eatre tenue pour responsable des dommages directs ou indirects qui pourraient r\u00e9sulter de l&#8217;acc\u00e8s au site ou de l&#8217;utilisation du site et\/ou de ces informations, y compris l&#8217;inaccessibilit\u00e9, les pertes de donn\u00e9es, d\u00e9t\u00e9riorations, destructions ou virus qui pourraient affecter l&#8217;\u00e9quipement informatique de l&#8217;utilisateur et \/ ou la pr\u00e9sence de virus sur son site. Bien que Damien Babilon\u00a0s&#8217;efforce de fournir un contenu fiable sur son site, il ne garantit pas que son contenu soit exempt d&#8217;inexactitudes ou d&#8217;omissions et ne saurait \u00eatre tenu pour responsable des erreurs ou omissions, d&#8217;une absence de disponibilt\u00e9 des informations et des services. Damien Babilon\u00a0se r\u00e9serve \u00e0 tout moment et sans pr\u00e9avis le droit d&#8217;apporter des am\u00e9liorations et\/ou modifications au contenu de son site. En cons\u00e9quence, l&#8217;utilisateur reconna\u00eet se servir de ces informations sous sa responsabilit\u00e9 exclusive. Toutes les photos pr\u00e9sentes sur le site sont montr\u00e9es \u00e0 titre indicatif et ne sont en aucun cas contractuelles.<br \/>\n[\/et_pb_accordion_item][et_pb_accordion_item title=&#8221;Liens vers d\u2019autres sites&#8221; _builder_version=&#8221;3.15&#8243; open=&#8221;off&#8221;]Le site peut inclure des liens vers d&#8217;autres sites ou d&#8217;autres sources Internet.<br \/>\nDans la mesure o\u00f9 Damien Babilon\u00a0ne peut contr\u00f4ler ces sites et sources externes, et d\u00e9cline ainsi toute responsabilit\u00e9 quand aux contenus, publicit\u00e9s, produits, services ou tout autre mat\u00e9riel disponible sur ou \u00e0 partir de ces sites ou sources externes.<br \/>\nCes liens ont propos\u00e9s aux utilisateurs du site\u00a0beetasty.be\u00a0en tant que service.<br \/>\nLa d\u00e9cision d&#8217;activer les liens vous appartient exclusivement.<br \/>\nNous rappelons que les sites non-affili\u00e9s sont soumis \u00e0 leurs propres conditions d&#8217;utilisation.<br \/>\n[\/et_pb_accordion_item][\/et_pb_accordion][\/et_pb_column][\/et_pb_row][et_pb_row _builder_version=&#8221;4.2.1&#8243;][et_pb_column _builder_version=&#8221;4.2.1&#8243; type=&#8221;4_4&#8243;][et_pb_text _builder_version=&#8221;4.2.1&#8243; hover_enabled=&#8221;0&#8243;]<\/p>\n<p>[privacy_policy]<\/p>\n<p>[\/et_pb_text][\/et_pb_column][\/et_pb_row][\/et_pb_section]<\/p>\n","protected":false},"excerpt":{"rendered":"<p>Mentions l\u00e9gales Les cookies sont de petits fichiers textes enregistr\u00e9s sur votre ordinateur qui permettent \u00e0 notre site de retenir les choix que vous y avez fait pour en faciliter la navigation. Nous utilisons les cookies pour les statistiques, et pour les choix de langues par exemple. Les informations personnelles que vous nous transmettez dans [&hellip;]<\/p>\n","protected":false},"author":2,"featured_media":0,"parent":0,"menu_order":0,"comment_status":"closed","ping_status":"closed","template":"","meta":{"_acf_changed":false,"_et_pb_use_builder":"on","_et_pb_old_content":"","_et_gb_content_width":"","footnotes":""},"class_list":["post-460","page","type-page","status-publish","hentry"],"acf":[],"_links":{"self":[{"href":"https:\/\/www.beetasty.be\/fr\/wp-json\/wp\/v2\/pages\/460","targetHints":{"allow":["GET"]}}],"collection":[{"href":"https:\/\/www.beetasty.be\/fr\/wp-json\/wp\/v2\/pages"}],"about":[{"href":"https:\/\/www.beetasty.be\/fr\/wp-json\/wp\/v2\/types\/page"}],"author":[{"embeddable":true,"href":"https:\/\/www.beetasty.be\/fr\/wp-json\/wp\/v2\/users\/2"}],"replies":[{"embeddable":true,"href":"https:\/\/www.beetasty.be\/fr\/wp-json\/wp\/v2\/comments?post=460"}],"version-history":[{"count":1,"href":"https:\/\/www.beetasty.be\/fr\/wp-json\/wp\/v2\/pages\/460\/revisions"}],"predecessor-version":[{"id":496009,"href":"https:\/\/www.beetasty.be\/fr\/wp-json\/wp\/v2\/pages\/460\/revisions\/496009"}],"wp:attachment":[{"href":"https:\/\/www.beetasty.be\/fr\/wp-json\/wp\/v2\/media?parent=460"}],"curies":[{"name":"wp","href":"https:\/\/api.w.org\/{rel}","templated":true}]}}