{"id":439,"date":"2018-09-25T14:58:40","date_gmt":"2018-09-25T12:58:40","guid":{"rendered":"http:\/\/www2.beetasty.be\/?page_id=439"},"modified":"2020-03-11T12:03:05","modified_gmt":"2020-03-11T11:03:05","slug":"paiement","status":"publish","type":"page","link":"https:\/\/www.beetasty.be\/fr\/paiement\/","title":{"rendered":"BeeTasty &#8211; Paiement"},"content":{"rendered":"<p>[et_pb_section fb_built=&#8221;1&#8243; _builder_version=&#8221;3.10&#8243;][et_pb_row _builder_version=&#8221;3.10&#8243; custom_padding=&#8221;25px|0px|25.375px|0px|false|false&#8221;][et_pb_column type=&#8221;4_4&#8243; _builder_version=&#8221;3.10&#8243; parallax=&#8221;off&#8221; parallax_method=&#8221;on&#8221;][et_pb_text _builder_version=&#8221;3.10&#8243;]<\/p>\n<h1 style=\"text-align: center;\"><span style=\"font-size: xx-large;\"><strong>Paiement<\/strong><\/span><\/h1>\n<p>&nbsp;<\/p>\n<p>Sur notre site, nous vous proposons diff\u00e9rents moyens de paiement s\u00e9curis\u00e9s :<\/p>\n<p>&#8211; Par <strong>virement bancaire<\/strong><\/p>\n<p>&#8211; Par <strong>carte de cr\u00e9dit<\/strong> Mastercard ou Visa (via nos partenaire\u00a0Paypal et Mollie)<\/p>\n<p>&#8211; Par <strong>carte de banque<\/strong> Bancontact, Maestro, ING Home&#8217;Pay, KBC\/CBC Online, Belfius (via notre partenaire Mollie)<\/p>\n<p style=\"text-align: left;\"><img decoding=\"async\" src=\"http:\/\/www2.beetasty.be\/wp-content\/uploads\/2014\/09\/pay-Moyens-de-payement-300x96.png\" width=\"300\" height=\"96\" alt=\"Moyens de payement\" class=\"wp-image-55 alignnone size-medium\" srcset=\"https:\/\/www.beetasty.be\/wp-content\/uploads\/2014\/09\/pay-Moyens-de-payement-300x96.png 300w, https:\/\/www.beetasty.be\/wp-content\/uploads\/2014\/09\/pay-Moyens-de-payement.png 440w\" sizes=\"(max-width: 300px) 100vw, 300px\" \/><\/p>\n<p>[\/et_pb_text][\/et_pb_column][\/et_pb_row][\/et_pb_section]<\/p>\n","protected":false},"excerpt":{"rendered":"<p>Paiement&nbsp;Sur notre site, nous vous proposons diff\u00e9rents moyens de paiement s\u00e9curis\u00e9s :- Par virement bancaire- Par carte de cr\u00e9dit Mastercard ou Visa (via nos partenaire\u00a0Paypal et Mollie)- Par carte de banque Bancontact, Maestro, ING Home&#8217;Pay, KBC\/CBC Online, Belfius (via notre partenaire Mollie)<\/p>\n","protected":false},"author":2,"featured_media":0,"parent":0,"menu_order":0,"comment_status":"closed","ping_status":"closed","template":"","meta":{"_acf_changed":false,"_et_pb_use_builder":"on","_et_pb_old_content":"","_et_gb_content_width":"","footnotes":""},"class_list":["post-439","page","type-page","status-publish","hentry"],"acf":[],"_links":{"self":[{"href":"https:\/\/www.beetasty.be\/fr\/wp-json\/wp\/v2\/pages\/439","targetHints":{"allow":["GET"]}}],"collection":[{"href":"https:\/\/www.beetasty.be\/fr\/wp-json\/wp\/v2\/pages"}],"about":[{"href":"https:\/\/www.beetasty.be\/fr\/wp-json\/wp\/v2\/types\/page"}],"author":[{"embeddable":true,"href":"https:\/\/www.beetasty.be\/fr\/wp-json\/wp\/v2\/users\/2"}],"replies":[{"embeddable":true,"href":"https:\/\/www.beetasty.be\/fr\/wp-json\/wp\/v2\/comments?post=439"}],"version-history":[{"count":1,"href":"https:\/\/www.beetasty.be\/fr\/wp-json\/wp\/v2\/pages\/439\/revisions"}],"predecessor-version":[{"id":498649,"href":"https:\/\/www.beetasty.be\/fr\/wp-json\/wp\/v2\/pages\/439\/revisions\/498649"}],"wp:attachment":[{"href":"https:\/\/www.beetasty.be\/fr\/wp-json\/wp\/v2\/media?parent=439"}],"curies":[{"name":"wp","href":"https:\/\/api.w.org\/{rel}","templated":true}]}}